{"id":8996,"date":"2022-08-23T14:20:54","date_gmt":"2022-08-23T14:20:54","guid":{"rendered":"https:\/\/www.muething.com\/?page_id=8996"},"modified":"2024-09-09T06:49:03","modified_gmt":"2024-09-09T06:49:03","slug":"home","status":"publish","type":"page","link":"https:\/\/www.muething.com\/fr\/","title":{"rendered":"Accueil"},"content":{"rendered":"\n\n\n\n\n<div style=\"height:100px\" aria-hidden=\"true\" id=\"unsereMulcher\" class=\"wp-block-spacer\"><\/div>\n\n\n\n<div class=\"wp-block-columns headline-container is-layout-flex wp-container-core-columns-is-layout-9d6595d7 wp-block-columns-is-layout-flex\">\n<div class=\"wp-block-column is-layout-flow wp-block-column-is-layout-flow\">\n<h2 class=\"wp-block-heading\">Nos broyeurs-mulcheurs<\/h2>\n<\/div>\n<\/div>\n\n\n\n<div class=\"wp-block-columns alignfull is-layout-flex wp-container-core-columns-is-layout-9d6595d7 wp-block-columns-is-layout-flex\" id=\"einsatzgebieteStart\">\n<div class=\"wp-block-column is-layout-flow wp-block-column-is-layout-flow\">\n<div class=\"layoutDreispaltig layoutNurTitel\">\n<div class=\"titelspalte-1 spaltenlayout-spalte spaltenlayout-titelspalte\"><\/div>\n<div class=\"titelspalte-2 spaltenlayout-spalte spaltenlayout-titelspalte\"><h2 class=\"bold-font\">Tous les domaines d&rsquo;utilisation<\/h2><\/div>\n<div class=\"titelspalte-3 spaltenlayout-spalte spaltenlayout-titelspalte\"><\/div>\n<\/div>\n\n\n\n<!--<div class=\"layoutDreispaltig layoutEinsatzgebiete\">\n<div class=\"titelspalte-1 spaltenlayout-spalte spaltenlayout-titelspalte\" id=\"landwirtschaft\"><h2 class=\"bold-font\">Landwirtschaft<\/h2><\/div>\n<div class=\"titelspalte-2 spaltenlayout-spalte spaltenlayout-titelspalte\"><h2 class=\"bold-font\">Arealpflege<\/h2><\/div>\n<div class=\"titelspalte-3 spaltenlayout-spalte spaltenlayout-titelspalte\"><h2 class=\"bold-font\">Sonderkulturen<\/h2><\/div>\n<div class=\"contentspalte-1 spaltenlayout-spalte spaltenlayout-contentspalte\"><\/div>\n<div class=\"contentspalte-2 spaltenlayout-spalte spaltenlayout-contentspalte\"><\/div>\n<div class=\"contentspalte-3 spaltenlayout-spalte spaltenlayout-contentspalte\"><\/div>\n<\/div>-->\n\n\n\n<div class=\"layoutDreispaltig layoutEinsatzgebiete\">\n<div class=\"spaltencontainer\" id=\"kachellinkLandwirtschaft\">\n<div class=\"titelspalte-1 spaltenlayout-spalte spaltenlayout-titelspalte\" id=\"landwirtschaft\"><h2 class=\"bold-font\">Agriculture<\/h2><\/div>\n<div class=\"contentspalte-1 spaltenlayout-spalte spaltenlayout-contentspalte\"><\/div>\n<\/div>\n<div class=\"spaltencontainer\" id=\"kachellinkArealpflege\">\n<div class=\"titelspalte-2 spaltenlayout-spalte spaltenlayout-titelspalte\"><h2 class=\"bold-font\">Entretien des surfaces<\/h2><\/div>\n<div class=\"contentspalte-2 spaltenlayout-spalte spaltenlayout-contentspalte\"><\/div>\n<\/div>\n<div class=\"spaltencontainer\" id=\"kachellinkSonderkulturen\">\n<div class=\"titelspalte-3 spaltenlayout-spalte spaltenlayout-titelspalte\"><h2 class=\"bold-font\">Cultures sp\u00e9cialis\u00e9es<\/h2><\/div>\n<div class=\"contentspalte-3 spaltenlayout-spalte spaltenlayout-contentspalte\"><\/div>\n<\/div>\n<\/div>\n<\/div>\n<\/div>\n\n\n\n<div class=\"wp-block-columns home_Terminabschnitt is-layout-flex wp-container-core-columns-is-layout-9d6595d7 wp-block-columns-is-layout-flex\">\n<div class=\"wp-block-column is-layout-flow wp-block-column-is-layout-flow\">\n<h3 class=\"wp-block-heading\">Pourquoi les broyeurs M\u00fcthing sont-ils plus efficaces<\/h3>\n\n\n\n<p class=\"h3-like\">Riche en d\u00e9tails judicieux, un broyeur M\u00fcthing est l&rsquo;alli\u00e9 id\u00e9al pour l&rsquo;entretien de vos terres.<\/p>\n\n\n\n<div class=\"wp-block-buttons is-layout-flex wp-block-buttons-is-layout-flex\">\n<div class=\"wp-block-button arrow-button\"><a class=\"wp-block-button__link has-contrast-color has-base-3-background-color has-text-color has-background wp-element-button\" href=\"https:\/\/www.muething.com\/fr\/le-mulching-dans-lagriculture\/\" style=\"border-radius:0px\">En savoir plus&nbsp;: Pourquoi opter pour M\u00fcthing&nbsp;?<\/a><\/div>\n<\/div>\n\n\n\n<div style=\"height:40px\" aria-hidden=\"true\" class=\"wp-block-spacer\"><\/div>\n\n\n\n<div class=\"wp-block-columns is-layout-flex wp-container-core-columns-is-layout-9d6595d7 wp-block-columns-is-layout-flex\">\n<div class=\"wp-block-column is-layout-flow wp-block-column-is-layout-flow\" style=\"flex-basis:50%\">\n<p class=\"bold-font h2-size\">D\u00e9couvrez nos broyeurs-mulcheurs en live&nbsp;!<br>Dates des salons&nbsp;:<\/p>\n\n\n\n<div class=\"wp-block-buttons is-layout-flex wp-block-buttons-is-layout-flex\">\n<div class=\"wp-block-button alignleft is-style-fill arrow-button\"><a class=\"wp-block-button__link has-contrast-color has-accent-background-color has-text-color has-background wp-element-button\" href=\"https:\/\/www.muething.com\/fr\/salons-professionnels\/\" style=\"border-radius:0px\">Trouvez maintenant un \u00e9v\u00e9nement pr\u00e8s de chez vous<\/a><\/div>\n<\/div>\n<\/div>\n\n\n\n<div class=\"wp-block-column is-layout-flow wp-block-column-is-layout-flow\" style=\"flex-basis:50%\">\n<figure class=\"wp-block-image size-full\"><img loading=\"lazy\" decoding=\"async\" width=\"1200\" height=\"904\" src=\"https:\/\/www.muething.com\/wp-content\/uploads\/2023\/08\/Muething-Vario_Mulcher_landwirtschaft-e1692782127225.png\" alt=\"\" class=\"wp-image-5231\"\/><\/figure>\n<\/div>\n<\/div>\n<\/div>\n<\/div>\n\n\n\n<div class=\"wp-block-columns alignfull home_wissensSektion borderTop_thick no_marginBottom has-contrast-background-color has-background is-layout-flex wp-container-core-columns-is-layout-9d6595d7 wp-block-columns-is-layout-flex\" id=\"horizonterweitern-start\">\n<div class=\"wp-block-column is-layout-flow wp-block-column-is-layout-flow\">\n<div class=\"wp-block-columns alignfull vollbild-HG is-layout-flex wp-container-core-columns-is-layout-9d6595d7 wp-block-columns-is-layout-flex\">\n<div class=\"wp-block-column backgroundGradient_darken is-layout-flow wp-block-column-is-layout-flow\">\n<div class=\"wp-block-columns layoutZweispaltig_containedInFullwidth is-layout-flex wp-container-core-columns-is-layout-9d6595d7 wp-block-columns-is-layout-flex\">\n<div class=\"wp-block-column is-layout-flow wp-block-column-is-layout-flow\">\n<div class=\"quoteHorizon white-font\"><div class=\"quoteLine1\">\u00ab\u00a0Pourquoi ne pas tout simplement \u00e9largir <\/div><div class=\"quoteLine2 h2-size uppercase bold-font\">votre horizon\u00a0?\u00a0\u00bb<\/div><\/div>\n<\/div>\n\n\n\n<div class=\"wp-block-column is-layout-flow wp-block-column-is-layout-flow\"><\/div>\n<\/div>\n<\/div>\n<\/div>\n\n\n\n<div class=\"FullwidthContainingContained\">\n<div class=\"Info-Kreis-StoererContainer StoererBildUnten\">\n<div class=\"Info-Kreis-Stoerer StoererBildUnten\">\n<div class=\"StoererStichpunkte white-font\">\n<h3>Avantages<\/h3>\n<dl><dd>meilleur couvert organique<\/dd><dd>plus riche en humus<\/dd><dd>engrais gratuit<\/dd><\/dl>\n<\/div>\n<img decoding=\"async\" src=\"\/wp-content\/uploads\/2023\/11\/shutterstock_244084768_trim-neu.png\" alt=\"Structure du sol sous les c\u00e9r\u00e9ales, vue en coupe\"\/>\n<\/div>\n<\/div>\n<\/div>\n\n\n\n<div class=\"wp-block-columns textBoxContainer_containedInFullwidth is-layout-flex wp-container-core-columns-is-layout-9d6595d7 wp-block-columns-is-layout-flex\">\n<div class=\"wp-block-column textBox OutlineYellow white-font has-base-3-color has-text-color is-layout-flow wp-block-column-is-layout-flow\">\n<h3 class=\"wp-block-heading headline_noBorder has-base-3-color has-text-color\">Tout savoir sur le sol et l&rsquo;humus<\/h3>\n\n\n\n<hr class=\"wp-block-separator has-text-color has-accent-color has-alpha-channel-opacity has-accent-background-color has-background dividerShort\"\/>\n\n\n\n<p>On se tient dessus, on marche dessus, on se couche dessus. Mais personne ou presque ne se soucie de savoir ce qui se passe en dessous. Hormis peut-\u00eatre ceux qui travaillent le sol. Et m\u00eame eux en savent h\u00e9las souvent trop peu sur ce que l&rsquo;on appelle commun\u00e9ment la terre. En fait, par Terre M\u00e8re, nous entendons notre plan\u00e8te. Mais on pourrait aussi parler du sol au regard de la vie qu&rsquo;elle contient et combien de vies elle alimente en surface.<\/p>\n\n\n\n<p>Le principal composant du sol est l&rsquo;humus qui r\u00e9sulte de l&rsquo;humification et de la d\u00e9gradation des mati\u00e8res organiques. Cette d\u00e9composition s&rsquo;obtient aussi sous l&rsquo;action d&rsquo;\u00eatres vivants tels que des vers de terre ou des larves. Plus ces \u00eatres vivants re\u00e7oivent de nourriture, plus ils produisent de l&rsquo;humus. La fertilit\u00e9 du sol est ainsi favoris\u00e9e, voire augment\u00e9e. Le mulching fournit une nourriture abondante \u00e0 ces organismes vivants dans le sol et assure par cons\u00e9quent la formation d&rsquo;humus. Le mulching n&rsquo;apporte pas d&rsquo;engrais, mais gr\u00e2ce \u00e0 l&rsquo;action des organismes pr\u00e9sents dans le sol, il a le m\u00eame r\u00f4le. Il a aussi une action b\u00e9n\u00e9fique pour tous les organismes vivant dans le sol.<\/p>\n\n\n\n<div class=\"wp-block-buttons is-layout-flex wp-block-buttons-is-layout-flex\">\n<div class=\"wp-block-button alignleft is-style-fill h2-like-button white-arrow-link\"><a class=\"wp-block-button__link has-base-3-color has-text-color wp-element-button\" href=\"https:\/\/www.muething.com\/fr\/a-savoir\/\" style=\"border-radius:0px\">Plus d&rsquo;informations ici<\/a><\/div>\n<\/div>\n<\/div>\n<\/div>\n<\/div>\n<\/div>\n\n\n\n<div class=\"wp-block-columns alignfull home_ueberMuething borderTop_thick no_marginBottom is-layout-flex wp-container-core-columns-is-layout-9d6595d7 wp-block-columns-is-layout-flex\">\n<div class=\"wp-block-column FullwidthContainingContained is-layout-flow wp-block-column-is-layout-flow\">\n<div class=\"wp-block-columns containedInFullwidth is-layout-flex wp-container-core-columns-is-layout-9d6595d7 wp-block-columns-is-layout-flex\">\n<div class=\"wp-block-column is-layout-flow wp-block-column-is-layout-flow\">\n<h3 class=\"wp-block-heading\">Nos exp\u00e9riences \u2013 notre motivation<\/h3>\n\n\n\n<p>L&rsquo;entreprise familiale a \u00e9t\u00e9 fond\u00e9e en 1898. Depuis 1998, nous sommes leaders en mati\u00e8re de d\u00e9veloppement de techniques de mulching innovantes. Forts de plus de 120&nbsp;ans de tradition depuis 4&nbsp;g\u00e9n\u00e9rations, nous misons sur le succ\u00e8s \u00e0 long terme avec passion, exp\u00e9rience et esprit d&rsquo;innovation.<\/p>\n\n\n\n<div class=\"wp-block-buttons is-layout-flex wp-block-buttons-is-layout-flex\">\n<div class=\"wp-block-button alignleft is-style-fill white-arrow-link\"><a class=\"wp-block-button__link has-base-3-color has-text-color wp-element-button\" href=\"https:\/\/www.muething.com\/fr\/qui-est-muething\/\" style=\"border-radius:0px\">Apprenez-en plus sur M\u00fcthing<\/a><\/div>\n<\/div>\n<\/div>\n\n\n\n<div class=\"wp-block-column is-layout-flow wp-block-column-is-layout-flow\"><\/div>\n<\/div>\n<\/div>\n<\/div>\n\n\n\n<div class=\"wp-block-columns alignfull home_MuethingWeltweit FullwidthContainingContained borderTop_thick no_marginBottom is-layout-flex wp-container-core-columns-is-layout-9d6595d7 wp-block-columns-is-layout-flex\">\n<div class=\"wp-block-column containedInFullwidth is-layout-flow wp-block-column-is-layout-flow\">\n<div class=\"wp-block-columns is-layout-flex wp-container-core-columns-is-layout-9d6595d7 wp-block-columns-is-layout-flex\">\n<div class=\"wp-block-column is-layout-flow wp-block-column-is-layout-flow\">\n<h3 class=\"wp-block-heading\">M\u00fcthing dans le monde \u2013 nos distributeurs<\/h3>\n\n\n\n<div class=\"wp-block-buttons is-layout-flex wp-block-buttons-is-layout-flex\">\n<div class=\"wp-block-button alignleft is-style-fill black-arrow-link\"><a class=\"wp-block-button__link wp-element-button\" href=\"https:\/\/www.muething.com\/fr\/distributeurs\/\" style=\"border-radius:0px\">Nous sommes l\u00e0 o\u00f9 vous avez besoin de nous.<br>Cliquez ici pour acc\u00e9der aux partenaires de distribution.<\/a><\/div>\n<\/div>\n<\/div>\n<\/div>\n\n\n\n<figure class=\"wp-block-image alignfull size-full\"><img loading=\"lazy\" decoding=\"async\" width=\"2560\" height=\"963\" src=\"https:\/\/www.muething.com\/wp-content\/uploads\/2023\/11\/weltkugel-muething-scaled.jpg\" alt=\"\" class=\"wp-image-7422\" srcset=\"https:\/\/www.muething.com\/wp-content\/uploads\/2023\/11\/weltkugel-muething-scaled.jpg 2560w, https:\/\/www.muething.com\/wp-content\/uploads\/2023\/11\/weltkugel-muething-300x113.jpg 300w, https:\/\/www.muething.com\/wp-content\/uploads\/2023\/11\/weltkugel-muething-1024x385.jpg 1024w, https:\/\/www.muething.com\/wp-content\/uploads\/2023\/11\/weltkugel-muething-768x289.jpg 768w, https:\/\/www.muething.com\/wp-content\/uploads\/2023\/11\/weltkugel-muething-1536x578.jpg 1536w, https:\/\/www.muething.com\/wp-content\/uploads\/2023\/11\/weltkugel-muething-2048x770.jpg 2048w\" sizes=\"auto, (max-width: 2560px) 100vw, 2560px\" \/><\/figure>\n<\/div>\n<\/div>\n\n\n\n\n\n\n<div class=\"wp-block-columns alignfull FullwidthContainingContained no_marginBottom borderTop_thick has-contrast-background-color has-background is-layout-flex wp-container-core-columns-is-layout-9d6595d7 wp-block-columns-is-layout-flex\" id=\"start-messen\">\n<div class=\"wp-block-column messe-container is-layout-flow wp-block-column-is-layout-flow\">\n<div style=\"height:40px\" aria-hidden=\"true\" class=\"wp-block-spacer\"><\/div>\n\n\n\n<div class=\"messen-pfeil\"><img decoding=\"async\" src=\"\/wp-content\/uploads\/2022\/12\/Muething_Messe-Pfeil_dark.svg\"\/><h2>Salons<br\/><script>document.write( new Date().getFullYear() );<\/script>\/<script>document.write( new Date().getFullYear()+1 );<\/script><\/h2><\/div>\n\n\n\n<div class=\"messen-header\"><h1>Salons <script>document.write( new Date().getFullYear() );<\/script> \/ <script>document.write( new Date().getFullYear()+1 );<\/script><\/h1><\/div>\n\n\n\n<div class=\"mec-wrap mec-skin-list-container  \" id=\"mec_skin_2969\">\r\n\r\n    \r\n            <div class=\"mec-skin-list-events-container\" id=\"mec_skin_events_2969\">\r\n        <div class=\"mec-wrap colorskin-custom\">\r\n\t<div class=\"mec-event-list-modern\">\r\n\t\t\r\n            \r\n                        <article class=\"mec-event-article  mec-clear  mec-divider-toggle mec-toggle-202604-2969\" itemscope>\r\n                                    <div class=\"col-md-2 col-sm-2\">\r\n\r\n                                                <div class=\"mec-event-date\">\r\n                            <div class=\"event-d mec-color mec-multiple-dates\">\r\n                                16 -\r\n                                20                            <\/div>\r\n                            <div class=\"event-f\">avril<\/div>\r\n                            <div class=\"event-da\">2026<\/div>\r\n                        <\/div>\r\n                                            <\/div>\r\n                    <div class=\"col-md-6 col-sm-6\">\r\n                                                                        <h4 class=\"mec-event-title\">Agrarschau Allg\u00e4u 2026<\/h4>\r\n                                                <div class=\"mec-event-detail\">\r\n                            <div class=\"mec-event-loc-place\">Dietmannsried i. Allg\u00e4u<\/div>\r\n                                                                                                                                        <\/div>\r\n                        <ul class=\"mec-event-sharing\"><\/ul>\r\n                    <\/div>\r\n                    <div class=\"col-md-4 col-sm-4 mec-btn-wrapper\">\r\n                                                                                            <\/div>\r\n                            <\/article>\r\n            \t\t\r\n            \r\n                        <article class=\"mec-event-article  mec-clear  mec-divider-toggle mec-toggle-202609-2969\" itemscope>\r\n                                    <div class=\"col-md-2 col-sm-2\">\r\n\r\n                                                <div class=\"mec-event-date\">\r\n                            <div class=\"event-d mec-color mec-multiple-dates\">\r\n                                03 -\r\n                                06                            <\/div>\r\n                            <div class=\"event-f\">septembre<\/div>\r\n                            <div class=\"event-da\">2026<\/div>\r\n                        <\/div>\r\n                                            <\/div>\r\n                    <div class=\"col-md-6 col-sm-6\">\r\n                                                                        <h4 class=\"mec-event-title\">Norla 2025<\/h4>\r\n                                                <div class=\"mec-event-detail\">\r\n                            <div class=\"mec-event-loc-place\">FoireRendsburg | Rendsburg, DE<\/div>\r\n                                                                                                                                        <\/div>\r\n                        <ul class=\"mec-event-sharing\"><\/ul>\r\n                    <\/div>\r\n                    <div class=\"col-md-4 col-sm-4 mec-btn-wrapper\">\r\n                                                                                            <\/div>\r\n                            <\/article>\r\n            \t\t\r\n            \r\n                        <article class=\"mec-event-article  mec-clear  mec-divider-toggle mec-toggle-202609-2969\" itemscope>\r\n                                    <div class=\"col-md-2 col-sm-2\">\r\n\r\n                                                <div class=\"mec-event-date\">\r\n                            <div class=\"event-d mec-color mec-multiple-dates\">\r\n                                15 -\r\n                                18                            <\/div>\r\n                            <div class=\"event-f\">septembre<\/div>\r\n                            <div class=\"event-da\">2026<\/div>\r\n                        <\/div>\r\n                                            <\/div>\r\n                    <div class=\"col-md-6 col-sm-6\">\r\n                                                                        <h4 class=\"mec-event-title\">GaLaBau 2026<\/h4>\r\n                                                <div class=\"mec-event-detail\">\r\n                            <div class=\"mec-event-loc-place\">Messezentrum N\u00fcrnberg | N\u00fcrnberg, DE<\/div>\r\n                                                                                                                                        <\/div>\r\n                        <ul class=\"mec-event-sharing\"><\/ul>\r\n                    <\/div>\r\n                    <div class=\"col-md-4 col-sm-4 mec-btn-wrapper\">\r\n                                                                                            <\/div>\r\n                            <\/article>\r\n            \t\t\r\n            \r\n                        <article class=\"mec-event-article  mec-clear  mec-divider-toggle mec-toggle-202610-2969\" itemscope>\r\n                                    <div class=\"col-md-2 col-sm-2\">\r\n\r\n                                                <div class=\"mec-event-date\">\r\n                            <div class=\"event-d mec-color mec-multiple-dates\">\r\n                                06 -\r\n                                09                            <\/div>\r\n                            <div class=\"event-f\">octobre<\/div>\r\n                            <div class=\"event-da\">2026<\/div>\r\n                        <\/div>\r\n                                            <\/div>\r\n                    <div class=\"col-md-6 col-sm-6\">\r\n                                                                        <h4 class=\"mec-event-title\">Sommet de l&rsquo;\u00e9levage 2026<\/h4>\r\n                                                <div class=\"mec-event-detail\">\r\n                            <div class=\"mec-event-loc-place\">La Grande Halle d&#039;Auvergne | Cournon-d&#039;Auvergne, FR<\/div>\r\n                                                                                                                                        <\/div>\r\n                        <ul class=\"mec-event-sharing\"><\/ul>\r\n                    <\/div>\r\n                    <div class=\"col-md-4 col-sm-4 mec-btn-wrapper\">\r\n                                                                                            <\/div>\r\n                            <\/article>\r\n            \t\t\t<\/div>\r\n<\/div>\r\n\r\n    <\/div>\r\n    <div class=\"mec-skin-list-no-events-container mec-util-hidden\" id=\"mec_skin_no_events_2969\">\r\n        Aucun \u00e9v\u00e9nement trouv\u00e9 !    <\/div>\r\n    \r\n    \r\n<\/div>\r\n\n\n\n\n<div style=\"height:20px\" aria-hidden=\"true\" class=\"wp-block-spacer\"><\/div>\n\n\n\n<div class=\"wp-block-buttons is-layout-flex wp-block-buttons-is-layout-flex\">\n<div class=\"wp-block-button alignleft is-style-fill arrow-button fullwidth-button\"><a class=\"wp-block-button__link has-contrast-color has-accent-background-color has-text-color has-background wp-element-button\" href=\"https:\/\/www.muething.com\/en\/?page_id=8495\" style=\"border-radius:0px\">Salons<\/a><\/div>\n<\/div>\n\n\n\n<div style=\"height:40px\" aria-hidden=\"true\" class=\"wp-block-spacer\"><\/div>\n<\/div>\n<\/div>\n\n\n\n\n\n\n\n<script>\ndocument.getElementById('kachellinkLandwirtschaft').addEventListener('click', function() {\n    window.open('\/produktuebersicht\/#landwirtschaft', '_self');\n}, false);\ndocument.getElementById('kachellinkArealpflege').addEventListener('click', function() {\n    window.open('\/produktuebersicht\/#arealpflege', '_self');\n}, false);\ndocument.getElementById('kachellinkSonderkulturen').addEventListener('click', function() {\n    window.open('\/produktuebersicht\/#sonderkulturen', '_self');\n}, false);\n<\/script>\n","protected":false},"excerpt":{"rendered":"<p>Nos broyeurs-mulcheurs Tous les domaines d&rsquo;utilisation Agriculture Entretien des surfaces Cultures sp\u00e9cialis\u00e9es Pourquoi les broyeurs M\u00fcthing sont-ils plus efficaces Riche en d\u00e9tails judicieux, un broyeur M\u00fcthing est l&rsquo;alli\u00e9 id\u00e9al pour l&rsquo;entretien de vos terres. D\u00e9couvrez nos broyeurs-mulcheurs en live&nbsp;!Dates des salons&nbsp;: \u00ab\u00a0Pourquoi ne pas tout simplement \u00e9largir votre horizon\u00a0?\u00a0\u00bb Avantages meilleur couvert organique plus riche &#8230; <\/p>\n<p class=\"read-more-container\"><a title=\"Sommet de l&rsquo;\u00e9levage 2026\" class=\"read-more button\" href=\"https:\/\/www.muething.com\/fr\/events\/sommet-de-lelevage\/#more-12293\" aria-label=\"En savoir plus sur Sommet de l&rsquo;\u00e9levage 2026\">Mehr erfahren<\/a><\/p>\n","protected":false},"author":1,"featured_media":0,"parent":0,"menu_order":0,"comment_status":"closed","ping_status":"closed","template":"","meta":{"inline_featured_image":false,"footnotes":""},"class_list":["post-8996","page","type-page","status-publish","hentry","infinite-scroll-item"],"aioseo_notices":[],"_links":{"self":[{"href":"https:\/\/www.muething.com\/fr\/wp-json\/wp\/v2\/pages\/8996","targetHints":{"allow":["GET"]}}],"collection":[{"href":"https:\/\/www.muething.com\/fr\/wp-json\/wp\/v2\/pages"}],"about":[{"href":"https:\/\/www.muething.com\/fr\/wp-json\/wp\/v2\/types\/page"}],"author":[{"embeddable":true,"href":"https:\/\/www.muething.com\/fr\/wp-json\/wp\/v2\/users\/1"}],"replies":[{"embeddable":true,"href":"https:\/\/www.muething.com\/fr\/wp-json\/wp\/v2\/comments?post=8996"}],"version-history":[{"count":16,"href":"https:\/\/www.muething.com\/fr\/wp-json\/wp\/v2\/pages\/8996\/revisions"}],"predecessor-version":[{"id":12272,"href":"https:\/\/www.muething.com\/fr\/wp-json\/wp\/v2\/pages\/8996\/revisions\/12272"}],"wp:attachment":[{"href":"https:\/\/www.muething.com\/fr\/wp-json\/wp\/v2\/media?parent=8996"}],"curies":[{"name":"wp","href":"https:\/\/api.w.org\/{rel}","templated":true}]}}