{"id":11611,"date":"2024-05-17T13:18:06","date_gmt":"2024-05-17T13:18:06","guid":{"rendered":"https:\/\/www.muething.com\/our-front-choppers\/"},"modified":"2024-07-25T13:22:21","modified_gmt":"2024-07-25T13:22:21","slug":"notre-broyeur_sous-fleche","status":"publish","type":"page","link":"https:\/\/www.muething.com\/fr\/notre-broyeur_sous-fleche\/","title":{"rendered":"Notre broyeur sous-fleche"},"content":{"rendered":"\n<div style=\"height:40px\" aria-hidden=\"true\" id=\"unsereMulcher\" class=\"wp-block-spacer\"><\/div>\n\n\n\n<div class=\"wp-block-columns headline-container is-layout-flex wp-container-core-columns-is-layout-9d6595d7 wp-block-columns-is-layout-flex\">\n<div class=\"wp-block-column is-layout-flow wp-block-column-is-layout-flow\">\n<h2 class=\"wp-block-heading\">Notre broyeur sous-fleche<\/h2>\n<\/div>\n<\/div>\n\n\n\n<div class=\"wp-block-columns alignfull no_marginBottom is-layout-flex wp-container-core-columns-is-layout-9d6595d7 wp-block-columns-is-layout-flex\" id=\"vorbauhaeckslerAuswahl\">\n<div class=\"wp-block-column is-layout-flow wp-block-column-is-layout-flow\">\n<div class=\"layoutDreispaltig layoutNurTitel\">\n<div class=\"titelspalte-1 spaltenlayout-spalte spaltenlayout-titelspalte\"><\/div>\n<div class=\"titelspalte-2 spaltenlayout-spalte spaltenlayout-titelspalte\"><h2 class=\"bold-font\">Broyeur sous-fleche MZO<\/h2><\/div>\n<div class=\"titelspalte-3 spaltenlayout-spalte spaltenlayout-titelspalte\"><\/div>\n<\/div>\n\n\n\n<!--<div class=\"layoutDreispaltig layoutEinsatzgebiete\">\n<div class=\"titelspalte-1 spaltenlayout-spalte spaltenlayout-titelspalte\" id=\"landwirtschaft\"><h2 class=\"bold-font\">Landwirtschaft<\/h2><\/div>\n<div class=\"titelspalte-2 spaltenlayout-spalte spaltenlayout-titelspalte\"><h2 class=\"bold-font\">Arealpflege<\/h2><\/div>\n<div class=\"titelspalte-3 spaltenlayout-spalte spaltenlayout-titelspalte\"><h2 class=\"bold-font\">Sonderkulturen<\/h2><\/div>\n<div class=\"contentspalte-1 spaltenlayout-spalte spaltenlayout-contentspalte\"><\/div>\n<div class=\"contentspalte-2 spaltenlayout-spalte spaltenlayout-contentspalte\"><\/div>\n<div class=\"contentspalte-3 spaltenlayout-spalte spaltenlayout-contentspalte\"><\/div>\n<\/div>-->\n\n\n\n<div class=\"layoutZweispaltig layoutVorbauhaecksler\" style=\"display: none;\">\n<div class=\"spaltencontainer\" id=\"kachellinkFendt\">\n<div class=\"titelspalte-1 spaltenlayout-spalte spaltenlayout-titelspalte\" id=\"landwirtschaft\"><h2 class=\"bold-font\">Agriculture<\/h2><\/div>\n<div class=\"contentspalte-1 spaltenlayout-spalte spaltenlayout-contentspalte\"><\/div>\n<\/div>\n<div class=\"spaltencontainer\" id=\"kachellinkNewholland\">\n<div class=\"titelspalte-2 spaltenlayout-spalte spaltenlayout-titelspalte\"><h2 class=\"bold-font\">Entretien des surfaces<\/h2><\/div>\n<div class=\"contentspalte-2 spaltenlayout-spalte spaltenlayout-contentspalte\"><\/div>\n<\/div>\n<div class=\"spaltencontainer\" id=\"kachellinkFendt\">\n<div class=\"titelspalte-3 spaltenlayout-spalte spaltenlayout-titelspalte\" id=\"landwirtschaft\"><h2 class=\"bold-font\">Agriculture<\/h2><\/div>\n<div class=\"contentspalte-3 spaltenlayout-spalte spaltenlayout-contentspalte\"><\/div>\n<\/div>\n<div class=\"spaltencontainer\" id=\"kachellinkNewholland\">\n<div class=\"titelspalte-4 spaltenlayout-spalte spaltenlayout-titelspalte\"><h2 class=\"bold-font\">Entretien des surfaces<\/h2><\/div>\n<div class=\"contentspalte-4 spaltenlayout-spalte spaltenlayout-contentspalte\"><\/div>\n<\/div>\n\n<\/div>\n<\/div>\n<\/div>\n\n\n\n<div class=\"wp-block-columns alignfull no_marginBottom is-layout-flex wp-container-core-columns-is-layout-9d6595d7 wp-block-columns-is-layout-flex\" id=\"vorbauhaeckslerAuswahl-filter\">\n<div class=\"wp-block-column is-layout-flow wp-block-column-is-layout-flow\">\n<div id=\"caf-post-layout-container\" class=\"caf-post-layout-container \r\n     multiple-taxonomy-filter post-layout2 \r\n     data-target-div1\"\r\n     data-post-type=\"post\"\r\n     data-tax=\"category\"\r\n     data-terms=\"category___201\"\r\n     data-per-page=\"-1\"\r\n     data-selected-terms=\"category___65,category___63,category___60,category___64,category___61,category___62,category___49,category___48,category___67,category___68,category___69,category___39,category___38,category___40,category___53,category___51,category___54,category___52,category___56,category___57,category___58,category___201\"\r\n     data-filter-id=\"10262\"\r\n     data-post-layout=\"post-layout2\"\r\n     data-filter-layout=\"multiple-taxonomy-filter\"\r\n     data-target-div=\"data-target-div1\"\r\n     data-relation=\"IN\"\r\n     data-default-term=\"category___201\"\r\n     data-scroll=\"disabled\"\r\n     data-scroll-desk=\"-100\"\r\n     data-scroll-mob=\"-100\"\r\n     current-post-id=\"11611\"\r\n     data-order-by=\"date\"\r\n     data-order-type=\"asc\"\r\n     active-filters=\"on\"\r\n     active-filters-style=\"without_tax\"\r\n     ><div class='caf-active-filters'><ul><\/ul><\/div><div id='manage-ajax-response' class='caf-row'><div class=\"status\"><i class=\"fa fa-spinner\" aria-hidden=\"true\"><\/i><\/div><div class=\"content\"><\/div><\/div><\/div>\n<\/div>\n<\/div>\n\n\n\n<div class=\"wp-block-columns alignfull FullwidthContainingContained no_marginTop no_marginBottom has-contrast-2-background-color has-background is-layout-flex wp-container-core-columns-is-layout-9d6595d7 wp-block-columns-is-layout-flex\">\n<div class=\"wp-block-column containedInFullwidth is-layout-flow wp-block-column-is-layout-flow\">\n<div style=\"height:40px\" aria-hidden=\"true\" class=\"wp-block-spacer\"><\/div>\n\n\n\n<h1 class=\"wp-block-heading has-base-3-color has-text-color\">L&rsquo;\u00e9quipe de r\u00eave dans les champs.<\/h1>\n\n\n\n<div style=\"height:40px\" aria-hidden=\"true\" class=\"wp-block-spacer\"><\/div>\n\n\n\n<h3 class=\"wp-block-heading has-base-3-color has-text-color\">HACHEUSE AVANT M\u00dcTHING POUR PRESSES \u00c0 BALLES CARR\u00c9ES<\/h3>\n\n\n\n<div class=\"wp-block-columns is-layout-flex wp-container-core-columns-is-layout-9d6595d7 wp-block-columns-is-layout-flex\">\n<div class=\"wp-block-column is-vertically-aligned-top productimg-freisteller-column is-layout-flow wp-block-column-is-layout-flow\" style=\"flex-basis:66%\">\n<div style=\"height:60px\" aria-hidden=\"true\" class=\"wp-block-spacer\"><\/div>\n\n\n<div class=\"wp-block-image\">\n<figure class=\"aligncenter size-full\"><img loading=\"lazy\" decoding=\"async\" width=\"1200\" height=\"800\" src=\"https:\/\/www.muething.com\/wp-content\/uploads\/2024\/07\/mzo-neutral-freisteller-1024x683-3.png\" alt=\"\" class=\"wp-image-11596\" srcset=\"https:\/\/www.muething.com\/wp-content\/uploads\/2024\/07\/mzo-neutral-freisteller-1024x683-3.png 1200w, https:\/\/www.muething.com\/wp-content\/uploads\/2024\/07\/mzo-neutral-freisteller-1024x683-3-300x200.png 300w, https:\/\/www.muething.com\/wp-content\/uploads\/2024\/07\/mzo-neutral-freisteller-1024x683-3-1024x683.png 1024w, https:\/\/www.muething.com\/wp-content\/uploads\/2024\/07\/mzo-neutral-freisteller-1024x683-3-768x512.png 768w, https:\/\/www.muething.com\/wp-content\/uploads\/2024\/07\/mzo-neutral-freisteller-1024x683-3-391x260.png 391w\" sizes=\"auto, (max-width: 1200px) 100vw, 1200px\" \/><\/figure>\n<\/div><\/div>\n\n\n\n<div class=\"wp-block-column productimg-einsatz-column is-layout-flow wp-block-column-is-layout-flow\" style=\"flex-basis:33%\">\n<figure class=\"wp-block-image size-large\"><a href=\"https:\/\/www.muething.com\/wp-content\/uploads\/2024\/05\/MZO_Case_Einsatz_1.jpg\"><img loading=\"lazy\" decoding=\"async\" width=\"1024\" height=\"683\" src=\"https:\/\/www.muething.com\/wp-content\/uploads\/2024\/05\/MZO_Case_Einsatz_1-1024x683.jpg\" alt=\"\" class=\"wp-image-11142\" srcset=\"https:\/\/www.muething.com\/wp-content\/uploads\/2024\/05\/MZO_Case_Einsatz_1-1024x683.jpg 1024w, https:\/\/www.muething.com\/wp-content\/uploads\/2024\/05\/MZO_Case_Einsatz_1-300x200.jpg 300w, https:\/\/www.muething.com\/wp-content\/uploads\/2024\/05\/MZO_Case_Einsatz_1-768x512.jpg 768w, https:\/\/www.muething.com\/wp-content\/uploads\/2024\/05\/MZO_Case_Einsatz_1-391x260.jpg 391w, https:\/\/www.muething.com\/wp-content\/uploads\/2024\/05\/MZO_Case_Einsatz_1.jpg 1200w\" sizes=\"auto, (max-width: 1024px) 100vw, 1024px\" \/><\/a><\/figure>\n\n\n\n<figure class=\"wp-block-image size-large\"><a href=\"https:\/\/www.muething.com\/wp-content\/uploads\/2024\/06\/MZO_4177.jpg\"><img loading=\"lazy\" decoding=\"async\" width=\"1024\" height=\"626\" src=\"https:\/\/www.muething.com\/wp-content\/uploads\/2024\/06\/MZO_4177-1024x626.jpg\" alt=\"\" class=\"wp-image-11014\" srcset=\"https:\/\/www.muething.com\/wp-content\/uploads\/2024\/06\/MZO_4177-1024x626.jpg 1024w, https:\/\/www.muething.com\/wp-content\/uploads\/2024\/06\/MZO_4177-300x183.jpg 300w, https:\/\/www.muething.com\/wp-content\/uploads\/2024\/06\/MZO_4177-768x469.jpg 768w, https:\/\/www.muething.com\/wp-content\/uploads\/2024\/06\/MZO_4177-1536x939.jpg 1536w, https:\/\/www.muething.com\/wp-content\/uploads\/2024\/06\/MZO_4177.jpg 1600w\" sizes=\"auto, (max-width: 1024px) 100vw, 1024px\" \/><\/a><\/figure>\n<\/div>\n<\/div>\n<\/div>\n<\/div>\n\n\n\n<div class=\"wp-block-columns is-layout-flex wp-container-core-columns-is-layout-9d6595d7 wp-block-columns-is-layout-flex\">\n<div class=\"wp-block-column is-layout-flow wp-block-column-is-layout-flow\">\n<div style=\"height:40px\" aria-hidden=\"true\" class=\"wp-block-spacer\"><\/div>\n\n\n\n<p><strong><strong>Notre exp\u00e9rience en mati\u00e8re de d\u00e9veloppement de technique de broyage innovante profite \u00e9galement \u00e0 notre conception de hacheuse avant. En effet, le broyage de la r\u00e9colte, tel que en avez besoin en tant qu&rsquo;utilisateur, d\u00e9finit notre activit\u00e9 quotidienne.<\/strong><\/strong><\/p>\n\n\n\n<p><strong><strong>Avec la hacheuse avant, vous avez tout \u00e0 y gagner. \u00c0 savoir, vous obtenez de la paille hach\u00e9e de haute qualit\u00e9 convenant pour diverses possibilit\u00e9s d&rsquo;utilisation&nbsp;:<\/strong><\/strong><\/p>\n\n\n\n<p>comme <strong>fourrage de grande qualit\u00e9<\/strong> obtenu par s\u00e9paration des enveloppes et des cendres brutes gr\u00e2ce \u00e0 une forte ventilation lors du hachage ainsi qu&rsquo;une bonne miscibilit\u00e9.<\/p>\n\n\n\n<p>comme <strong>liti\u00e8re \u00e0 fort pouvoir absorbant<\/strong> gr\u00e2ce au d\u00e9fibrage intensif en amont.<\/p>\n\n\n\n<p>La paille hach\u00e9e est facile \u00e0 manipuler au quotidien et a une densit\u00e9 de transport accrue. Le broyage, qui g\u00e9n\u00e8re beaucoup de poussi\u00e8re, s&rsquo;effectue d\u00e9j\u00e0 dans le champ.<\/p>\n<\/div>\n<\/div>\n\n\n\n<div class=\"wp-block-columns alignfull no_marginBottom borderBottom_thick is-layout-flex wp-container-core-columns-is-layout-9d6595d7 wp-block-columns-is-layout-flex\">\n<div class=\"wp-block-column has-contrast-2-background-color has-background is-layout-flow wp-block-column-is-layout-flow\" style=\"flex-basis:100%\">\n<div class=\"wp-block-columns textBoxContainer_containedInFullwidth is-layout-flex wp-container-core-columns-is-layout-9d6595d7 wp-block-columns-is-layout-flex\">\n<div class=\"wp-block-column textBox white-font has-base-3-color has-contrast-2-background-color has-text-color has-background is-layout-flow wp-block-column-is-layout-flow\">\n<div style=\"height:40px\" aria-hidden=\"true\" class=\"wp-block-spacer\"><\/div>\n\n\n\n<div class=\"wp-block-columns headline-container no_marginBottom is-layout-flex wp-container-core-columns-is-layout-9d6595d7 wp-block-columns-is-layout-flex\">\n<div class=\"wp-block-column is-layout-flow wp-block-column-is-layout-flow\">\n<h3 class=\"wp-block-heading headline-underline has-base-3-color has-text-color has-link-color wp-elements-0885ae9509c9591c32bacd578dfd12f5\">Les fonctions<\/h3>\n<\/div>\n<\/div>\n\n\n\n<ul style=\"text-transform:uppercase\" class=\"wp-block-list\">\n<li>D\u00e9bit \u00e9lev\u00e9 et bonne qualit\u00e9 de hachage gr\u00e2ce au rotor pourvu de 88 couteaux extra-longs, dent\u00e9s et r\u00e9versibles, en acier sp\u00e9cial r\u00e9sistant \u00e0 l&rsquo;usure<\/li>\n\n\n\n<li>Deux lames hache-paille courte r\u00e9glables avec respectivement 45 couteaux dent\u00e9s chacune pour diff\u00e9rentes longueurs de hachage<\/li>\n\n\n\n<li>Vitesse de coupe \u00e9lev\u00e9e de 92&nbsp;m\/s<\/li>\n\n\n\n<li>Engrenage interm\u00e9diaire robuste, con\u00e7u pour des tracteurs de plus de 220&nbsp;kW, avec roue libre int\u00e9gr\u00e9e et entra\u00eenement commutable de la hacheuse<\/li>\n<\/ul>\n<\/div>\n<\/div>\n<\/div>\n<\/div>\n\n\n\n<div class=\"wp-block-columns alignfull no_marginBottom is-layout-flex wp-container-core-columns-is-layout-9d6595d7 wp-block-columns-is-layout-flex\">\n<div class=\"wp-block-column has-contrast-2-background-color has-background is-layout-flow wp-block-column-is-layout-flow\" style=\"flex-basis:100%\">\n<div class=\"wp-block-columns textBoxContainer_containedInFullwidth is-layout-flex wp-container-core-columns-is-layout-9d6595d7 wp-block-columns-is-layout-flex\">\n<div class=\"wp-block-column textBox white-font has-base-3-color has-contrast-2-background-color has-text-color has-background is-layout-flow wp-block-column-is-layout-flow\">\n<div style=\"height:40px\" aria-hidden=\"true\" class=\"wp-block-spacer\"><\/div>\n\n\n\n<figure class=\"wp-block-embed is-type-video is-provider-youtube wp-block-embed-youtube wp-embed-aspect-16-9 wp-has-aspect-ratio\"><div class=\"wp-block-embed__wrapper\">\n <div class=\"brlbs-cmpnt-container brlbs-cmpnt-content-blocker brlbs-cmpnt-with-individual-styles\" data-borlabs-cookie-content-blocker-id=\"youtube-content-blocker\" data-borlabs-cookie-content=\"PGlmcmFtZSB0aXRsZT0iTcO8dGhpbmcgVm9yYmF1aMOkY2tzbGVyIE1aTyBmw7xyIEZlbmR0IFF1YWRlcmJhbGxlbnByZXNzZW4iIHdpZHRoPSIxMjAwIiBoZWlnaHQ9IjY3NSIgc3JjPSJodHRwczovL3d3dy55b3V0dWJlLW5vY29va2llLmNvbS9lbWJlZC9hZHN1NzVIWmNrbz9mZWF0dXJlPW9lbWJlZCIgZnJhbWVib3JkZXI9IjAiIGFsbG93PSJhY2NlbGVyb21ldGVyOyBhdXRvcGxheTsgY2xpcGJvYXJkLXdyaXRlOyBlbmNyeXB0ZWQtbWVkaWE7IGd5cm9zY29wZTsgcGljdHVyZS1pbi1waWN0dXJlOyB3ZWItc2hhcmUiIHJlZmVycmVycG9saWN5PSJzdHJpY3Qtb3JpZ2luLXdoZW4tY3Jvc3Mtb3JpZ2luIiBhbGxvd2Z1bGxzY3JlZW4+PC9pZnJhbWU+\"><div class=\"brlbs-cmpnt-cb-preset-c brlbs-cmpnt-cb-youtube\"> <div class=\"brlbs-cmpnt-cb-thumbnail\" style=\"background-image: url('https:\/\/www.muething.com\/wp-content\/uploads\/borlabs-cookie\/1\/yt_adsu75HZcko_hqdefault.jpg')\"><\/div> <div class=\"brlbs-cmpnt-cb-main\"> <div class=\"brlbs-cmpnt-cb-play-button\"><\/div> <div class=\"brlbs-cmpnt-cb-content\"> <p class=\"brlbs-cmpnt-cb-description\">Vous \u00eates actuellement en train de consulter le contenu d&rsquo;un espace r\u00e9serv\u00e9 de <strong>YouTube<\/strong>. Pour acc\u00e9der au contenu r\u00e9el, cliquez sur le bouton ci-dessous. Veuillez noter que ce faisant, des donn\u00e9es seront partag\u00e9es avec des providers tiers.<\/p> <a class=\"brlbs-cmpnt-cb-provider-toggle\" href=\"#\" data-borlabs-cookie-show-provider-information role=\"button\">Plus d&rsquo;informations<\/a> <\/div> <div class=\"brlbs-cmpnt-cb-buttons\"> <a class=\"brlbs-cmpnt-cb-btn\" href=\"#\" data-borlabs-cookie-unblock role=\"button\">D\u00e9bloquer le contenu<\/a> <a class=\"brlbs-cmpnt-cb-btn\" href=\"#\" data-borlabs-cookie-accept-service role=\"button\" style=\"display: inherit\">Accepter le service requis et d\u00e9bloquer les contenus<\/a> <\/div> <\/div> <\/div><\/div>\n<\/div><\/figure>\n<\/div>\n<\/div>\n<\/div>\n<\/div>\n","protected":false},"excerpt":{"rendered":"<p>Notre broyeur sous-fleche Broyeur sous-fleche MZO Agriculture Entretien des surfaces Agriculture Entretien des surfaces L&rsquo;\u00e9quipe de r\u00eave dans les champs. HACHEUSE AVANT M\u00dcTHING POUR PRESSES \u00c0 BALLES CARR\u00c9ES Notre exp\u00e9rience en mati\u00e8re de d\u00e9veloppement de technique de broyage innovante profite \u00e9galement \u00e0 notre conception de hacheuse avant. En effet, le broyage de la r\u00e9colte, tel &#8230; <\/p>\n<p class=\"read-more-container\"><a title=\"Notre broyeur sous-fleche\" class=\"read-more button\" href=\"https:\/\/www.muething.com\/fr\/notre-broyeur_sous-fleche\/#more-11611\" aria-label=\"En savoir plus sur Notre broyeur sous-fleche\">Mehr erfahren<\/a><\/p>\n","protected":false},"author":1,"featured_media":0,"parent":0,"menu_order":0,"comment_status":"closed","ping_status":"closed","template":"","meta":{"inline_featured_image":false,"footnotes":""},"class_list":{"0":"post-11611","1":"page","2":"type-page","3":"status-publish","5":"infinite-scroll-item"},"aioseo_notices":[],"_links":{"self":[{"href":"https:\/\/www.muething.com\/fr\/wp-json\/wp\/v2\/pages\/11611","targetHints":{"allow":["GET"]}}],"collection":[{"href":"https:\/\/www.muething.com\/fr\/wp-json\/wp\/v2\/pages"}],"about":[{"href":"https:\/\/www.muething.com\/fr\/wp-json\/wp\/v2\/types\/page"}],"author":[{"embeddable":true,"href":"https:\/\/www.muething.com\/fr\/wp-json\/wp\/v2\/users\/1"}],"replies":[{"embeddable":true,"href":"https:\/\/www.muething.com\/fr\/wp-json\/wp\/v2\/comments?post=11611"}],"version-history":[{"count":18,"href":"https:\/\/www.muething.com\/fr\/wp-json\/wp\/v2\/pages\/11611\/revisions"}],"predecessor-version":[{"id":11951,"href":"https:\/\/www.muething.com\/fr\/wp-json\/wp\/v2\/pages\/11611\/revisions\/11951"}],"wp:attachment":[{"href":"https:\/\/www.muething.com\/fr\/wp-json\/wp\/v2\/media?parent=11611"}],"curies":[{"name":"wp","href":"https:\/\/api.w.org\/{rel}","templated":true}]}}