{"id":11361,"date":"2023-01-24T15:25:11","date_gmt":"2023-01-24T15:25:11","guid":{"rendered":"https:\/\/www.muething.com\/a-savoir\/ver-de-terre-en-tant-que-sous-traitant\/"},"modified":"2024-06-25T06:44:12","modified_gmt":"2024-06-25T06:44:12","slug":"ver-de-terre-en-tant-que-sous-traitant","status":"publish","type":"page","link":"https:\/\/www.muething.com\/fr\/a-savoir\/ver-de-terre-en-tant-que-sous-traitant\/","title":{"rendered":"Ver de terre en tant que sous-traitant"},"content":{"rendered":"\n<div class=\"wp-block-columns alignfull home_wissensSektion no_marginBottom has-contrast-background-color has-background is-layout-flex wp-container-core-columns-is-layout-9d6595d7 wp-block-columns-is-layout-flex\" id=\"wissenswertes_regenwurm\">\n<div class=\"wp-block-column is-layout-flow wp-block-column-is-layout-flow\">\n<div class=\"wp-block-columns alignfull vollbild-HG is-layout-flex wp-container-core-columns-is-layout-9d6595d7 wp-block-columns-is-layout-flex\">\n<div class=\"wp-block-column backgroundGradient_darken is-layout-flow wp-block-column-is-layout-flow\">\n<div class=\"wp-block-columns layoutZweispaltig_containedInFullwidth is-layout-flex wp-container-core-columns-is-layout-9d6595d7 wp-block-columns-is-layout-flex\">\n<div class=\"wp-block-column is-layout-flow wp-block-column-is-layout-flow\">\n<h1 class=\"quoteHorizon white-font\" style=\"width:100%;\"><span class=\"quoteLine1\">\u00ab Optez donc pour <br\/><\/span><span class=\"quoteLine2 h2-size uppercase bold-font\">le ver de terre \u00bb<\/span><br\/><span class=\"quoteLine1\">comme nouveau <br\/><\/span><span class=\"quoteLine2 h2-size uppercase bold-font\">sous-traitant<\/span><\/h1>\n\n\n\n<div class=\"Regenwurm_Stichpunkte_1\">\n<div class=\"white-font\">\n<h3>Lumbricida \u2013 Ver de terre (lombricien)<\/h3>\n<dl><dd>en permanence en action<\/dd><dd>rien de plus nature<\/dd><dd>travaille gratuitement<\/dd><\/dl>\n<\/div>\n<\/div>\n<\/div>\n<\/div>\n<\/div>\n<\/div>\n\n\n\n<div class=\"wp-block-columns textBoxContainer_containedInFullwidth is-layout-flex wp-container-core-columns-is-layout-9d6595d7 wp-block-columns-is-layout-flex\">\n<div class=\"wp-block-column textBox OutlineYellow white-font has-base-3-color has-text-color is-layout-flow wp-block-column-is-layout-flow\">\n<h3 class=\"wp-block-heading headline_noBorder has-base-3-color has-text-color\">Ver de terre en tant que sous-traitant :<\/h3>\n\n\n\n<hr class=\"wp-block-separator has-text-color has-accent-color has-alpha-channel-opacity has-accent-background-color has-background dividerShort\"\/>\n\n\n\n<p>Le ver de terre est un auxiliaire tr\u00e8s utile pour la pr\u00e9paration du sol. Comme il vit sous la surface du sol et qu&rsquo;il est de surcro\u00eet surtout actif la nuit, la plupart des gens n&rsquo;ont pas conscience de l&rsquo;importance de sa contribution positive \u00e0 la qualit\u00e9 du sol. Au cours de sa vie, de trois \u00e0 huit ans, selon les esp\u00e8ces, il fouille et creuse la terre en permanence. Il ne se contente pas de manger des v\u00e9g\u00e9taux en d\u00e9composition, mais absorbe \u00e9galement avec la terre des composants de d\u00e9tritus, des bact\u00e9ries, des spores de champignons et de nombreux organismes unicellulaires. En \u00e9liminant ces composants, le ver de terre favorise la biodisponibilit\u00e9 des micro-organismes dans la terre et peut ainsi minimiser consid\u00e9rablement les effets n\u00e9fastes sur le sol. En d&rsquo;autres termes, il transforme les d\u00e9chets en \u00e9l\u00e9ments utiles.<\/p>\n\n\n\n<p>Il enterre par ailleurs aussi les d\u00e9bris v\u00e9g\u00e9taux pr\u00e9sents \u00e0 la surface du sol pour les y laisser se d\u00e9composer et les consommer ensuite. Le mulching favorise consid\u00e9rablement le comportement alimentaire du ver de terre.<\/p>\n\n\n\n<p>Ce qui compte alors v\u00e9ritablement c&rsquo;est le r\u00e9sultat final. Un engrais parfait, impossible \u00e0 produire de mani\u00e8re plus \u00e9cologique. Sans consommation d&rsquo;\u00e9nergie, sans effort, sans emballage et sans impact sur l&rsquo;environnement. Le meilleur dans tout \u00e7a : cette m\u00e9thode de fertilisation est gratuite. Par cons\u00e9quent, celui qui cr\u00e9e une base de vie id\u00e9ale pour le ver de terre gr\u00e2ce au mulching sera toujours gagnant. Sans exception. Le ver de terre devient ainsi un sous-traitant qui travaille gratuitement.<\/p>\n\n\n\n<p>Les vers de terre produisent des engrais parmi les meilleurs au monde.<\/p>\n\n\n\n<p>Les biologistes du sol ont d\u00e9couvert qu&rsquo;un amas de vers de terre est un meilleur engrais que la m\u00eame quantit\u00e9 de compost. Le mulching s&rsquo;av\u00e8re donc \u00eatre une alternative \u00e9cologique et rentable d&rsquo;autant plus int\u00e9ressante que la fertilisation est justement tr\u00e8s critiqu\u00e9e dans l&rsquo;agriculture. Il s&rsquo;agit peut-\u00eatre m\u00eame de la m\u00e9thode de fertilisation du futur.<\/p>\n<\/div>\n<\/div>\n<\/div>\n<\/div>\n\n\n\n<div class=\"wp-block-columns is-layout-flex wp-container-core-columns-is-layout-9d6595d7 wp-block-columns-is-layout-flex\"><\/div>\n\n\n\n<figure class=\"wp-block-image size-full is-resized regenwurmDuenger\"><img loading=\"lazy\" decoding=\"async\" width=\"1920\" height=\"586\" src=\"https:\/\/www.muething.com\/wp-content\/uploads\/2022\/09\/Regenwurmkot.jpg\" alt=\"\" class=\"wp-image-2040\" srcset=\"https:\/\/www.muething.com\/wp-content\/uploads\/2022\/09\/Regenwurmkot.jpg 1920w, https:\/\/www.muething.com\/wp-content\/uploads\/2022\/09\/Regenwurmkot-300x92.jpg 300w, https:\/\/www.muething.com\/wp-content\/uploads\/2022\/09\/Regenwurmkot-1024x313.jpg 1024w, https:\/\/www.muething.com\/wp-content\/uploads\/2022\/09\/Regenwurmkot-768x234.jpg 768w, https:\/\/www.muething.com\/wp-content\/uploads\/2022\/09\/Regenwurmkot-1536x469.jpg 1536w\" sizes=\"auto, (max-width: 1920px) 100vw, 1920px\" \/><\/figure>\n","protected":false},"excerpt":{"rendered":"<p>\u00ab Optez donc pour le ver de terre \u00bbcomme nouveau sous-traitant Lumbricida \u2013 Ver de terre (lombricien) en permanence en action rien de plus nature travaille gratuitement Ver de terre en tant que sous-traitant : Le ver de terre est un auxiliaire tr\u00e8s utile pour la pr\u00e9paration du sol. Comme il vit sous la surface &#8230; <\/p>\n<p class=\"read-more-container\"><a title=\"Ver de terre en tant que sous-traitant\" class=\"read-more button\" href=\"https:\/\/www.muething.com\/fr\/a-savoir\/ver-de-terre-en-tant-que-sous-traitant\/#more-11361\" aria-label=\"En savoir plus sur Ver de terre en tant que sous-traitant\">Mehr erfahren<\/a><\/p>\n","protected":false},"author":1,"featured_media":0,"parent":10576,"menu_order":0,"comment_status":"closed","ping_status":"closed","template":"","meta":{"inline_featured_image":false,"footnotes":""},"class_list":{"0":"post-11361","1":"page","2":"type-page","3":"status-publish","5":"infinite-scroll-item"},"aioseo_notices":[],"_links":{"self":[{"href":"https:\/\/www.muething.com\/fr\/wp-json\/wp\/v2\/pages\/11361","targetHints":{"allow":["GET"]}}],"collection":[{"href":"https:\/\/www.muething.com\/fr\/wp-json\/wp\/v2\/pages"}],"about":[{"href":"https:\/\/www.muething.com\/fr\/wp-json\/wp\/v2\/types\/page"}],"author":[{"embeddable":true,"href":"https:\/\/www.muething.com\/fr\/wp-json\/wp\/v2\/users\/1"}],"replies":[{"embeddable":true,"href":"https:\/\/www.muething.com\/fr\/wp-json\/wp\/v2\/comments?post=11361"}],"version-history":[{"count":6,"href":"https:\/\/www.muething.com\/fr\/wp-json\/wp\/v2\/pages\/11361\/revisions"}],"predecessor-version":[{"id":11367,"href":"https:\/\/www.muething.com\/fr\/wp-json\/wp\/v2\/pages\/11361\/revisions\/11367"}],"up":[{"embeddable":true,"href":"https:\/\/www.muething.com\/fr\/wp-json\/wp\/v2\/pages\/10576"}],"wp:attachment":[{"href":"https:\/\/www.muething.com\/fr\/wp-json\/wp\/v2\/media?parent=11361"}],"curies":[{"name":"wp","href":"https:\/\/api.w.org\/{rel}","templated":true}]}}