{"id":10946,"date":"2023-11-02T13:40:15","date_gmt":"2023-11-02T13:40:15","guid":{"rendered":"https:\/\/www.muething.com\/clause-de-non-responsabilite\/"},"modified":"2024-06-06T12:33:34","modified_gmt":"2024-06-06T12:33:34","slug":"clause-de-non-responsabilite","status":"publish","type":"page","link":"https:\/\/www.muething.com\/fr\/clause-de-non-responsabilite\/","title":{"rendered":"Clause de non-responsabilit\u00e9"},"content":{"rendered":"\n<div class=\"wp-block-columns alignfull FullwidthContainingContained informationHeader_Container no_marginBottom has-accent-background-color has-background is-layout-flex wp-container-core-columns-is-layout-9d6595d7 wp-block-columns-is-layout-flex\">\n<div class=\"wp-block-column containedInFullwidth is-layout-flow wp-block-column-is-layout-flow\">\n<div class=\"wp-block-columns informationHeader is-layout-flex wp-container-core-columns-is-layout-9d6595d7 wp-block-columns-is-layout-flex\">\n<div class=\"wp-block-column informationBack is-layout-flow wp-block-column-is-layout-flow\" style=\"flex-basis:50px\">\n<figure class=\"wp-block-image size-large backIcon\"><a href=\"..\/\"><img decoding=\"async\" src=\"https:\/\/www.muething.com\/wp-content\/uploads\/2022\/09\/Muething_Button-ArrowWhite_Backwards_EA1-01.svg\" alt=\"\" class=\"wp-image-1774\"\/><\/a><\/figure>\n<\/div>\n\n\n\n<div class=\"wp-block-column informationTitle is-layout-flow wp-block-column-is-layout-flow\">\n<h1 class=\"wp-block-heading has-text-align-center\">Clause de non-responsabilit\u00e9<\/h1>\n<\/div>\n\n\n\n<div class=\"wp-block-column informationSpaceRight is-layout-flow wp-block-column-is-layout-flow\" style=\"flex-basis:50px\"><\/div>\n<\/div>\n<\/div>\n<\/div>\n\n<div class=\"wp-block-columns alignfull FullwidthContainingContained has-base-3-color has-contrast-2-background-color has-text-color has-background is-layout-flex wp-container-core-columns-is-layout-9d6595d7 wp-block-columns-is-layout-flex\">\n<div class=\"wp-block-column containedInFullwidth is-layout-flow wp-block-column-is-layout-flow\">\n<div style=\"height:80px\" aria-hidden=\"true\" class=\"wp-block-spacer\"><\/div>\n\n\n\n<h3 class=\"wp-block-heading has-base-3-color has-text-color\">Responsabilit\u00e9 en mati\u00e8re de contenu<\/h3>\n\n\n\n<p>En tant que prestataire de services, nous sommes responsables de nos propres contenus sur ces pages selon la l\u00e9gislation g\u00e9n\u00e9rale conform\u00e9ment au \u00a7\u00a07, al.\u00a01 de la loi allemande sur les m\u00e9dias \u00e9lectroniques (TMG). Conform\u00e9ment aux \u00a7\u00a7\u00a08 \u00e0 10 de la loi TMG nous ne sommes cependant pas tenus, en tant que prestataires de services, de contr\u00f4ler les informations tierces transmises ou enregistr\u00e9es ou de rechercher les circonstances qui indiquent une activit\u00e9 ill\u00e9gale.<\/p>\n\n\n\n<p>Les obligations de supprimer ou de bloquer l&rsquo;exploitation d&rsquo;informations conform\u00e9ment \u00e0 la l\u00e9gislation g\u00e9n\u00e9rale restent inchang\u00e9es. Une responsabilit\u00e9 \u00e0 cet \u00e9gard n&rsquo;est toutefois prise en compte qu&rsquo;\u00e0 partir du moment o\u00f9 une violation concr\u00e8te de la loi est \u00e9tablie. D\u00e8s la prise de connaissance de violations de la loi concern\u00e9e, ces contenus seront imm\u00e9diatement supprim\u00e9s.<\/p>\n\n\n\n<div class=\"wp-block-columns uppercase is-layout-flex wp-container-core-columns-is-layout-9d6595d7 wp-block-columns-is-layout-flex\">\n<div class=\"wp-block-column is-layout-flow wp-block-column-is-layout-flow\">\n<h3 class=\"wp-block-heading has-base-3-color has-text-color\">Responsabilit\u00e9 en mati\u00e8re de liens<\/h3>\n\n\n\n<p>Notre offre contient des liens vers des sites web externes de tiers sur le contenu desquels nous n&rsquo;avons aucune influence. Nous ne pouvons par cons\u00e9quent pas nous porter garants de ces contenus \u00e9trangers. Le fournisseur ou l&rsquo;exploitant des pages li\u00e9es est toujours responsable du contenu de ces pages. Les pages li\u00e9es ont \u00e9t\u00e9 v\u00e9rifi\u00e9es au moment de la cr\u00e9ation du lien quant \u00e0 d&rsquo;\u00e9ventuelles violations de la loi. Aucun contenu ill\u00e9gal n&rsquo;a \u00e9t\u00e9 identifi\u00e9 au moment de la cr\u00e9ation du lien.<\/p>\n\n\n\n<p>Un contr\u00f4le permanent du contenu des pages li\u00e9es n&rsquo;est cependant pas exigible sans indices concrets d&rsquo;une violation de la loi. D\u00e8s la prise de connaissance de violations de la loi, les liens concern\u00e9s seront imm\u00e9diatement supprim\u00e9s.<\/p>\n\n\n\n<h3 class=\"wp-block-heading has-base-3-color has-text-color\">Droits d&rsquo;auteur<\/h3>\n\n\n\n<p>Les contenus et \u0153uvres cr\u00e9\u00e9s par les exploitants de ces pages sont soumis au droit d&rsquo;auteur allemand. La reproduction, le traitement, la diffusion et toute forme d&rsquo;exploitation en dehors des limites du droit d&rsquo;auteur requi\u00e8rent l&rsquo;accord \u00e9crit de l&rsquo;auteur ou du cr\u00e9ateur concern\u00e9. Les t\u00e9l\u00e9chargements et copies de ces pages sont uniquement autoris\u00e9s pour un usage priv\u00e9 et non commercial.<\/p>\n\n\n\n<p>Dans la mesure o\u00f9 les contenus de ce site n&rsquo;ont pas \u00e9t\u00e9 cr\u00e9\u00e9s par l&rsquo;exploitant, les droits d&rsquo;auteur de tiers sont respect\u00e9s. En particulier, les contenus de tiers sont identifi\u00e9s comme tels. Si vous deviez malgr\u00e9 tout constater une violation des droits d&rsquo;auteur, nous vous prions de nous le signaler. D\u00e8s la prise de connaissance de violations de la loi, les contenus concern\u00e9s seront imm\u00e9diatement supprim\u00e9s.<\/p>\n\n\n\n<p>Source\u00a0:\u00a0<a href=\"https:\/\/www.e-recht24.de\/\">e-recht24.de<\/a><\/p>\n<\/div>\n<\/div>\n<\/div>\n<\/div>\n\n<div class=\"wp-block-columns is-layout-flex wp-container-core-columns-is-layout-9d6595d7 wp-block-columns-is-layout-flex\">\n<div class=\"wp-block-column is-layout-flow wp-block-column-is-layout-flow\"><\/div>\n<\/div>\n","protected":false},"excerpt":{"rendered":"<p>Clause de non-responsabilit\u00e9 Responsabilit\u00e9 en mati\u00e8re de contenu En tant que prestataire de services, nous sommes responsables de nos propres contenus sur ces pages selon la l\u00e9gislation g\u00e9n\u00e9rale conform\u00e9ment au \u00a7\u00a07, al.\u00a01 de la loi allemande sur les m\u00e9dias \u00e9lectroniques (TMG). Conform\u00e9ment aux \u00a7\u00a7\u00a08 \u00e0 10 de la loi TMG nous ne sommes cependant pas &#8230; <\/p>\n<p class=\"read-more-container\"><a title=\"Clause de non-responsabilit\u00e9\" class=\"read-more button\" href=\"https:\/\/www.muething.com\/fr\/clause-de-non-responsabilite\/#more-10946\" aria-label=\"En savoir plus sur Clause de non-responsabilit\u00e9\">Mehr erfahren<\/a><\/p>\n","protected":false},"author":1,"featured_media":0,"parent":0,"menu_order":0,"comment_status":"closed","ping_status":"closed","template":"","meta":{"inline_featured_image":false,"footnotes":""},"class_list":{"0":"post-10946","1":"page","2":"type-page","3":"status-publish","5":"infinite-scroll-item"},"aioseo_notices":[],"_links":{"self":[{"href":"https:\/\/www.muething.com\/fr\/wp-json\/wp\/v2\/pages\/10946","targetHints":{"allow":["GET"]}}],"collection":[{"href":"https:\/\/www.muething.com\/fr\/wp-json\/wp\/v2\/pages"}],"about":[{"href":"https:\/\/www.muething.com\/fr\/wp-json\/wp\/v2\/types\/page"}],"author":[{"embeddable":true,"href":"https:\/\/www.muething.com\/fr\/wp-json\/wp\/v2\/users\/1"}],"replies":[{"embeddable":true,"href":"https:\/\/www.muething.com\/fr\/wp-json\/wp\/v2\/comments?post=10946"}],"version-history":[{"count":1,"href":"https:\/\/www.muething.com\/fr\/wp-json\/wp\/v2\/pages\/10946\/revisions"}],"predecessor-version":[{"id":10947,"href":"https:\/\/www.muething.com\/fr\/wp-json\/wp\/v2\/pages\/10946\/revisions\/10947"}],"wp:attachment":[{"href":"https:\/\/www.muething.com\/fr\/wp-json\/wp\/v2\/media?parent=10946"}],"curies":[{"name":"wp","href":"https:\/\/api.w.org\/{rel}","templated":true}]}}