{"id":10942,"date":"2023-11-02T13:34:41","date_gmt":"2023-11-02T13:34:41","guid":{"rendered":"https:\/\/www.muething.com\/mentions-legales\/"},"modified":"2026-01-07T09:16:37","modified_gmt":"2026-01-07T09:16:37","slug":"mentions-legales","status":"publish","type":"page","link":"https:\/\/www.muething.com\/fr\/mentions-legales\/","title":{"rendered":"Mentions l\u00e9gales"},"content":{"rendered":"\n<div class=\"wp-block-columns alignfull FullwidthContainingContained informationHeader_Container no_marginBottom has-accent-background-color has-background is-layout-flex wp-container-core-columns-is-layout-9d6595d7 wp-block-columns-is-layout-flex\">\n<div class=\"wp-block-column containedInFullwidth is-layout-flow wp-block-column-is-layout-flow\">\n<div class=\"wp-block-columns informationHeader is-layout-flex wp-container-core-columns-is-layout-9d6595d7 wp-block-columns-is-layout-flex\">\n<div class=\"wp-block-column informationBack is-layout-flow wp-block-column-is-layout-flow\" style=\"flex-basis:50px\">\n<figure class=\"wp-block-image size-large backIcon\"><a href=\"..\/\"><img decoding=\"async\" src=\"https:\/\/www.muething.com\/wp-content\/uploads\/2022\/09\/Muething_Button-ArrowWhite_Backwards_EA1-01.svg\" alt=\"\" class=\"wp-image-1774\"\/><\/a><\/figure>\n<\/div>\n\n\n\n<div class=\"wp-block-column informationTitle is-layout-flow wp-block-column-is-layout-flow\">\n<h1 class=\"wp-block-heading has-text-align-center\">Mentions l\u00e9gales<\/h1>\n<\/div>\n\n\n\n<div class=\"wp-block-column informationSpaceRight is-layout-flow wp-block-column-is-layout-flow\" style=\"flex-basis:50px\"><\/div>\n<\/div>\n<\/div>\n<\/div>\n\n\n\n<div class=\"wp-block-columns alignfull FullwidthContainingContained has-base-3-color has-contrast-2-background-color has-text-color has-background is-layout-flex wp-container-core-columns-is-layout-9d6595d7 wp-block-columns-is-layout-flex\">\n<div class=\"wp-block-column containedInFullwidth is-layout-flow wp-block-column-is-layout-flow\">\n<div style=\"height:80px\" aria-hidden=\"true\" class=\"wp-block-spacer\"><\/div>\n\n\n\n<h3 class=\"wp-block-heading has-base-3-color has-text-color\">Responsable du contenu du site web<\/h3>\n\n\n\n<p><strong>M\u00fcthing GmbH &amp; Co. KG Soest<\/strong><br>Am Silberg 23<br>D \u2013 59494 Soest<\/p>\n\n\n\n<p>T\u00e9l.&nbsp;: +49 29 21 \/ 96 51 \u2013 0<br>Fax&nbsp;: +49 29 21 \/ 7 30 80<br>Email&nbsp;: soest@muething.com<\/p>\n\n\n\n<p>Tribunal d&rsquo;instance d&rsquo;Arnsberg HRA 5328<br>N\u00b0 TVA intracommunautaire&nbsp;: DE 812 106 217<\/p>\n\n\n\n<div class=\"wp-block-columns uppercase is-layout-flex wp-container-core-columns-is-layout-9d6595d7 wp-block-columns-is-layout-flex\">\n<div class=\"wp-block-column is-layout-flow wp-block-column-is-layout-flow\">\n<h3 class=\"wp-block-heading has-base-3-color has-text-color\">Associ\u00e9 responsable personnellement<\/h3>\n\n\n\n<p><strong>M\u00fcthing Verwaltungs-GmbH<\/strong><br>Wernsdorfer Stra\u00dfe 1<br>D \u2013 59955 Winterberg<br>Tribunal d&rsquo;instance d&rsquo;Arnsberg HRB 2604<\/p>\n\n\n\n<h3 class=\"wp-block-heading has-base-3-color has-text-color\">Directeur g\u00e9n\u00e9ral<\/h3>\n\n\n\n<p>Christian Jungmann, \u00c9conomiste d&rsquo;entreprise<br>Dr. Andreas Rohde<br><\/p>\n\n\n\n<h3 class=\"wp-block-heading has-base-3-color has-text-color\">Pr\u00e9sidence du conseil<\/h3>\n\n\n\n<p>Andreas M\u00fcthing, Dipl\u00f4m\u00e9 d&rsquo;\u00e9cole de commerce WP<\/p>\n\n\n\n<h3 class=\"wp-block-heading has-base-3-color has-text-color\">Webmestre<\/h3>\n\n\n\n<p>shop@muething.com<br>Adresse de contact pour les questions ou probl\u00e8mes techniques<\/p>\n\n\n\n<h3 class=\"wp-block-heading has-base-3-color has-text-color\">Mentions l\u00e9gales<\/h3>\n\n\n\n<p>Tous les droits sont r\u00e9serv\u00e9s, y compris ceux de la reproduction photom\u00e9canique, de la duplication et de la diffusion par des proc\u00e9d\u00e9s sp\u00e9ciaux (par exemple traitement de donn\u00e9es, supports de donn\u00e9es, r\u00e9seaux de donn\u00e9es), m\u00eame en partie. Toute utilisation sans autorisation \u00e9crite pr\u00e9alable de M\u00fcthing GmbH &amp; Co. KG Soest est interdite.<\/p>\n\n\n\n<p>Les illustrations, contenus et donn\u00e9es relatives aux caract\u00e9ristiques techniques et informations techniques sont fournis sans engagement, sous r\u00e9serve de modifications.<\/p>\n\n\n\n<p>Par le jugement du 12 mai 1998, le tribunal judiciaire de Hambourg a d\u00e9cid\u00e9 que la publication d&rsquo;un lien peut le cas \u00e9ch\u00e9ant entra\u00eener la responsabilit\u00e9 du contenu de la page li\u00e9e. Selon le tribunal judiciaire, cela ne peut \u00eatre \u00e9vit\u00e9 qu&rsquo;en prenant express\u00e9ment ses distances par rapport \u00e0 ces contenus. Pour tous les liens sur cette page, dont la destination n&rsquo;est pas dans le domaine \u00ab&nbsp;muething.com&nbsp;\u00bb, les dispositions suivantes sont applicables&nbsp;: Nous soulignons le fait que nous n&rsquo;avons aucune influence sur le contenu ou la conception des pages li\u00e9es. C&rsquo;est pourquoi nous prenons express\u00e9ment nos distances de tous les contenus de ces pages. Nous ne nous approprions pas le contenu de ces sites.<\/p>\n\n\n\n<p>La Commission europ\u00e9enne met \u00e0 disposition une plateforme de r\u00e8glement en ligne des litiges (RLL). Vous trouverez la plateforme sous<br>http:\/\/ec.europa.eu\/consumers\/odr\/ \nNotre adresse e-mail est la suivante&nbsp;: shop@muething.com<\/p>\n\n\n\n<h3 class=\"wp-block-heading has-base-3-color has-text-color\">Informations sur la protection des donn\u00e9es<\/h3>\n\n\n\n<p>M\u00fcthing ne recueille aucune donn\u00e9e personnelle vous concernant lorsque vous visitez ce site.<br>Selon les param\u00e8tres de votre navigateur, ce site web enregistre un ou deux cookies sur votre ordinateur. L&rsquo;un de ces cookies sert uniquement \u00e0 enregistrer votre choix de langue et \u00e0 stocker temporairement des informations sur le serveur afin de vous permettre d&rsquo;acc\u00e9der plus rapidement \u00e0 la page. Ce cookie est supprim\u00e9 d\u00e8s que vous fermez votre navigateur. Un deuxi\u00e8me cookie enregistre \u00e9ventuellement votre langue pr\u00e9f\u00e9r\u00e9e entre plusieurs visites sur notre site. Ce cookie ne permet toutefois pas de vous identifier.<\/p>\n<\/div>\n<\/div>\n<\/div>\n<\/div>\n\n\n\n<div class=\"wp-block-columns is-layout-flex wp-container-core-columns-is-layout-9d6595d7 wp-block-columns-is-layout-flex\">\n<div class=\"wp-block-column is-layout-flow wp-block-column-is-layout-flow\"><\/div>\n<\/div>\n","protected":false},"excerpt":{"rendered":"<p>Mentions l\u00e9gales Responsable du contenu du site web M\u00fcthing GmbH &amp; Co. KG SoestAm Silberg 23D \u2013 59494 Soest T\u00e9l.&nbsp;: +49 29 21 \/ 96 51 \u2013 0Fax&nbsp;: +49 29 21 \/ 7 30 80Email&nbsp;: soest@muething.com Tribunal d&rsquo;instance d&rsquo;Arnsberg HRA 5328N\u00b0 TVA intracommunautaire&nbsp;: DE 812 106 217 Associ\u00e9 responsable personnellement M\u00fcthing Verwaltungs-GmbHWernsdorfer Stra\u00dfe 1D \u2013 &#8230; <\/p>\n<p class=\"read-more-container\"><a title=\"Mentions l\u00e9gales\" class=\"read-more button\" href=\"https:\/\/www.muething.com\/fr\/mentions-legales\/#more-10942\" aria-label=\"En savoir plus sur Mentions l\u00e9gales\">Mehr erfahren<\/a><\/p>\n","protected":false},"author":1,"featured_media":0,"parent":0,"menu_order":0,"comment_status":"closed","ping_status":"closed","template":"","meta":{"inline_featured_image":false,"footnotes":""},"class_list":{"0":"post-10942","1":"page","2":"type-page","3":"status-publish","5":"infinite-scroll-item"},"aioseo_notices":[],"_links":{"self":[{"href":"https:\/\/www.muething.com\/fr\/wp-json\/wp\/v2\/pages\/10942","targetHints":{"allow":["GET"]}}],"collection":[{"href":"https:\/\/www.muething.com\/fr\/wp-json\/wp\/v2\/pages"}],"about":[{"href":"https:\/\/www.muething.com\/fr\/wp-json\/wp\/v2\/types\/page"}],"author":[{"embeddable":true,"href":"https:\/\/www.muething.com\/fr\/wp-json\/wp\/v2\/users\/1"}],"replies":[{"embeddable":true,"href":"https:\/\/www.muething.com\/fr\/wp-json\/wp\/v2\/comments?post=10942"}],"version-history":[{"count":4,"href":"https:\/\/www.muething.com\/fr\/wp-json\/wp\/v2\/pages\/10942\/revisions"}],"predecessor-version":[{"id":15849,"href":"https:\/\/www.muething.com\/fr\/wp-json\/wp\/v2\/pages\/10942\/revisions\/15849"}],"wp:attachment":[{"href":"https:\/\/www.muething.com\/fr\/wp-json\/wp\/v2\/media?parent=10942"}],"curies":[{"name":"wp","href":"https:\/\/api.w.org\/{rel}","templated":true}]}}