{"id":10664,"date":"2023-02-21T09:44:57","date_gmt":"2023-02-21T09:44:57","guid":{"rendered":"https:\/\/www.muething.com\/vue-densemble-des-produits\/"},"modified":"2025-07-02T12:13:26","modified_gmt":"2025-07-02T12:13:26","slug":"vue-densemble-des-produits","status":"publish","type":"page","link":"https:\/\/www.muething.com\/fr\/vue-densemble-des-produits\/","title":{"rendered":"Vue d&rsquo;ensemble des produits"},"content":{"rendered":"\n<div style=\"height:40px\" aria-hidden=\"true\" class=\"wp-block-spacer\"><\/div>\n\n<div class=\"wp-block-columns headline-container is-layout-flex wp-container-core-columns-is-layout-9d6595d7 wp-block-columns-is-layout-flex\">\n<div class=\"wp-block-column is-layout-flow wp-block-column-is-layout-flow\">\n<h1 class=\"wp-block-heading\">Nos broyeurs-mulcheurs<\/h1>\n<\/div>\n<\/div>\n\n<div class=\"wp-block-columns alignfull no_marginBottom is-layout-flex wp-container-core-columns-is-layout-9d6595d7 wp-block-columns-is-layout-flex\" id=\"einsatzgebieteStart\">\n<div class=\"wp-block-column is-layout-flow wp-block-column-is-layout-flow\">\n<div class=\"layoutDreispaltig layoutNurTitel\">\n<div class=\"titelspalte-1 spaltenlayout-spalte spaltenlayout-titelspalte\"><\/div>\n<div class=\"titelspalte-2 spaltenlayout-spalte spaltenlayout-titelspalte\"><h2 class=\"bold-font\">Domaines d&rsquo;utilisation<\/h2><\/div>\n<div class=\"titelspalte-3 spaltenlayout-spalte spaltenlayout-titelspalte\"><\/div>\n<\/div>\n\n\n\n<div class=\"layoutDreispaltig layoutEinsatzgebiete\">\n<div class=\"spaltencontainer\" id=\"kachellinkLandwirtschaft\">\n<div class=\"titelspalte-1 spaltenlayout-spalte spaltenlayout-titelspalte\"><h2 class=\"bold-font\">Agriculture<\/h2><\/div>\n<div class=\"contentspalte-1 spaltenlayout-spalte spaltenlayout-contentspalte\"><\/div>\n<\/div>\n<div class=\"spaltencontainer\" id=\"kachellinkArealpflege\">\n<div class=\"titelspalte-2 spaltenlayout-spalte spaltenlayout-titelspalte\"><h2 class=\"bold-font\">Entretien des surfaces<\/h2><\/div>\n<div class=\"contentspalte-2 spaltenlayout-spalte spaltenlayout-contentspalte\"><\/div>\n<\/div>\n<div class=\"spaltencontainer\" id=\"kachellinkSonderkulturen\">\n<div class=\"titelspalte-3 spaltenlayout-spalte spaltenlayout-titelspalte\"><h2 class=\"bold-font\">Cultures sp\u00e9cialis\u00e9es<\/h2><\/div>\n<div class=\"contentspalte-3 spaltenlayout-spalte spaltenlayout-contentspalte\"><\/div>\n<\/div>\n<\/div>\n<\/div>\n<\/div>\n\n<div class=\"wp-block-columns alignfull FullwidthContainingContained no_marginBottom has-contrast-2-background-color has-background is-layout-flex wp-container-core-columns-is-layout-9d6595d7 wp-block-columns-is-layout-flex\">\n<div class=\"wp-block-column containedInFullwidth is-layout-flow wp-block-column-is-layout-flow\">\n<div style=\"height:40px\" aria-hidden=\"true\" class=\"wp-block-spacer\"><\/div>\n\n\n\n<style>\nstrong, label {\ncolor: white;\n}\nlabel {\nfont-size: 15px;\n}\n<\/style>\n<div class=\"produkteigenschaften-filter--container\">\n<div class=\"produkteigenschaften-filter-gruppe\">\n<strong>Types d&rsquo;entra\u00eenement<\/strong><br\/>\n<label id=\"antriebsart-mechanisch\"><input type=\"checkbox\" id=\"mechanisch\" name=\"mechanisch\"\/> M\u00e9canique<\/label>\n<label id=\"antriebsart-hydraulisch\"><input type=\"checkbox\" id=\"hydraulisch\" name=\"hydraulisch\"\/> Hydraulique<\/label>\n<\/div>\n<div class=\"produkteigenschaften-filter-gruppe\">\n<strong>Puissance moteur du v\u00e9hicule porteur<\/strong><br\/>\n<label id=\"motorleistung-15-40\"><input type=\"checkbox\" id=\"15-40\" name=\"15-40\"\/> 15 \u00e0 40\u2004ch<\/label>\n<label id=\"motorleistung-40-130\"><input type=\"checkbox\" id=\"40-130\" name=\"40-130\"\/> 40 \u00e0 130\u2004ch<\/label>\n<label id=\"motorleistung-130-250\"><input type=\"checkbox\" id=\"130-250\" name=\"130-250\"\/> 130 \u00e0 250\u2004ch<\/label>\n<label id=\"motorleistung-250-500\"><input type=\"checkbox\" id=\"250-500\" name=\"250-500\"\/> 250 \u00e0 500\u2004ch<\/label>\n<\/div>\n<div class=\"produkteigenschaften-filter-gruppe\">\n<strong>D\u00e9bit volumique du v\u00e9hicule porteur<\/strong><br\/>\n<label id=\"volumenstrom-35-55\"><input type=\"checkbox\" id=\"35-55\" name=\"35-55\"\/> 35 \u00e0 55\u2004l\/min<\/label>\n<label id=\"volumenstrom-55-70\"><input type=\"checkbox\" id=\"55-70\" name=\"55-70\"\/> 55 \u00e0 70\u2004l\/min<\/label>\n<label id=\"volumenstrom-70-90\"><input type=\"checkbox\" id=\"70-90\" name=\"70-90\"\/> 70 \u00e0 90\u2004l\/min<\/label>\n<\/div>\n<div class=\"produkteigenschaften-filter-gruppe\">\n<strong>Variantes de montage<\/strong><br\/>\n<label id=\"anbauraum-frontanbau\"><input type=\"checkbox\" id=\"frontanbau\" name=\"frontanbau\"\/> Montage \u00e0 l&rsquo;avant<\/label>\n<label id=\"anbauraum-heck-seitenanbau\"><input type=\"checkbox\" id=\"heck-seitenanbau\" name=\"heck-seitenanbau\"\/> Montage lat\u00e9ral arri\u00e8re<\/label>\n<label id=\"anbauraum-heckanbau\"><input type=\"checkbox\" id=\"heckanbau\" name=\"heckanbau\"\/> Montage \u00e0 l&rsquo;arri\u00e8re<\/label>\n<label id=\"anbauraum-front-heckanbau\"><input type=\"checkbox\" id=\"front-heckanbau\" name=\"front-heckanbau\"\/> Montage avant et arri\u00e8re<\/label>\n<label id=\"anbauraum-gezogen-aufgesattelt\"><input type=\"checkbox\" id=\"gezogen-aufgesattelt\" name=\"gezogen-aufgesattelt\"\/> Tract\u00e9\/port\u00e9<\/label>\n<label id=\"anbauraum-einachser-front\"><input type=\"checkbox\" id=\"einachser-front\" name=\"einachser-front\"\/> Montage axial (frontal)<\/label>\n<\/div>\n<div class=\"produkteigenschaften-filter-gruppe\">\n<strong>Largeur de travail<\/strong><br\/>\n<label id=\"arbeitsbreite-080-160\"><input type=\"checkbox\" id=\"080-160\" name=\"080-160\"\/> 0,80 \u00e0 1,60\u2004m<\/label>\n<label id=\"arbeitsbreite-160-280\"><input type=\"checkbox\" id=\"160-280\" name=\"160-280\"\/> 1,60 \u00e0 2,80\u2004m<\/label>\n<label id=\"arbeitsbreite-280-860\"><input type=\"checkbox\" id=\"280-860\" name=\"280-860\"\/> 2,80 \u00e0 8,60\u2004m<\/label>\n<\/div>\n<\/div>\n\n\n\n<div style=\"height:40px\" aria-hidden=\"true\" class=\"wp-block-spacer\"><\/div>\n\n\n\n<div class=\"wp-block-buttons is-content-justification-left is-layout-flex wp-container-core-buttons-is-layout-fdcfc74e wp-block-buttons-is-layout-flex\">\n<div class=\"wp-block-button alignleft is-style-outline is-style-outline--1\" id=\"alleprodukte\"><a class=\"wp-block-button__link has-contrast-color has-accent-background-color has-text-color has-background wp-element-button\" style=\"border-radius:0px\">R\u00e9initialiser le filtre (tous les produits)<\/a><\/div>\n<\/div>\n\n\n\n<div style=\"height:80px\" aria-hidden=\"true\" class=\"wp-block-spacer\"><\/div>\n\n\n\n<span id=\"landwirtschaft\"><\/span><span id=\"arealpflege\"><\/span><span id=\"sonderkulturen\"><\/span>\n\n\n\n<div class=\"produkte\"><div id=\"caf-post-layout-container\" class=\"caf-post-layout-container \r\n     multiple-taxonomy-filter post-layout2 \r\n     data-target-div1\"\r\n     data-post-type=\"post\"\r\n     data-tax=\"category\"\r\n     data-terms=\"category___71\"\r\n     data-per-page=\"-1\"\r\n     data-selected-terms=\"category___71,category___65,category___63,category___60,category___64,category___61,category___62,category___49,category___48,category___67,category___68,category___69,category___39,category___38,category___40,category___53,category___51,category___54,category___52,category___56,category___57,category___58\"\r\n     data-filter-id=\"5621\"\r\n     data-post-layout=\"post-layout2\"\r\n     data-filter-layout=\"multiple-taxonomy-filter\"\r\n     data-target-div=\"data-target-div1\"\r\n     data-relation=\"IN\"\r\n     data-default-term=\"category___71\"\r\n     data-scroll=\"disabled\"\r\n     data-scroll-desk=\"-100\"\r\n     data-scroll-mob=\"-100\"\r\n     current-post-id=\"10664\"\r\n     data-order-by=\"date\"\r\n     data-order-type=\"desc\"\r\n     active-filters=\"off\"\r\n     active-filters-style=\"without_tax\"\r\n     ><div id=\"caf-multiple-taxonomy-filter\" class='caf-mtf-layout caf-filter-layout data-target-div1 '>\r\n<ul class=\"caf-filter-container caf-mtf-layout caf-mtf-tax-category\"><h3 class='tax-heading' data-name='category'>Cat\u00e9gories<i class='fa fa-chevron-up' aria-hidden='true'><\/i><\/h3><li style='' class='mtf-li-child caf-first-child'><input checked type='checkbox' name='mtf_terms[]' class='mtf-terms check_box' id='mtf-terms-71' data-id='category___71' value='category___71' data-target-div='data-target-div1'><label for='mtf-terms-71' class='' data-main-id='flt'>Produkt<\/label><\/li><li style='' class='mtf-li-child '><input  type='checkbox' name='mtf_terms[]' class='mtf-terms check_box' id='mtf-terms-65' data-id='category___65' value='category___65' data-target-div='data-target-div1'><label for='mtf-terms-65' class='' data-main-id='flt'>Anbau Einsachser (Front)<\/label><\/li><li style='' class='mtf-li-child '><input  type='checkbox' name='mtf_terms[]' class='mtf-terms check_box' id='mtf-terms-63' data-id='category___63' value='category___63' data-target-div='data-target-div1'><label for='mtf-terms-63' class='' data-main-id='flt'>Front-Heckanbau<\/label><\/li><li style='' class='mtf-li-child '><input  type='checkbox' name='mtf_terms[]' class='mtf-terms check_box' id='mtf-terms-60' data-id='category___60' value='category___60' data-target-div='data-target-div1'><label for='mtf-terms-60' class='' data-main-id='flt'>Frontanbau<\/label><\/li><li style='' class='mtf-li-child '><input  type='checkbox' name='mtf_terms[]' class='mtf-terms check_box' id='mtf-terms-64' data-id='category___64' value='category___64' data-target-div='data-target-div1'><label for='mtf-terms-64' class='' data-main-id='flt'>Gezogen\/Aufgesattelt<\/label><\/li><li style='' class='mtf-li-child '><input  type='checkbox' name='mtf_terms[]' class='mtf-terms check_box' id='mtf-terms-61' data-id='category___61' value='category___61' data-target-div='data-target-div1'><label for='mtf-terms-61' class='' data-main-id='flt'>Heck-Seitenanbau<\/label><\/li><li style='' class='mtf-li-child '><input  type='checkbox' name='mtf_terms[]' class='mtf-terms check_box' id='mtf-terms-62' data-id='category___62' value='category___62' data-target-div='data-target-div1'><label for='mtf-terms-62' class='' data-main-id='flt'>Heckanbau<\/label><\/li><li style='' class='mtf-li-child '><input  type='checkbox' name='mtf_terms[]' class='mtf-terms check_box' id='mtf-terms-49' data-id='category___49' value='category___49' data-target-div='data-target-div1'><label for='mtf-terms-49' class='' data-main-id='flt'>Hydraulisch<\/label><\/li><li style='' class='mtf-li-child '><input  type='checkbox' name='mtf_terms[]' class='mtf-terms check_box' id='mtf-terms-48' data-id='category___48' value='category___48' data-target-div='data-target-div1'><label for='mtf-terms-48' class='' data-main-id='flt'>Mechanisch<\/label><\/li><li style='' class='mtf-li-child '><input  type='checkbox' name='mtf_terms[]' class='mtf-terms check_box' id='mtf-terms-67' data-id='category___67' value='category___67' data-target-div='data-target-div1'><label for='mtf-terms-67' class='' data-main-id='flt'>0,80-1,60 m<\/label><\/li><li style='' class='mtf-li-child '><input  type='checkbox' name='mtf_terms[]' class='mtf-terms check_box' id='mtf-terms-68' data-id='category___68' value='category___68' data-target-div='data-target-div1'><label for='mtf-terms-68' class='' data-main-id='flt'>1,60-2,80 m<\/label><\/li><li style='' class='mtf-li-child '><input  type='checkbox' name='mtf_terms[]' class='mtf-terms check_box' id='mtf-terms-69' data-id='category___69' value='category___69' data-target-div='data-target-div1'><label for='mtf-terms-69' class='' data-main-id='flt'>2,80-8,60 m<\/label><\/li><li style='' class='mtf-li-child '><input  type='checkbox' name='mtf_terms[]' class='mtf-terms check_box' id='mtf-terms-39' data-id='category___39' value='category___39' data-target-div='data-target-div1'><label for='mtf-terms-39' class='' data-main-id='flt'>Arealpflege<\/label><\/li><li style='' class='mtf-li-child '><input  type='checkbox' name='mtf_terms[]' class='mtf-terms check_box' id='mtf-terms-38' data-id='category___38' value='category___38' data-target-div='data-target-div1'><label for='mtf-terms-38' class='' data-main-id='flt'>Landwirtschaft<\/label><\/li><li style='' class='mtf-li-child '><input  type='checkbox' name='mtf_terms[]' class='mtf-terms check_box' id='mtf-terms-40' data-id='category___40' value='category___40' data-target-div='data-target-div1'><label for='mtf-terms-40' class='' data-main-id='flt'>Sonderkulturen<\/label><\/li><li style='' class='mtf-li-child '><input  type='checkbox' name='mtf_terms[]' class='mtf-terms check_box' id='mtf-terms-53' data-id='category___53' value='category___53' data-target-div='data-target-div1'><label for='mtf-terms-53' class='' data-main-id='flt'>130-250 PS<\/label><\/li><li style='' class='mtf-li-child '><input  type='checkbox' name='mtf_terms[]' class='mtf-terms check_box' id='mtf-terms-51' data-id='category___51' value='category___51' data-target-div='data-target-div1'><label for='mtf-terms-51' class='' data-main-id='flt'>15-40 PS<\/label><\/li><li style='' class='mtf-li-child '><input  type='checkbox' name='mtf_terms[]' class='mtf-terms check_box' id='mtf-terms-54' data-id='category___54' value='category___54' data-target-div='data-target-div1'><label for='mtf-terms-54' class='' data-main-id='flt'>250-500 PS<\/label><\/li><li style='' class='mtf-li-child '><input  type='checkbox' name='mtf_terms[]' class='mtf-terms check_box' id='mtf-terms-52' data-id='category___52' value='category___52' data-target-div='data-target-div1'><label for='mtf-terms-52' class='' data-main-id='flt'>40-130 PS<\/label><\/li><li style='' class='mtf-li-child '><input  type='checkbox' name='mtf_terms[]' class='mtf-terms check_box' id='mtf-terms-56' data-id='category___56' value='category___56' data-target-div='data-target-div1'><label for='mtf-terms-56' class='' data-main-id='flt'>35-55 l\/min<\/label><\/li><li style='' class='mtf-li-child '><input  type='checkbox' name='mtf_terms[]' class='mtf-terms check_box' id='mtf-terms-57' data-id='category___57' value='category___57' data-target-div='data-target-div1'><label for='mtf-terms-57' class='' data-main-id='flt'>55-70 l\/min<\/label><\/li><li style='' class='mtf-li-child '><input  type='checkbox' name='mtf_terms[]' class='mtf-terms check_box' id='mtf-terms-58' data-id='category___58' value='category___58' data-target-div='data-target-div1'><label for='mtf-terms-58' class='' data-main-id='flt'>70-90l\/min<\/label><\/li><\/ul><\/ul>\r\n<\/div><div id='manage-ajax-response' class='caf-row'><div class=\"status\"><i class=\"fa fa-spinner\" aria-hidden=\"true\"><\/i><\/div><div class=\"content\"><\/div><\/div><\/div><\/div>\n\n\n<\/div>\n<\/div>\n","protected":false},"excerpt":{"rendered":"<p>Nos broyeurs-mulcheurs Domaines d&rsquo;utilisation Agriculture Entretien des surfaces Cultures sp\u00e9cialis\u00e9es Types d&rsquo;entra\u00eenement M\u00e9canique Hydraulique Puissance moteur du v\u00e9hicule porteur 15 \u00e0 40\u2004ch 40 \u00e0 130\u2004ch 130 \u00e0 250\u2004ch 250 \u00e0 500\u2004ch D\u00e9bit volumique du v\u00e9hicule porteur 35 \u00e0 55\u2004l\/min 55 \u00e0 70\u2004l\/min 70 \u00e0 90\u2004l\/min Variantes de montage Montage \u00e0 l&rsquo;avant Montage lat\u00e9ral arri\u00e8re Montage &#8230; <\/p>\n<p class=\"read-more-container\"><a title=\"Vue d&rsquo;ensemble des produits\" class=\"read-more button\" href=\"https:\/\/www.muething.com\/fr\/vue-densemble-des-produits\/#more-10664\" aria-label=\"En savoir plus sur Vue d&rsquo;ensemble des produits\">Mehr erfahren<\/a><\/p>\n","protected":false},"author":1,"featured_media":0,"parent":0,"menu_order":0,"comment_status":"closed","ping_status":"closed","template":"","meta":{"inline_featured_image":false,"footnotes":""},"class_list":{"0":"post-10664","1":"page","2":"type-page","3":"status-publish","5":"infinite-scroll-item"},"aioseo_notices":[],"_links":{"self":[{"href":"https:\/\/www.muething.com\/fr\/wp-json\/wp\/v2\/pages\/10664","targetHints":{"allow":["GET"]}}],"collection":[{"href":"https:\/\/www.muething.com\/fr\/wp-json\/wp\/v2\/pages"}],"about":[{"href":"https:\/\/www.muething.com\/fr\/wp-json\/wp\/v2\/types\/page"}],"author":[{"embeddable":true,"href":"https:\/\/www.muething.com\/fr\/wp-json\/wp\/v2\/users\/1"}],"replies":[{"embeddable":true,"href":"https:\/\/www.muething.com\/fr\/wp-json\/wp\/v2\/comments?post=10664"}],"version-history":[{"count":1,"href":"https:\/\/www.muething.com\/fr\/wp-json\/wp\/v2\/pages\/10664\/revisions"}],"predecessor-version":[{"id":10665,"href":"https:\/\/www.muething.com\/fr\/wp-json\/wp\/v2\/pages\/10664\/revisions\/10665"}],"wp:attachment":[{"href":"https:\/\/www.muething.com\/fr\/wp-json\/wp\/v2\/media?parent=10664"}],"curies":[{"name":"wp","href":"https:\/\/api.w.org\/{rel}","templated":true}]}}