{"id":10651,"date":"2023-02-01T11:35:46","date_gmt":"2023-02-01T11:35:46","guid":{"rendered":"https:\/\/www.muething.com\/a-savoir\/colza\/"},"modified":"2024-06-06T10:30:48","modified_gmt":"2024-06-06T10:30:48","slug":"colza","status":"publish","type":"page","link":"https:\/\/www.muething.com\/fr\/a-savoir\/colza\/","title":{"rendered":"Colza"},"content":{"rendered":"\n<div style=\"height:220px\" aria-hidden=\"true\" class=\"wp-block-spacer wissenswertes_abstandOben\"><\/div>\n\n<div class=\"wp-block-columns alignfull home_wissensSektion no_marginBottom has-contrast-2-background-color has-background is-layout-flex wp-container-core-columns-is-layout-9d6595d7 wp-block-columns-is-layout-flex\" id=\"wissenswertes_raps\">\n<div class=\"wp-block-column is-layout-flow wp-block-column-is-layout-flow\">\n<div class=\"wp-block-columns alignfull vollbild-HG is-layout-flex wp-container-core-columns-is-layout-9d6595d7 wp-block-columns-is-layout-flex\">\n<div class=\"wp-block-column backgroundGradient_darken is-layout-flow wp-block-column-is-layout-flow\">\n<div class=\"wp-block-columns layoutZweispaltig_containedInFullwidth is-layout-flex wp-container-core-columns-is-layout-9d6595d7 wp-block-columns-is-layout-flex\">\n<div class=\"wp-block-column is-layout-flow wp-block-column-is-layout-flow\">\n<h1 class=\"quoteHorizon white-font\"><span class=\"quoteLine1 quoteline-light\">\u00ab\u00a0La culture du colza<br\/><\/span><span class=\"quoteLine2 quoteline-bold\">ne s&rsquo;improvise pas\u00a0!\u00a0\u00bb<\/span><\/h1>\n<\/div>\n\n\n\n<div class=\"wp-block-column themen-ueberblick_container is-layout-flow wp-block-column-is-layout-flow\">\n<div class=\"wp-block-columns headline-container is-layout-flex wp-container-core-columns-is-layout-9d6595d7 wp-block-columns-is-layout-flex\">\n<div class=\"wp-block-column is-layout-flow wp-block-column-is-layout-flow\">\n<div class=\"white-font accordion-trigger\"><h3>Th\u00e8mes<\/h3><\/div>\n\n\n\n<div class=\"themenUeberblick\">\n<a href=\"#altraps\" class=\"white-arrow-link\">Colza ancien et repousses<\/a><br\/>\n<a href=\"#ausfallraps\" class=\"white-arrow-link\">Repousses de colza<\/a><br\/>\n<a href=\"#ruhestoerung\" class=\"white-arrow-link\">Lev\u00e9e de dormance<\/a><br\/>\n<a href=\"#dagegen\" class=\"white-arrow-link\">Que faire pour y rem\u00e9dier\u00a0?<\/a><br\/>\n<a href=\"#pilzkrankheiten\" class=\"white-arrow-link\">La scl\u00e9rotiniose, le phoma et autres maladies fongiques<\/a><br\/>\n<a href=\"#allzweckwaffe\" class=\"white-arrow-link\">Le broyeur-mulcheur, une arme polyvalente \u2013 m\u00eame contre les champignons<\/a><br\/>\n<a href=\"#bodenbearbeitung\" class=\"white-arrow-link\">Pr\u00e9paration du sol<\/a>\n<\/div>\n<\/div>\n<\/div>\n<\/div>\n<\/div>\n<\/div>\n<\/div>\n\n\n\n<div class=\"FullwidthContainingContained StoererBildOben-container\">\n<div class=\"Info-Kreis-StoererContainer StoererBildOben\" id=\"raps-stoerer\">\n<div class=\"Info-Kreis-Stoerer StoererBildOben\">\n<img decoding=\"async\" src=\"\/wp-content\/uploads\/2023\/02\/rapsbluete_web.png\" alt=\"Une fleur de colza\"\/>\n\n<div class=\"StoererStichpunkte white-font\">\n<div class=\"StoererStichpunkte-content\">\n<h3>Brassica Napus \u2013 Colza<\/h3>\n<dl><dd>pr\u00e9cieuse plante ol\u00e9agineuse dor\u00e9e<\/dd><dd>exigence phytosanitaire \u00e9lev\u00e9e<\/dd><dd>lutte souvent contre les maladies fongiques<\/dd><\/dl>\n<\/div>\n<\/div>\n<\/div>\n<\/div>\n<\/div>\n\n\n\n<div class=\"wp-block-columns textBoxContainer_containedInFullwidth is-layout-flex wp-container-core-columns-is-layout-9d6595d7 wp-block-columns-is-layout-flex\">\n<div class=\"wp-block-column textBox OutlineYellow white-font has-base-3-color has-text-color is-layout-flow wp-block-column-is-layout-flow\">\n<h3 class=\"wp-block-heading headline_noBorder has-base-3-color has-text-color\" id=\"erdeIntro\">Notions g\u00e9n\u00e9rales<\/h3>\n\n\n\n<hr class=\"wp-block-separator has-text-color has-accent-color has-alpha-channel-opacity has-accent-background-color has-background dividerShort\"\/>\n\n\n\n<p>Le colza appartient \u00e0 la famille des Brassicac\u00e9es, anciennement nomm\u00e9e Crucif\u00e8res, qui tient une place importante dans le plan de cultures de nombreux cultivateurs car il peut g\u00e9n\u00e9rer une valeur mon\u00e9taire \u00e9lev\u00e9e en amont de la culture. Cependant, cette belle plante ol\u00e9agineuse jaune est faiblement auto-compatible et est donc particuli\u00e8rement sensible aux maladies telles que la scl\u00e9rotiniose ou pourriture blanche et la n\u00e9crose du collet ou pied noir provoqu\u00e9 par un champignon phytopathog\u00e8ne. Si l&rsquo;on ne s&rsquo;attaque pas aux causes de ces maladies en prenant des mesures efficaces, le rendement peut chuter de mani\u00e8re significative.<\/p>\n<\/div>\n<\/div>\n<\/div>\n<\/div>\n\n<div class=\"wp-block-columns alignfull FullwidthContainingContained has-contrast-2-background-color has-background is-layout-flex wp-container-core-columns-is-layout-9d6595d7 wp-block-columns-is-layout-flex\" id=\"altraps\">\n<div class=\"wp-block-column containedInFullwidth has-base-3-color has-text-color is-layout-flow wp-block-column-is-layout-flow\">\n<h3 class=\"wp-block-heading has-base-3-color has-text-color\">Colza ancien et repousses<\/h3>\n\n\n\n<p>Si l&rsquo;on n&rsquo;y prend pas garde, la culture du colza peut aussi \u00eatre entrav\u00e9e par le vieux colza et les repousses de colza. Le vieux colza maintient les cha\u00eenes d&rsquo;infection et r\u00e9duit la pause dans la rotation des cultures. Quant aux repousses spontan\u00e9es de colza, elles conduisent \u00e0 un peuplement trop dense et peuvent ainsi d\u00e9grader consid\u00e9rablement la qualit\u00e9 de la r\u00e9colte. Il appara\u00eet donc clairement\u00a0: Le colza est une plante exigeante qui pr\u00e9sente quelques d\u00e9fis qu&rsquo;il convient de relever.<\/p>\n<\/div>\n<\/div>\n\n<div class=\"wp-block-columns alignfull FullwidthContainingContained ausfallraps-layout has-contrast-2-background-color has-background is-layout-flex wp-container-core-columns-is-layout-9d6595d7 wp-block-columns-is-layout-flex\">\n<div class=\"wp-block-column containedInFullwidth has-base-3-color has-text-color is-layout-flow wp-block-column-is-layout-flow\">\n<div class=\"wp-block-columns is-layout-flex wp-container-core-columns-is-layout-9d6595d7 wp-block-columns-is-layout-flex\">\n<div class=\"wp-block-column is-layout-flow wp-block-column-is-layout-flow\" style=\"flex-basis:66.66%\">\n<h3 class=\"wp-block-heading has-base-3-color has-text-color\" id=\"ausfallraps\">Repousses de colza<\/h3>\n\n\n\n<p>M\u00eame si la r\u00e9colte de colza se d\u00e9roule dans des conditions id\u00e9ales, il y a toujours des pertes de rendement. Si le colza est r\u00e9colt\u00e9 trop tard ou si une temp\u00eate fait des d\u00e9g\u00e2ts, ces pertes peuvent m\u00eame \u00eatre assez \u00e9lev\u00e9es.<\/p>\n\n\n\n<h3 class=\"wp-block-heading has-base-3-color has-text-color\" id=\"ruhestoerung\">Lev\u00e9e de dormance<\/h3>\n\n\n\n<p>Apr\u00e8s le semis, les graines de colza entrent en dormance primaire qu&rsquo;il faut perturber par diff\u00e9rents moyens pour faire germer les grains. Les meilleures conditions de germination pour les petits grains de colza sont r\u00e9unies lorsqu&rsquo;ils sont proches de la surface et pas trop profond\u00e9ment enterr\u00e9s.<br\/>En revanche, si les graines sont enterr\u00e9es trop profond\u00e9ment, elles entrent dans une p\u00e9riode de dormance secondaire. Elles mettent alors encore plus de temps \u00e0 germer et apparaissent dans les cultures suivantes sous forme de repousses spontan\u00e9es g\u00eanantes. Les graines de colza enterr\u00e9es tr\u00e8s profond\u00e9ment peuvent rester en germination jusqu&rsquo;\u00e0 10\u00a0ans.<\/p>\n<\/div>\n\n\n\n<div class=\"wp-block-column is-vertically-aligned-center raps-kreis-img is-layout-flow wp-block-column-is-layout-flow\" style=\"flex-basis:33.33%\">\n<figure class=\"wp-block-image size-full\"><img loading=\"lazy\" decoding=\"async\" width=\"600\" height=\"655\" src=\"https:\/\/www.muething.com\/wp-content\/uploads\/2023\/02\/Rapsfeld_Kreis_angeschnitten_web.png\" alt=\"\" class=\"wp-image-3342\" srcset=\"https:\/\/www.muething.com\/wp-content\/uploads\/2023\/02\/Rapsfeld_Kreis_angeschnitten_web.png 600w, https:\/\/www.muething.com\/wp-content\/uploads\/2023\/02\/Rapsfeld_Kreis_angeschnitten_web-275x300.png 275w\" sizes=\"auto, (max-width: 600px) 100vw, 600px\" \/><\/figure>\n<\/div>\n<\/div>\n<\/div>\n<\/div>\n\n<div class=\"wp-block-columns alignfull FullwidthContainingContained has-contrast-2-background-color has-background is-layout-flex wp-container-core-columns-is-layout-9d6595d7 wp-block-columns-is-layout-flex\" id=\"dagegen\">\n<div class=\"wp-block-column containedInFullwidth has-base-3-color has-text-color is-layout-flow wp-block-column-is-layout-flow\">\n<h3 class=\"wp-block-heading has-base-3-color has-text-color\">Que faire pour y rem\u00e9dier\u00a0?<\/h3>\n\n\n\n<p>Le mulching\u00a0! Le broyeur-mulcheur aspire les graines du sol, broie les r\u00e9sidus de r\u00e9colte et les repousse \u00e0 nouveau contre le sol. Comme le broyeur-mulcheur n&rsquo;intervient pas dans le sol, les graines ne sont pas enfonc\u00e9es trop profond\u00e9ment dans le sol et la dormance secondaire est ainsi \u00e9vit\u00e9e.<br\/>Un autre avantage\u00a0: les siliques sont en outre ouvertes de sorte que les graines sinon immatures peuvent germer de mani\u00e8re optimale sous la couverture de sol.<\/p>\n<\/div>\n<\/div>\n\n<div class=\"wp-block-columns alignfull FullwidthContainingContained pilze-layout has-contrast-2-background-color has-background is-layout-flex wp-container-core-columns-is-layout-9d6595d7 wp-block-columns-is-layout-flex\">\n<div class=\"wp-block-column containedInFullwidth has-base-3-color has-text-color is-layout-flow wp-block-column-is-layout-flow\">\n<div class=\"wp-block-columns is-layout-flex wp-container-core-columns-is-layout-9d6595d7 wp-block-columns-is-layout-flex\">\n<div class=\"wp-block-column is-vertically-aligned-top pilz-img is-layout-flow wp-block-column-is-layout-flow\" style=\"flex-basis:33.33%\">\n<figure class=\"wp-block-image size-large\"><img loading=\"lazy\" decoding=\"async\" width=\"1024\" height=\"682\" src=\"https:\/\/www.muething.com\/wp-content\/uploads\/2023\/04\/shutterstock_2005008800-1024x682.png\" alt=\"\" class=\"wp-image-4046\" srcset=\"https:\/\/www.muething.com\/wp-content\/uploads\/2023\/04\/shutterstock_2005008800-1024x682.png 1024w, https:\/\/www.muething.com\/wp-content\/uploads\/2023\/04\/shutterstock_2005008800-300x200.png 300w, https:\/\/www.muething.com\/wp-content\/uploads\/2023\/04\/shutterstock_2005008800-768x512.png 768w, https:\/\/www.muething.com\/wp-content\/uploads\/2023\/04\/shutterstock_2005008800-391x260.png 391w, https:\/\/www.muething.com\/wp-content\/uploads\/2023\/04\/shutterstock_2005008800.png 1258w\" sizes=\"auto, (max-width: 1024px) 100vw, 1024px\" \/><\/figure>\n<\/div>\n\n\n\n<div class=\"wp-block-column is-layout-flow wp-block-column-is-layout-flow\" style=\"flex-basis:100%\">\n<h3 class=\"wp-block-heading has-base-3-color has-text-color\" id=\"pilzkrankheiten\">La scl\u00e9rotiniose, le phoma et autres maladies fongiques<\/h3>\n\n\n\n<p>Le colza n&rsquo;est malheureusement pas non plus tr\u00e8s r\u00e9sistant aux maladies fongiques de toutes sortes. La scl\u00e9rotiniose ou pourriture blanche \u2013 maladie cryptogamique due \u00e0 l&rsquo;attaque de champignons parasites du genre Sclerotinia \u2013 peut subsister jusqu&rsquo;\u00e0 10\u00a0ans dans le sol et causer des dommages \u00e0 long terme aux colzas. Il existe certes des fongicides pour lutter contre ces champignons mais qui sont toutefois tr\u00e8s controvers\u00e9s au regard de la protection des abeilles.<\/p>\n\n\n\n<h3 class=\"wp-block-heading has-base-3-color has-text-color\" id=\"allzweckwaffe\">Le broyeur-mulcheur, une arme polyvalente \u2013 m\u00eame contre les champignons<\/h3>\n\n\n\n<p>Le mulching assure le broyage des r\u00e9sidus de r\u00e9colte et acc\u00e9l\u00e8re le processus de d\u00e9composition. Il permet \u00e9galement de d\u00e9fibrer les tiges de colza tandis que des micro-organismes de plus grande taille peuvent attaquer et d\u00e9truire les scl\u00e9rotes expos\u00e9s.<\/p>\n<\/div>\n<\/div>\n<\/div>\n<\/div>\n\n<div class=\"wp-block-columns alignfull FullwidthContainingContained no_marginBottom borderTop_thick has-base-3-background-color has-background is-layout-flex wp-container-core-columns-is-layout-9d6595d7 wp-block-columns-is-layout-flex\" id=\"bodenbearbeitung\">\n<div class=\"wp-block-column containedInFullwidth is-layout-flow wp-block-column-is-layout-flow\">\n<div style=\"height:40px\" aria-hidden=\"true\" class=\"wp-block-spacer\"><\/div>\n\n\n\n<div class=\"wp-block-columns is-layout-flex wp-container-core-columns-is-layout-9d6595d7 wp-block-columns-is-layout-flex\">\n<div class=\"wp-block-column is-vertically-aligned-center is-layout-flow wp-block-column-is-layout-flow\" style=\"flex-basis:100%\">\n<div class=\"wp-block-columns headline-container is-layout-flex wp-container-core-columns-is-layout-9d6595d7 wp-block-columns-is-layout-flex\">\n<div class=\"wp-block-column is-layout-flow wp-block-column-is-layout-flow\">\n<h2 class=\"wp-block-heading\">Pr\u00e9paration du sol<\/h2>\n\n\n\n<p>Le mulching pr\u00e9sente \u00e9galement des avantages pour les nouveaux semis apr\u00e8s la r\u00e9colte du colza. Gr\u00e2ce au broyage intensif des r\u00e9sidus de r\u00e9colte, ceux-ci ne peuvent plus provoquer de bourrage ni de mauvais d\u00e9p\u00f4t de la nouvelle semence. Le colza a travaill\u00e9 dur pendant presque une ann\u00e9e enti\u00e8re avant d&rsquo;\u00eatre r\u00e9colt\u00e9 et a contribu\u00e9 \u00e0 constituer une structure de sol am\u00e9lior\u00e9e pour la culture suivante qui ne sera pas d\u00e9truite par le mulching. Cela permet un deuxi\u00e8me d\u00e9chaumage apr\u00e8s le mulching, un travail du sol ultra-plat sans apport de glyphosate est alors r\u00e9alisable.<\/p>\n<\/div>\n<\/div>\n<\/div>\n<\/div>\n<\/div>\n<\/div>\n\n<div class=\"wp-block-columns alignfull no_marginBottom borderTop_thick is-layout-flex wp-container-core-columns-is-layout-9d6595d7 wp-block-columns-is-layout-flex\" id=\"rapskeim\">\n<div class=\"wp-block-column is-layout-flow wp-block-column-is-layout-flow\">\n<div style=\"height:44vh\" aria-hidden=\"true\" class=\"wp-block-spacer\"><\/div>\n<\/div>\n<\/div>\n","protected":false},"excerpt":{"rendered":"<p>\u00ab\u00a0La culture du colzane s&rsquo;improvise pas\u00a0!\u00a0\u00bb Th\u00e8mes Colza ancien et repousses Repousses de colza Lev\u00e9e de dormance Que faire pour y rem\u00e9dier\u00a0? La scl\u00e9rotiniose, le phoma et autres maladies fongiques Le broyeur-mulcheur, une arme polyvalente \u2013 m\u00eame contre les champignons Pr\u00e9paration du sol Brassica Napus \u2013 Colza pr\u00e9cieuse plante ol\u00e9agineuse dor\u00e9e exigence phytosanitaire \u00e9lev\u00e9e lutte &#8230; <\/p>\n<p class=\"read-more-container\"><a title=\"Colza\" class=\"read-more button\" href=\"https:\/\/www.muething.com\/fr\/a-savoir\/colza\/#more-10651\" aria-label=\"En savoir plus sur Colza\">Mehr erfahren<\/a><\/p>\n","protected":false},"author":1,"featured_media":0,"parent":10576,"menu_order":0,"comment_status":"closed","ping_status":"closed","template":"","meta":{"inline_featured_image":false,"footnotes":""},"class_list":{"0":"post-10651","1":"page","2":"type-page","3":"status-publish","5":"infinite-scroll-item"},"aioseo_notices":[],"_links":{"self":[{"href":"https:\/\/www.muething.com\/fr\/wp-json\/wp\/v2\/pages\/10651","targetHints":{"allow":["GET"]}}],"collection":[{"href":"https:\/\/www.muething.com\/fr\/wp-json\/wp\/v2\/pages"}],"about":[{"href":"https:\/\/www.muething.com\/fr\/wp-json\/wp\/v2\/types\/page"}],"author":[{"embeddable":true,"href":"https:\/\/www.muething.com\/fr\/wp-json\/wp\/v2\/users\/1"}],"replies":[{"embeddable":true,"href":"https:\/\/www.muething.com\/fr\/wp-json\/wp\/v2\/comments?post=10651"}],"version-history":[{"count":1,"href":"https:\/\/www.muething.com\/fr\/wp-json\/wp\/v2\/pages\/10651\/revisions"}],"predecessor-version":[{"id":10654,"href":"https:\/\/www.muething.com\/fr\/wp-json\/wp\/v2\/pages\/10651\/revisions\/10654"}],"up":[{"embeddable":true,"href":"https:\/\/www.muething.com\/fr\/wp-json\/wp\/v2\/pages\/10576"}],"wp:attachment":[{"href":"https:\/\/www.muething.com\/fr\/wp-json\/wp\/v2\/media?parent=10651"}],"curies":[{"name":"wp","href":"https:\/\/api.w.org\/{rel}","templated":true}]}}