{"id":10580,"date":"2022-12-14T14:09:46","date_gmt":"2022-12-14T14:09:46","guid":{"rendered":"https:\/\/www.muething.com\/boutique-des-pieces-de-rechange\/"},"modified":"2024-06-06T10:30:28","modified_gmt":"2024-06-06T10:30:28","slug":"boutique-des-pieces-de-rechange","status":"publish","type":"page","link":"https:\/\/www.muething.com\/fr\/boutique-des-pieces-de-rechange\/","title":{"rendered":"Boutique des pi\u00e8ces de rechange"},"content":{"rendered":"\n<div class=\"wp-block-columns alignfull ersatzteilshopBannerContainer is-layout-flex wp-container-core-columns-is-layout-9d6595d7 wp-block-columns-is-layout-flex\">\n<div class=\"wp-block-column is-layout-flow wp-block-column-is-layout-flow\"><\/div>\n<\/div>\n\n<div style=\"height:60px\" aria-hidden=\"true\" class=\"wp-block-spacer\"><\/div>\n\n<div class=\"wp-block-columns headline-container is-layout-flex wp-container-core-columns-is-layout-9d6595d7 wp-block-columns-is-layout-flex\">\n<div class=\"wp-block-column is-layout-flow wp-block-column-is-layout-flow\">\n<h1 class=\"wp-block-heading white-font\">Boutique des pi\u00e8ces de rechange<\/h1>\n<\/div>\n<\/div>\n\n<p class=\"white-font\">Vous recherchez une pi\u00e8ce de rechange appropri\u00e9e\u00a0?<br\/>Dans notre boutique des pi\u00e8ces de rechange, vous trouverez toutes les pi\u00e8ces relatives aux techniques de mulching et de transport en passant par les herses rotatives jusqu&rsquo;aux conteneurs arri\u00e8re.<\/p>\n\n<div style=\"height:60px\" aria-hidden=\"true\" class=\"wp-block-spacer\"><\/div>\n\n<h2 class=\"wp-block-heading white-font\"><strong>Acc\u00e9dez \u00e0 notre boutique de pi\u00e8ces de rechange\u00a0:<\/strong><\/h2>\n\n<a href=\"https:\/\/muething.shop\/\" target=\"_blank\" rel=\"noopener\" class=\"white-arrow-link\">https:\/\/muething.shop\/<\/a>\n<div class=\"wp-block-image shop-icon-link\">\n<figure class=\"alignright size-large\"><a href=\"https:\/\/muething.shop\/\" target=\"_blank\" rel=\"noreferrer noopener\"><img loading=\"lazy\" decoding=\"async\" width=\"366\" height=\"366\" src=\"https:\/\/www.muething.com\/wp-content\/uploads\/2022\/12\/Muething_Button-Shop.svg\" alt=\"\" class=\"wp-image-2355\"\/><\/a><\/figure>\n<\/div>\n<div style=\"height:60px\" aria-hidden=\"true\" class=\"wp-block-spacer\"><\/div>\n","protected":false},"excerpt":{"rendered":"<p>Boutique des pi\u00e8ces de rechange Vous recherchez une pi\u00e8ce de rechange appropri\u00e9e\u00a0?Dans notre boutique des pi\u00e8ces de rechange, vous trouverez toutes les pi\u00e8ces relatives aux techniques de mulching et de transport en passant par les herses rotatives jusqu&rsquo;aux conteneurs arri\u00e8re. Acc\u00e9dez \u00e0 notre boutique de pi\u00e8ces de rechange\u00a0: https:\/\/muething.shop\/<\/p>\n","protected":false},"author":1,"featured_media":0,"parent":0,"menu_order":0,"comment_status":"closed","ping_status":"closed","template":"","meta":{"inline_featured_image":false,"footnotes":""},"class_list":{"0":"post-10580","1":"page","2":"type-page","3":"status-publish","5":"infinite-scroll-item"},"aioseo_notices":[],"_links":{"self":[{"href":"https:\/\/www.muething.com\/fr\/wp-json\/wp\/v2\/pages\/10580","targetHints":{"allow":["GET"]}}],"collection":[{"href":"https:\/\/www.muething.com\/fr\/wp-json\/wp\/v2\/pages"}],"about":[{"href":"https:\/\/www.muething.com\/fr\/wp-json\/wp\/v2\/types\/page"}],"author":[{"embeddable":true,"href":"https:\/\/www.muething.com\/fr\/wp-json\/wp\/v2\/users\/1"}],"replies":[{"embeddable":true,"href":"https:\/\/www.muething.com\/fr\/wp-json\/wp\/v2\/comments?post=10580"}],"version-history":[{"count":5,"href":"https:\/\/www.muething.com\/fr\/wp-json\/wp\/v2\/pages\/10580\/revisions"}],"predecessor-version":[{"id":10645,"href":"https:\/\/www.muething.com\/fr\/wp-json\/wp\/v2\/pages\/10580\/revisions\/10645"}],"wp:attachment":[{"href":"https:\/\/www.muething.com\/fr\/wp-json\/wp\/v2\/media?parent=10580"}],"curies":[{"name":"wp","href":"https:\/\/api.w.org\/{rel}","templated":true}]}}