{"id":10576,"date":"2022-09-15T09:10:28","date_gmt":"2022-09-15T09:10:28","guid":{"rendered":"https:\/\/www.muething.com\/a-savoir\/"},"modified":"2024-07-10T13:13:17","modified_gmt":"2024-07-10T13:13:17","slug":"a-savoir","status":"publish","type":"page","link":"https:\/\/www.muething.com\/fr\/a-savoir\/","title":{"rendered":"\u00c0 savoir"},"content":{"rendered":"\n<div style=\"height:220px\" aria-hidden=\"true\" class=\"wp-block-spacer wissenswertes_abstandOben\"><\/div>\n\n<div class=\"wp-block-columns alignfull home_wissensSektion no_marginBottom has-contrast-background-color has-background is-layout-flex wp-container-core-columns-is-layout-9d6595d7 wp-block-columns-is-layout-flex\" id=\"wissenswertes_horizont\">\n<div class=\"wp-block-column is-layout-flow wp-block-column-is-layout-flow\">\n<div class=\"wp-block-columns alignfull vollbild-HG is-layout-flex wp-container-core-columns-is-layout-9d6595d7 wp-block-columns-is-layout-flex\">\n<div class=\"wp-block-column backgroundGradient_darken is-layout-flow wp-block-column-is-layout-flow\">\n<div class=\"wp-block-columns layoutZweispaltig_containedInFullwidth is-layout-flex wp-container-core-columns-is-layout-9d6595d7 wp-block-columns-is-layout-flex\">\n<div class=\"wp-block-column is-layout-flow wp-block-column-is-layout-flow\">\n<div class=\"quoteHorizon white-font\"><div class=\"quoteLine1\">\u00ab\u00a0Pourquoi ne pas tout simplement \u00e9largir <\/div><div class=\"quoteLine2 h2-size uppercase bold-font\">votre horizon\u00a0?\u00a0\u00bb<\/div><\/div>\n<\/div>\n\n\n\n<div class=\"wp-block-column themen-ueberblick_container is-layout-flow wp-block-column-is-layout-flow\">\n<div class=\"wp-block-columns headline-container is-layout-flex wp-container-core-columns-is-layout-9d6595d7 wp-block-columns-is-layout-flex\">\n<div class=\"wp-block-column is-layout-flow wp-block-column-is-layout-flow\">\n<div class=\"white-font accordion-trigger\"><h3>Th\u00e8mes<\/h3><\/div>\n\n\n\n<div class=\"themenUeberblick\">\n<p>Horizons\u00a0: le b.a.-ba<\/p>\n<a href=\"#erdeIntro\" class=\"white-arrow-link\">Notions g\u00e9n\u00e9rales sur les sols<\/a><br\/>\n<a href=\"#erdreich\" class=\"white-arrow-link\">Richesse des sols<\/a><br\/>\n<a href=\"#bodenbestandteile\" class=\"white-arrow-link\">Composants du sol<\/a><br\/>\n<a href=\"#mulchen\" class=\"white-arrow-link\">Il y a mulching et mulching<\/a>\n<\/div>\n<\/div>\n<\/div>\n<\/div>\n<\/div>\n<\/div>\n<\/div>\n\n\n\n<div class=\"FullwidthContainingContained StoererBildUnten-Container\">\n<div class=\"Info-Kreis-StoererContainer StoererBildUnten\">\n<div class=\"Info-Kreis-Stoerer StoererBildUnten\">\n<div class=\"StoererStichpunkte white-font\">\n<h3>Avantages<\/h3>\n<dl><dd>meilleur couvert organique<\/dd><dd>plus riche en humus<\/dd><dd>engrais gratuit<\/dd><\/dl>\n<\/div>\n<img decoding=\"async\" src=\"\/wp-content\/uploads\/2023\/11\/shutterstock_244084768_trim-neu.png\" alt=\"Un morceau de terre agricole en suspension\"\/>\n<\/div>\n<\/div>\n<\/div>\n\n\n\n<div class=\"wp-block-columns textBoxContainer_containedInFullwidth is-layout-flex wp-container-core-columns-is-layout-9d6595d7 wp-block-columns-is-layout-flex\">\n<div class=\"wp-block-column textBox OutlineYellow white-font has-base-3-color has-text-color is-layout-flow wp-block-column-is-layout-flow\">\n<h3 class=\"wp-block-heading headline_noBorder has-base-3-color has-text-color\" id=\"erdeIntro\">Tout savoir sur le sol et l&rsquo;humus<\/h3>\n\n\n\n<hr class=\"wp-block-separator has-text-color has-accent-color has-alpha-channel-opacity has-accent-background-color has-background dividerShort\"\/>\n\n\n\n<p>On se tient dessus, on marche dessus, on se couche dessus. Mais personne ou presque ne se soucie de savoir ce qui se passe en dessous. Hormis peut-\u00eatre ceux qui travaillent le sol. Et m\u00eame eux en savent h\u00e9las souvent trop peu sur ce que l&rsquo;on appelle commun\u00e9ment la terre. En fait, par Terre M\u00e8re, nous entendons notre plan\u00e8te. Mais on pourrait aussi parler du sol au regard de la vie qu&rsquo;elle contient et combien de vies elle alimente en surface.<\/p>\n\n\n\n<p>Le principal composant du sol est l&rsquo;humus qui r\u00e9sulte de l&rsquo;humification et de la d\u00e9gradation des mati\u00e8res organiques. Cette d\u00e9composition s&rsquo;obtient aussi sous l&rsquo;action d&rsquo;\u00eatres vivants tels que des vers de terre ou des larves. Plus ces \u00eatres vivants re\u00e7oivent de nourriture, plus ils produisent de l&rsquo;humus. La fertilit\u00e9 du sol est ainsi favoris\u00e9e, voire augment\u00e9e. Le mulching fournit une nourriture abondante \u00e0 ces organismes vivants dans le sol et assure par cons\u00e9quent la formation d&rsquo;humus. Le mulching n&rsquo;apporte pas d&rsquo;engrais, mais gr\u00e2ce \u00e0 l&rsquo;action des organismes pr\u00e9sents dans le sol, il a le m\u00eame r\u00f4le. Il a aussi une action b\u00e9n\u00e9fique pour tous les organismes vivant dans le sol.<\/p>\n\n\n\n<p><\/p>\n<\/div>\n<\/div>\n<\/div>\n<\/div>\n\n<div class=\"wp-block-columns is-layout-flex wp-container-core-columns-is-layout-9d6595d7 wp-block-columns-is-layout-flex\" id=\"erdreich\">\n<div class=\"wp-block-column white-font is-layout-flow wp-block-column-is-layout-flow\">\n<h3 class=\"wp-block-heading\">Terre = Sol riche<\/h3>\n\n\n\n<p class=\"white-font\">Il faut 100\u00a0ans pour constituer 1\u00a0cm de sol. <\/p>\n<\/div>\n<\/div>\n\n<div class=\"wp-block-columns small-text caption-out-of-container desktop is-layout-flex wp-container-core-columns-is-layout-9d6595d7 wp-block-columns-is-layout-flex\" id=\"humusgehalt\">\n<div class=\"wp-block-column is-layout-flow wp-block-column-is-layout-flow\"><\/div>\n\n\n\n<div class=\"wp-block-column is-layout-flow wp-block-column-is-layout-flow\">\n<p class=\"white-font\">La teneur en humus peut \u00eatre estim\u00e9e grossi\u00e8rement \u00e0 partir de la couleur du sol. Une d\u00e9termination pr\u00e9cise de la composition en mati\u00e8res organiques s&rsquo;effectue en laboratoire.<\/p>\n<\/div>\n<\/div>\n\n<div class=\"wp-block-columns wissenswertes_infoFeld is-layout-flex wp-container-core-columns-is-layout-9d6595d7 wp-block-columns-is-layout-flex\">\n<div class=\"wp-block-column is-layout-flow wp-block-column-is-layout-flow\">\n<div class=\"wp-block-columns is-layout-flex wp-container-core-columns-is-layout-9d6595d7 wp-block-columns-is-layout-flex\">\n<div class=\"wp-block-column relative-position is-layout-flow wp-block-column-is-layout-flow\"><div class=\"wp-block-image border_thin img_hochkant left_aligned_img\">\n<figure class=\"alignleft size-full\"><img loading=\"lazy\" decoding=\"async\" width=\"500\" height=\"549\" src=\"https:\/\/www.muething.com\/wp-content\/uploads\/2022\/09\/ErdHorizons.png\" alt=\"\" class=\"wp-image-1892\" srcset=\"https:\/\/www.muething.com\/wp-content\/uploads\/2022\/09\/ErdHorizons.png 500w, https:\/\/www.muething.com\/wp-content\/uploads\/2022\/09\/ErdHorizons-273x300.png 273w\" sizes=\"auto, (max-width: 500px) 100vw, 500px\" \/><\/figure>\n<\/div>\n\n\n<div class=\"number-circle\" id=\"number1-erdschichten-erdreich\"><p class=\"h2-size bold-font white-font\">1.<\/p><\/div>\n<\/div>\n\n\n\n<div class=\"wp-block-column is-layout-flow wp-block-column-is-layout-flow\">\n<p class=\"white-font\">De haut en bas<br\/>1. Humus<br\/>2. Couche arable<br\/>3. Sous-sol (substrat)<br\/>4. Blocs de roche \u00e9rod\u00e9s<br\/>5. La roche m\u00e8re (sans vie)<\/p>\n<\/div>\n<\/div>\n\n\n\n<div class=\"wp-block-columns is-layout-flex wp-container-core-columns-is-layout-9d6595d7 wp-block-columns-is-layout-flex\" id=\"erdschichtentext-mobile\">\n<div class=\"wp-block-column white-font is-layout-flow wp-block-column-is-layout-flow\">\n<p class=\"white-font\"><span class=\"h2-size bold-font\">1.<\/span> Les sols ne sont pas \u00e9gaux. Il est \u00e9tonnant de constater la diversit\u00e9 des couleurs qui se trouve sous la couche sup\u00e9rieure d&rsquo;humus. Les sols sont ainsi constitu\u00e9s de diff\u00e9rentes couches, lesdits horizons du sol. Comme le d\u00e9veloppement des couches de sol varie fortement selon la situation initiale, le climat, la nature min\u00e9rale des roches et l&rsquo;\u00e9volution dans le temps, il se forme diff\u00e9rents \u00e9cosyst\u00e8mes et types de sols qui ont aussi des fonctions et des r\u00f4les diff\u00e9rents.<\/p>\n<\/div>\n<\/div>\n<\/div>\n\n\n\n<div class=\"wp-block-column is-layout-flow wp-block-column-is-layout-flow\">\n<div class=\"wp-block-columns small-text caption-out-of-container mobile is-layout-flex wp-container-core-columns-is-layout-9d6595d7 wp-block-columns-is-layout-flex\" id=\"humusgehalt\">\n<div class=\"wp-block-column is-layout-flow wp-block-column-is-layout-flow\">\n<p class=\"white-font\">La teneur en humus peut \u00eatre estim\u00e9e grossi\u00e8rement \u00e0 partir de la couleur du sol. Une d\u00e9termination pr\u00e9cise de la composition en mati\u00e8res organiques s&rsquo;effectue en laboratoire.<\/p>\n<\/div>\n<\/div>\n\n\n\n<div class=\"wp-block-columns is-layout-flex wp-container-core-columns-is-layout-9d6595d7 wp-block-columns-is-layout-flex\">\n<div class=\"wp-block-column relative-position is-layout-flow wp-block-column-is-layout-flow\"><div class=\"wp-block-image border_thin img_hochkant\">\n<figure class=\"alignleft size-full\"><img loading=\"lazy\" decoding=\"async\" width=\"602\" height=\"666\" src=\"https:\/\/www.muething.com\/wp-content\/uploads\/2022\/09\/Erdproben.jpg\" alt=\"\" class=\"wp-image-1895\" srcset=\"https:\/\/www.muething.com\/wp-content\/uploads\/2022\/09\/Erdproben.jpg 602w, https:\/\/www.muething.com\/wp-content\/uploads\/2022\/09\/Erdproben-271x300.jpg 271w\" sizes=\"auto, (max-width: 602px) 100vw, 602px\" \/><\/figure>\n<\/div>\n\n\n<div class=\"number-circle\" id=\"number2-bodenproben-erdreich\"><p class=\"h2-size bold-font white-font\">2.<\/p><\/div>\n<\/div>\n\n\n\n<div class=\"wp-block-column is-layout-flow wp-block-column-is-layout-flow\">\n<p class=\"white-font\">Les \u00e9chantillons (de gauche \u00e0 droite) ont les teneurs en humus suivantes (indications en\u2004%)\u00a0:<br\/>1. argile limoneuse, 0,7\u2004%<br\/>2. argile limoneuse 1,7\u2004%<br\/>3. argile sablonneuse 3,1\u2004%<br\/>4. limon argileux 5,4\u2004%<br\/>5. limon argileux 6,5\u2004%<br\/>6. limon argileux 7,9\u2004%<br\/>7. limon argileux 9,9\u2004%<br\/>8. limon argileux 12,5\u2004%<br\/>9. argile sablonneuse 21,4\u2004%<br\/>10. sol tourbeux 84\u2004%<\/p>\n<\/div>\n<\/div>\n<\/div>\n<\/div>\n\n<div class=\"wp-block-columns is-layout-flex wp-container-core-columns-is-layout-9d6595d7 wp-block-columns-is-layout-flex\" id=\"erdschichtentext-desktop\">\n<div class=\"wp-block-column is-layout-flow wp-block-column-is-layout-flow\">\n<p class=\"white-font\"><span class=\"h2-size bold-font\">1.<\/span> Les sols ne sont pas \u00e9gaux. Il est \u00e9tonnant de constater la diversit\u00e9 des couleurs qui se trouve sous la couche sup\u00e9rieure d&rsquo;humus. Les sols sont ainsi constitu\u00e9s de diff\u00e9rentes couches, lesdits horizons du sol. Comme le d\u00e9veloppement des couches de sol varie fortement selon la situation initiale, le climat, la nature min\u00e9rale des roches et l&rsquo;\u00e9volution dans le temps, il se forme diff\u00e9rents \u00e9cosyst\u00e8mes et types de sols qui ont aussi des fonctions et des r\u00f4les diff\u00e9rents.<\/p>\n<\/div>\n<\/div>\n\n<div class=\"wp-block-columns is-layout-flex wp-container-core-columns-is-layout-9d6595d7 wp-block-columns-is-layout-flex\">\n<div class=\"wp-block-column is-layout-flow wp-block-column-is-layout-flow\">\n<p class=\"white-font\"><span class=\"h2-size bold-font\">2.<\/span> La teneur en humus des sols est tr\u00e8s variable. Elle peut \u00eatre calcul\u00e9e \u00e0 partir des valeurs mesur\u00e9es de la teneur en carbone organique du sol multipli\u00e9es par le facteur\u00a01,72 (respectivement par le facteur\u00a02 pour les tourbes et l&rsquo;humus de couverture). La teneur en humus d\u00e9pend de l&rsquo;horizon du sol, de la couverture v\u00e9g\u00e9tale, du climat, de l&rsquo;humidit\u00e9 du sol et de l&rsquo;utilisation du sol. La r\u00e9partition de l&rsquo;humus dans le sol pr\u00e9sente \u00e9galement de grandes diff\u00e9rences\u00a0: dans les sols forestiers, l&rsquo;humus constitue une \u00e9paisse couche au-dessus du sol min\u00e9ral (couche de liti\u00e8re, humus brut\/horizons organo-min\u00e9raux).<br\/>Dans les sols min\u00e9raux exploit\u00e9s \u00e0 des fins agricoles, l&rsquo;humus est intimement m\u00e9lang\u00e9 \u00e0 la fraction min\u00e9rale. <\/p>\n\n\n\n<p class=\"white-font\">La teneur en humus diminue alors rapidement de haut en bas\u00a0: environ la moiti\u00e9 de la mati\u00e8re organique totale se trouve dans le sol arable dans la zone de la structure grumeleuse, alors que dans le sol des prairies, il se trouve dans les 10 premiers centim\u00e8tres. Les sols profonds et humif\u00e8res constituent des cas particuliers, comme par exemple les terres noires, les sols organiques mar\u00e9cageux ou les mat\u00e9riaux mouvants alluviaux (colluvions). La teneur moyenne en humus est de 1,8 \u00e0 2,5\u2004% pour les sols min\u00e9raux cultiv\u00e9s dans la terre arable, et de 5 \u00e0 8\u2004% pour les sols de prairie dans les 10\u00a0cm sup\u00e9rieurs. Des teneurs en humus plus \u00e9lev\u00e9es sont typiques des sols argileux, des sols humides \u00e0 mouill\u00e9s et des sols sous climat pluvieux. Les sols sableux fortement a\u00e9r\u00e9s ont des teneurs en humus plus faibles (1 \u00e0 2\u2004%).<\/p>\n<\/div>\n<\/div>\n\n<div class=\"wp-block-columns wissenswertes_infoFeld is-layout-flex wp-container-core-columns-is-layout-9d6595d7 wp-block-columns-is-layout-flex\">\n<div class=\"wp-block-column is-layout-flow wp-block-column-is-layout-flow\">\n<div class=\"wp-block-columns is-layout-flex wp-container-core-columns-is-layout-9d6595d7 wp-block-columns-is-layout-flex\">\n<div class=\"wp-block-column is-vertically-aligned-top infotext_spaceBetween is-layout-flow wp-block-column-is-layout-flow\">\n<p class=\"white-font\" id=\"bodenbestandteile\">COMPOSANTS DU SOL <\/p>\n\n\n\n<ul class=\"white-font minus-list wp-block-list\">\n<li class=\"white-font\">Eau 23\u2004%<\/li>\n\n\n\n<li>Air 25\u2004%<\/li>\n\n\n\n<li>Substances organiques 7\u2004%<\/li>\n\n\n\n<li>Mati\u00e8res organiques mortes 85\u2004%<\/li>\n\n\n\n<li>Racines vivantes 9\u2004%<\/li>\n\n\n\n<li>Micro-organismes (la vie dans le sol) 6\u2004%<\/li>\n<\/ul>\n\n\n\n<ul class=\"white-font minus-list wp-block-list\">\n<li>Substances min\u00e9rales 45\u2004%<\/li>\n\n\n\n<li>Quartz 38\u2004%<\/li>\n\n\n\n<li>Mica 20\u2004%<\/li>\n\n\n\n<li>Carbonates 12\u2004%<\/li>\n<\/ul>\n<\/div>\n\n\n\n<div class=\"wp-block-column is-vertically-aligned-center is-layout-flow wp-block-column-is-layout-flow\">\n<figure class=\"wp-block-image size-full img_hochkant\"><img loading=\"lazy\" decoding=\"async\" width=\"541\" height=\"542\" src=\"https:\/\/www.muething.com\/wp-content\/uploads\/2023\/01\/Ringdiagramm.png\" alt=\"\" class=\"wp-image-2712\" srcset=\"https:\/\/www.muething.com\/wp-content\/uploads\/2023\/01\/Ringdiagramm.png 541w, https:\/\/www.muething.com\/wp-content\/uploads\/2023\/01\/Ringdiagramm-300x300.png 300w, https:\/\/www.muething.com\/wp-content\/uploads\/2023\/01\/Ringdiagramm-150x150.png 150w\" sizes=\"auto, (max-width: 541px) 100vw, 541px\" \/><\/figure>\n<\/div>\n<\/div>\n<\/div>\n\n\n\n<div class=\"wp-block-column is-layout-flow wp-block-column-is-layout-flow\">\n<div class=\"wp-block-columns is-layout-flex wp-container-core-columns-is-layout-9d6595d7 wp-block-columns-is-layout-flex\">\n<div class=\"wp-block-column infotext_spaceBetween is-layout-flow wp-block-column-is-layout-flow\"><div class=\"wp-block-image is-resized\">\n<figure class=\"aligncenter size-full\"><img loading=\"lazy\" decoding=\"async\" width=\"407\" height=\"331\" src=\"https:\/\/www.muething.com\/wp-content\/uploads\/2023\/05\/bodenzusammensetzung-2048x689-2.png\" alt=\"\" class=\"wp-image-4141\" srcset=\"https:\/\/www.muething.com\/wp-content\/uploads\/2023\/05\/bodenzusammensetzung-2048x689-2.png 407w, https:\/\/www.muething.com\/wp-content\/uploads\/2023\/05\/bodenzusammensetzung-2048x689-2-300x244.png 300w\" sizes=\"auto, (max-width: 407px) 100vw, 407px\" \/><\/figure>\n<\/div>\n\n\n<figure class=\"wp-block-image size-large\"><a href=\"\/wp-content\/uploads\/2023\/01\/Grafiken-Lebewesen_web.jpg\" target=\"_blank\" rel=\"noreferrer noopener\"><img loading=\"lazy\" decoding=\"async\" width=\"1024\" height=\"800\" src=\"https:\/\/www.muething.com\/wp-content\/uploads\/2023\/01\/Grafiken-Lebewesen_web-1024x800.jpg\" alt=\"\" class=\"wp-image-2727\" srcset=\"https:\/\/www.muething.com\/wp-content\/uploads\/2023\/01\/Grafiken-Lebewesen_web-1024x800.jpg 1024w, https:\/\/www.muething.com\/wp-content\/uploads\/2023\/01\/Grafiken-Lebewesen_web-300x234.jpg 300w, https:\/\/www.muething.com\/wp-content\/uploads\/2023\/01\/Grafiken-Lebewesen_web-768x600.jpg 768w, https:\/\/www.muething.com\/wp-content\/uploads\/2023\/01\/Grafiken-Lebewesen_web-1536x1200.jpg 1536w, https:\/\/www.muething.com\/wp-content\/uploads\/2023\/01\/Grafiken-Lebewesen_web.jpg 1920w\" sizes=\"auto, (max-width: 1024px) 100vw, 1024px\" \/><\/a><\/figure>\n<\/div>\n<\/div>\n<\/div>\n<\/div>\n\n<div class=\"wp-block-columns alignfull FullwidthContainingContained borderTop_thick no_marginBottom has-base-3-background-color has-background is-layout-flex wp-container-core-columns-is-layout-9d6595d7 wp-block-columns-is-layout-flex\" id=\"mulchen\">\n<div class=\"wp-block-column containedInFullwidth is-layout-flow wp-block-column-is-layout-flow\">\n<div style=\"height:40px\" aria-hidden=\"true\" class=\"wp-block-spacer\"><\/div>\n\n\n\n<div class=\"wp-block-columns is-layout-flex wp-container-core-columns-is-layout-9d6595d7 wp-block-columns-is-layout-flex\">\n<div class=\"wp-block-column is-vertically-aligned-center is-layout-flow wp-block-column-is-layout-flow\" style=\"flex-basis:50%\">\n<div class=\"wp-block-columns headline-container is-layout-flex wp-container-core-columns-is-layout-9d6595d7 wp-block-columns-is-layout-flex\">\n<div class=\"wp-block-column is-layout-flow wp-block-column-is-layout-flow\">\n<h3 class=\"wp-block-heading\">Il y a mulching et mulching<\/h3>\n\n\n\n<p>Le mulching est essentiel \u00e0 la formation de l&rsquo;humus. Comme les vers de terre n&rsquo;ont pas de dents, les mati\u00e8res doivent \u00eatre pr\u00e9alablement broy\u00e9es pour qu&rsquo;ils puissent les ing\u00e9rer. Gr\u00e2ce \u00e0 la contre-lame ajustable et \u00e0 la possibilit\u00e9 de r\u00e9gler le degr\u00e9 de d\u00e9chiquetage, le syst\u00e8me M\u00fcthing Vario peut d\u00e9chiqueter les r\u00e9sidus de r\u00e9colte de mani\u00e8re optimale pour les vers de terre.<\/p>\n<\/div>\n<\/div>\n<\/div>\n\n\n\n<div class=\"wp-block-column is-vertically-aligned-center is-layout-flow wp-block-column-is-layout-flow\" style=\"flex-basis:50%\">\n<figure class=\"wp-block-image size-large\"><img loading=\"lazy\" decoding=\"async\" width=\"1024\" height=\"771\" src=\"https:\/\/www.muething.com\/wp-content\/uploads\/2023\/10\/Muething-Vario_Mulcher-lws-1024x771.png\" alt=\"\" class=\"wp-image-6090\" srcset=\"https:\/\/www.muething.com\/wp-content\/uploads\/2023\/10\/Muething-Vario_Mulcher-lws-1024x771.png 1024w, https:\/\/www.muething.com\/wp-content\/uploads\/2023\/10\/Muething-Vario_Mulcher-lws-300x226.png 300w, https:\/\/www.muething.com\/wp-content\/uploads\/2023\/10\/Muething-Vario_Mulcher-lws-768x578.png 768w, https:\/\/www.muething.com\/wp-content\/uploads\/2023\/10\/Muething-Vario_Mulcher-lws-1536x1157.png 1536w, https:\/\/www.muething.com\/wp-content\/uploads\/2023\/10\/Muething-Vario_Mulcher-lws-2048x1542.png 2048w\" sizes=\"auto, (max-width: 1024px) 100vw, 1024px\" \/><\/figure>\n<\/div>\n<\/div>\n<\/div>\n<\/div>\n","protected":false},"excerpt":{"rendered":"<p>\u00ab\u00a0Pourquoi ne pas tout simplement \u00e9largir votre horizon\u00a0?\u00a0\u00bb Th\u00e8mes Horizons\u00a0: le b.a.-ba Notions g\u00e9n\u00e9rales sur les sols Richesse des sols Composants du sol Il y a mulching et mulching Avantages meilleur couvert organique plus riche en humus engrais gratuit Tout savoir sur le sol et l&rsquo;humus On se tient dessus, on marche dessus, on se &#8230; <\/p>\n<p class=\"read-more-container\"><a title=\"\u00c0 savoir\" class=\"read-more button\" href=\"https:\/\/www.muething.com\/fr\/a-savoir\/#more-10576\" aria-label=\"En savoir plus sur \u00c0 savoir\">Mehr erfahren<\/a><\/p>\n","protected":false},"author":1,"featured_media":0,"parent":0,"menu_order":0,"comment_status":"closed","ping_status":"closed","template":"","meta":{"inline_featured_image":false,"footnotes":""},"class_list":{"0":"post-10576","1":"page","2":"type-page","3":"status-publish","5":"infinite-scroll-item"},"aioseo_notices":[],"_links":{"self":[{"href":"https:\/\/www.muething.com\/fr\/wp-json\/wp\/v2\/pages\/10576","targetHints":{"allow":["GET"]}}],"collection":[{"href":"https:\/\/www.muething.com\/fr\/wp-json\/wp\/v2\/pages"}],"about":[{"href":"https:\/\/www.muething.com\/fr\/wp-json\/wp\/v2\/types\/page"}],"author":[{"embeddable":true,"href":"https:\/\/www.muething.com\/fr\/wp-json\/wp\/v2\/users\/1"}],"replies":[{"embeddable":true,"href":"https:\/\/www.muething.com\/fr\/wp-json\/wp\/v2\/comments?post=10576"}],"version-history":[{"count":5,"href":"https:\/\/www.muething.com\/fr\/wp-json\/wp\/v2\/pages\/10576\/revisions"}],"predecessor-version":[{"id":10641,"href":"https:\/\/www.muething.com\/fr\/wp-json\/wp\/v2\/pages\/10576\/revisions\/10641"}],"wp:attachment":[{"href":"https:\/\/www.muething.com\/fr\/wp-json\/wp\/v2\/media?parent=10576"}],"curies":[{"name":"wp","href":"https:\/\/api.w.org\/{rel}","templated":true}]}}