{"id":10574,"date":"2022-09-15T08:57:02","date_gmt":"2022-09-15T08:57:02","guid":{"rendered":"https:\/\/www.muething.com\/salons-professionnels\/"},"modified":"2024-09-18T06:16:50","modified_gmt":"2024-09-18T06:16:50","slug":"salons-professionnels","status":"publish","type":"page","link":"https:\/\/www.muething.com\/fr\/salons-professionnels\/","title":{"rendered":"Salons professionnels"},"content":{"rendered":"\n<div style=\"height:40px\" aria-hidden=\"true\" class=\"wp-block-spacer\"><\/div>\n\n\n\n<div class=\"wp-block-columns FullwidthContainingContained is-layout-flex wp-container-core-columns-is-layout-9d6595d7 wp-block-columns-is-layout-flex\">\n<div class=\"wp-block-column messe-container is-layout-flow wp-block-column-is-layout-flow\">\n<div class=\"messen-pfeil\"><img decoding=\"async\" src=\"\/wp-content\/uploads\/2022\/12\/Muething_Messe-Pfeil_dark.svg\"\/><h2>Salons <br\/><script>document.write( new Date().getFullYear() );<\/script>\/<script>document.write( new Date().getFullYear()+1 );<\/script><\/h2><\/div>\n\n\n\n<div class=\"messen-header\"><h1>Salons professionels <script>document.write( new Date().getFullYear() );<\/script> \/ <script>document.write( new Date().getFullYear()+1 );<\/script><\/h1><\/div>\n\n\n\n<div class=\"mec-wrap mec-skin-list-container  \" id=\"mec_skin_2492\">\r\n\r\n    \r\n            <div class=\"mec-skin-list-events-container\" id=\"mec_skin_events_2492\">\r\n        <div class=\"mec-wrap colorskin-custom\">\r\n\t<div class=\"mec-event-list-modern\">\r\n\t\t\r\n                        <div class=\"mec-month-divider\" data-toggle-divider=\"mec-toggle-202604-2492\"><h5 style=\"display: inline;\">avril 2026<\/h5><i class=\"mec-sl-arrow-down\"><\/i><\/div>\r\n            \r\n                        <article class=\"mec-event-article  mec-clear  mec-divider-toggle mec-toggle-202604-2492\" itemscope>\r\n                                    <div class=\"col-md-2 col-sm-2\">\r\n\r\n                                                <div class=\"mec-event-date\">\r\n                            <div class=\"event-d mec-color mec-multiple-dates\">\r\n                                16. -\r\n                                20.                            <\/div>\r\n                            <div class=\"event-f\">avril<\/div>\r\n                            <div class=\"event-da\">2026<\/div>\r\n                        <\/div>\r\n                                            <\/div>\r\n                    <div class=\"col-md-6 col-sm-6\">\r\n                                                                        <h4 class=\"mec-event-title\">Agrarschau Allg\u00e4u 2026<\/h4>\r\n                                                <div class=\"mec-event-detail\">\r\n                            <div class=\"mec-event-loc-place\">Dietmannsried i. Allg\u00e4u<\/div>\r\n                                                                                                                                        <\/div>\r\n                        <ul class=\"mec-event-sharing\"><\/ul>\r\n                    <\/div>\r\n                    <div class=\"col-md-4 col-sm-4 mec-btn-wrapper\">\r\n                                                                                            <\/div>\r\n                            <\/article>\r\n            \t\t\r\n                        <div class=\"mec-month-divider\" data-toggle-divider=\"mec-toggle-202609-2492\"><h5 style=\"display: inline;\">septembre 2026<\/h5><i class=\"mec-sl-arrow-down\"><\/i><\/div>\r\n            \r\n                        <article class=\"mec-event-article  mec-clear  mec-divider-toggle mec-toggle-202609-2492\" itemscope>\r\n                                    <div class=\"col-md-2 col-sm-2\">\r\n\r\n                                                <div class=\"mec-event-date\">\r\n                            <div class=\"event-d mec-color mec-multiple-dates\">\r\n                                03. -\r\n                                06.                            <\/div>\r\n                            <div class=\"event-f\">septembre<\/div>\r\n                            <div class=\"event-da\">2026<\/div>\r\n                        <\/div>\r\n                                            <\/div>\r\n                    <div class=\"col-md-6 col-sm-6\">\r\n                                                                        <h4 class=\"mec-event-title\">Norla 2025<\/h4>\r\n                                                <div class=\"mec-event-detail\">\r\n                            <div class=\"mec-event-loc-place\">FoireRendsburg | Rendsburg, DE<\/div>\r\n                                                                                                                                        <\/div>\r\n                        <ul class=\"mec-event-sharing\"><\/ul>\r\n                    <\/div>\r\n                    <div class=\"col-md-4 col-sm-4 mec-btn-wrapper\">\r\n                                                                                            <\/div>\r\n                            <\/article>\r\n            \t\t\r\n            \r\n                        <article class=\"mec-event-article  mec-clear  mec-divider-toggle mec-toggle-202609-2492\" itemscope>\r\n                                    <div class=\"col-md-2 col-sm-2\">\r\n\r\n                                                <div class=\"mec-event-date\">\r\n                            <div class=\"event-d mec-color mec-multiple-dates\">\r\n                                15. -\r\n                                18.                            <\/div>\r\n                            <div class=\"event-f\">septembre<\/div>\r\n                            <div class=\"event-da\">2026<\/div>\r\n                        <\/div>\r\n                                            <\/div>\r\n                    <div class=\"col-md-6 col-sm-6\">\r\n                                                                        <h4 class=\"mec-event-title\">GaLaBau 2026<\/h4>\r\n                                                <div class=\"mec-event-detail\">\r\n                            <div class=\"mec-event-loc-place\">Messezentrum N\u00fcrnberg | N\u00fcrnberg, DE<\/div>\r\n                                                                                                                                        <\/div>\r\n                        <ul class=\"mec-event-sharing\"><\/ul>\r\n                    <\/div>\r\n                    <div class=\"col-md-4 col-sm-4 mec-btn-wrapper\">\r\n                                                                                            <\/div>\r\n                            <\/article>\r\n            \t\t\r\n                        <div class=\"mec-month-divider\" data-toggle-divider=\"mec-toggle-202610-2492\"><h5 style=\"display: inline;\">octobre 2026<\/h5><i class=\"mec-sl-arrow-down\"><\/i><\/div>\r\n            \r\n                        <article class=\"mec-event-article  mec-clear  mec-divider-toggle mec-toggle-202610-2492\" itemscope>\r\n                                    <div class=\"col-md-2 col-sm-2\">\r\n\r\n                                                <div class=\"mec-event-date\">\r\n                            <div class=\"event-d mec-color mec-multiple-dates\">\r\n                                06. -\r\n                                09.                            <\/div>\r\n                            <div class=\"event-f\">octobre<\/div>\r\n                            <div class=\"event-da\">2026<\/div>\r\n                        <\/div>\r\n                                            <\/div>\r\n                    <div class=\"col-md-6 col-sm-6\">\r\n                                                                        <h4 class=\"mec-event-title\">Sommet de l&rsquo;\u00e9levage 2026<\/h4>\r\n                                                <div class=\"mec-event-detail\">\r\n                            <div class=\"mec-event-loc-place\">La Grande Halle d&#039;Auvergne | Cournon-d&#039;Auvergne, FR<\/div>\r\n                                                                                                                                        <\/div>\r\n                        <ul class=\"mec-event-sharing\"><\/ul>\r\n                    <\/div>\r\n                    <div class=\"col-md-4 col-sm-4 mec-btn-wrapper\">\r\n                                                                                            <\/div>\r\n                            <\/article>\r\n            \t\t\t<\/div>\r\n<\/div>\r\n\r\n    <\/div>\r\n    <div class=\"mec-skin-list-no-events-container mec-util-hidden\" id=\"mec_skin_no_events_2492\">\r\n        Aucun \u00e9v\u00e9nement trouv\u00e9 !    <\/div>\r\n    \r\n    \r\n<\/div>\r\n\n<\/div>\n<\/div>\n","protected":false},"excerpt":{"rendered":"<p>Salons \/ Salons professionels \/<\/p>\n","protected":false},"author":1,"featured_media":0,"parent":0,"menu_order":0,"comment_status":"closed","ping_status":"closed","template":"","meta":{"inline_featured_image":false,"footnotes":""},"class_list":["post-10574","page","type-page","status-publish","hentry","infinite-scroll-item"],"aioseo_notices":[],"_links":{"self":[{"href":"https:\/\/www.muething.com\/fr\/wp-json\/wp\/v2\/pages\/10574","targetHints":{"allow":["GET"]}}],"collection":[{"href":"https:\/\/www.muething.com\/fr\/wp-json\/wp\/v2\/pages"}],"about":[{"href":"https:\/\/www.muething.com\/fr\/wp-json\/wp\/v2\/types\/page"}],"author":[{"embeddable":true,"href":"https:\/\/www.muething.com\/fr\/wp-json\/wp\/v2\/users\/1"}],"replies":[{"embeddable":true,"href":"https:\/\/www.muething.com\/fr\/wp-json\/wp\/v2\/comments?post=10574"}],"version-history":[{"count":8,"href":"https:\/\/www.muething.com\/fr\/wp-json\/wp\/v2\/pages\/10574\/revisions"}],"predecessor-version":[{"id":12296,"href":"https:\/\/www.muething.com\/fr\/wp-json\/wp\/v2\/pages\/10574\/revisions\/12296"}],"wp:attachment":[{"href":"https:\/\/www.muething.com\/fr\/wp-json\/wp\/v2\/media?parent=10574"}],"curies":[{"name":"wp","href":"https:\/\/api.w.org\/{rel}","templated":true}]}}