{"id":10572,"date":"2022-09-14T12:39:19","date_gmt":"2022-09-14T12:39:19","guid":{"rendered":"https:\/\/www.muething.com\/distributeurs\/"},"modified":"2026-04-16T05:59:56","modified_gmt":"2026-04-16T05:59:56","slug":"distributeurs","status":"publish","type":"page","link":"https:\/\/www.muething.com\/fr\/distributeurs\/","title":{"rendered":"Distributeur"},"content":{"rendered":"\n<div class=\"wp-block-columns alignfull FullwidthContainingContained informationHeader_Container no_marginBottom has-accent-background-color has-background is-layout-flex wp-container-core-columns-is-layout-9d6595d7 wp-block-columns-is-layout-flex\">\n<div class=\"wp-block-column containedInFullwidth is-layout-flow wp-block-column-is-layout-flow\">\n<div class=\"wp-block-columns informationHeader is-layout-flex wp-container-core-columns-is-layout-9d6595d7 wp-block-columns-is-layout-flex\">\n<div class=\"wp-block-column informationBack is-layout-flow wp-block-column-is-layout-flow\" style=\"flex-basis:50px\">\n<figure class=\"wp-block-image size-large backIcon\"><a href=\"..\/\"><img decoding=\"async\" src=\"https:\/\/www.muething.com\/wp-content\/uploads\/2022\/09\/Muething_Button-ArrowWhite_Backwards_EA1-01.svg\" alt=\"\" class=\"wp-image-1774\"\/><\/a><\/figure>\n<\/div>\n\n\n\n<div class=\"wp-block-column informationTitle is-layout-flow wp-block-column-is-layout-flow\">\n<h1 class=\"wp-block-heading has-text-align-center\">Distributeur<\/h1>\n<\/div>\n\n\n\n<div class=\"wp-block-column informationSpaceRight is-layout-flow wp-block-column-is-layout-flow\" style=\"flex-basis:50px\"><\/div>\n<\/div>\n<\/div>\n<\/div>\n\n\n\n<figure class=\"wp-block-image alignfull size-full\"><img loading=\"lazy\" decoding=\"async\" width=\"1920\" height=\"591\" src=\"https:\/\/www.muething.com\/wp-content\/uploads\/2023\/10\/header-ansprechpartner-deutschlandkarte_web.jpg\" alt=\"\" class=\"wp-image-6804\" srcset=\"https:\/\/www.muething.com\/wp-content\/uploads\/2023\/10\/header-ansprechpartner-deutschlandkarte_web.jpg 1920w, https:\/\/www.muething.com\/wp-content\/uploads\/2023\/10\/header-ansprechpartner-deutschlandkarte_web-300x92.jpg 300w, https:\/\/www.muething.com\/wp-content\/uploads\/2023\/10\/header-ansprechpartner-deutschlandkarte_web-1024x315.jpg 1024w, https:\/\/www.muething.com\/wp-content\/uploads\/2023\/10\/header-ansprechpartner-deutschlandkarte_web-768x236.jpg 768w, https:\/\/www.muething.com\/wp-content\/uploads\/2023\/10\/header-ansprechpartner-deutschlandkarte_web-1536x473.jpg 1536w\" sizes=\"auto, (max-width: 1920px) 100vw, 1920px\" \/><\/figure>\n\n\n\n<div class=\"wp-block-columns alignfull FullwidthContainingContained has-base-3-color has-contrast-2-background-color has-text-color has-background is-layout-flex wp-container-core-columns-is-layout-9d6595d7 wp-block-columns-is-layout-flex\">\n<div class=\"wp-block-column containedInFullwidth is-layout-flow wp-block-column-is-layout-flow\">\n<div style=\"height:80px\" aria-hidden=\"true\" class=\"wp-block-spacer\"><\/div>\n\n\n\n<div class=\"wp-block-columns uppercase is-layout-flex wp-container-core-columns-is-layout-9d6595d7 wp-block-columns-is-layout-flex\">\n<div class=\"wp-block-column is-layout-flow wp-block-column-is-layout-flow\">\n<h2 class=\"wp-block-heading has-base-3-color has-text-color\">Centres r\u00e9gionaux de distribution<\/h2>\n\n\n\n<p>M\u00fcthing Gmbh &amp; Co. KG Soest <br>Am Silberg 23 <br>59494 Soest <br>T\u00e9l. : 02921 9651-0<br>E-mail : soest@muething.com<\/p>\n\n\n\n<p>M\u00fcthing Gmbh &amp; Co. KG Landau <br>Wiesenweg 6 <br>94405 Landau <br>T\u00e9l. : 09951 6908-0 <br>E-mail : landau@muething.com<\/p>\n\n\n\n<p>M\u00fcthing Gmbh &amp; Co. KG Neumarkt <br>Hans-Dehn-Stra\u00dfe 7 <br>92318 Neumarkt <br>T\u00e9l. : 09181 2976-0 <br>E-mail : neumarkt@muething.com<\/p>\n\n\n\n<p>M\u00fcthing Gmbh &amp; Co. KG Uffenheim <br>Am Br\u00fcnnlein 2 <br>97215 Uffenheim <br>T\u00e9l. : 09842 9866-22 <br>E-mail : uffenheim@muething.com<\/p>\n\n\n\n<p>Rudi K\u00f6hnke <br>Wohldweg 16 <br>24558 Henstedt-Ulzburg <br>T\u00e9l. : 04193 91544 <br>Mobile : 0173 6722029<br>E-mail : info@koehnke-werksvertretung.de<\/p>\n\n\n\n<p>MRPetersen E.k. Repr\u00e9sentation de l&rsquo;usine <br>Christiansburger Weg 20 <br>24969 Lindewitt \/ OT Sillerup <br>T\u00e9l. : 04604 9866-36 <br>Mobile : 0173 9947368 <br>E-mail : rp@mrpetersen.de<\/p>\n\n\n\n<p>Michalek Gmbh <br>Industriestra\u00dfe 14 <br>31275 Lehrte <br>T\u00e9l. : 05132 2006-0 <br>E-mail : info@michalek-wv.de<\/p>\n\n\n\n<p>Kurzenknabe GmbH<br>Obervellmarer Weg 36 <br>34314 Espenau <br>T\u00e9l. : 05673 4012 <br>H. W. Kurzenknabe<br>Mobile : 0172 5674381<br>T. Kurzenknabe <br>Portable : 0172 9309832 <br>E-mail : info@kurzenknabe-gmbh.de<\/p>\n\n\n\n<p>Dominik Falz <br>Carl-Benz-Stra\u00dfe 4 <br>64711 Erbach\/Odw. <br>T\u00e9l. : 06062 1867 <br>Mobile : 0160 4663121 <br>E-mail : dominik.falz@muething-mulcher.de<\/p>\n\n\n\n<p><\/p>\n\n\n\n<h3 class=\"wp-block-heading has-base-3-color has-text-color has-link-color wp-elements-c898c4676fee677bea476b0f3b20119d\"><strong>Repr\u00e9sentants \u00e0 l\u2019international<\/strong><br><br>Belgique,Grande-Bretagne, Italie, Ukraine<\/h3>\n\n\n\n<p>Gerd Karsten<br>Portable : +49 160 97232446<br>E-mail : gerd.karsten@muething.com<\/p>\n\n\n\n<h3 class=\"wp-block-heading\">Bulgarie, Croatie, Roumanie, Serbie, Slovaquie, R\u00e9publique tch\u00e8que, Hongrie<\/h3>\n\n\n\n<p>Milan Strapko<br>Portable : +49 171 7601574<br>E-mail : milan.strapko@muething.com<\/p>\n\n\n\n<h3 class=\"wp-block-heading\">Am\u00e9rique du Nord, Danemark, Estonie, Finlande, Lettonie, Lituanie, Am\u00e9rique du Sud, Su\u00e8de<\/h3>\n\n\n\n<p>Cord Diekmann<br>Portable : +49 171 4922826<br>E-mail : cord.diekmann@muething.com<\/p>\n\n\n\n<h3 class=\"wp-block-heading\">France, Portugal, Espagne<\/h3>\n\n\n\n<p>Pierre-Philippe Huchet<br>T\u00e9l. : +33 7 88 55 62 73<br>E-mail : pierre.huchet@muething.com<\/p>\n\n\n\n<h3 class=\"wp-block-heading\">Autriche, Slov\u00e9nie<\/h3>\n\n\n\n<p>Thomas Prem<br>Portable : +43 732 347 2660<br>E-mail : thomas.prem@muething.com<\/p>\n\n\n\n<h3 class=\"wp-block-heading\">Pologne<\/h3>\n\n\n\n<p>Miroslaw Gradowski<br>Portable : +49 171 9711911<br>E-mail : miroslaw.gradowski@muething.com<\/p>\n\n\n\n<h3 class=\"wp-block-heading\">Suisse<\/h3>\n\n\n\n<p>Erik Schilling<br>Portable : +49 1520 3447424<br>E-mail : erik.schilling@muething.com<\/p>\n<\/div>\n\n\n\n<div class=\"wp-block-column is-layout-flow wp-block-column-is-layout-flow\">\n<h2 class=\"wp-block-heading has-base-3-color has-text-color\">Repr\u00e9sentants r\u00e9gionaux<\/h2>\n\n\n\n<p><strong>Westphalie orientale, Soester B\u00f6rde, Sauerland <\/strong><br>Bert Mollerus <br>Mobile : 0175 2955148 <br>E-mail : bert.mollerus@muething.com<\/p>\n\n\n\n<p><strong>West-Niedersachsen<\/strong><br>Carsten Heller <br>Portable : 0 160 96919245 <br>E-mail : carsten.heller@muething.com<\/p>\n\n\n\n<p><strong>Bas-Rhin, M\u00fcnsterland, West-Westphalie<\/strong><br>Tim Oesterhaus <br>Mobile : 0170 2217143 <br>E-mail : tim.oesterhaus@muething.com<\/p>\n\n\n\n<p><strong><strong>Schleswig-Holstein, Mecklembourg-Pom\u00e9ranie occidentale, Brandebourg, Berlin, Saxe-Anhalt, Est de la Basse-Saxe <\/strong><\/strong><br>Timo Stalling <br>Portable : 0151 62944096 <br>E-mail : timo.stalling@muething.com<\/p>\n\n\n\n<p><strong>Moyenne-Franconie, Souabe, Bade-Wurtemberg <\/strong><br>Hermann Baur <br>Mobile : 0171 1235363 <br>E-mail : hermann.baur@muething.com<\/p>\n\n\n\n<p><strong>Rh\u00e9nanie-Palatinat, Rh\u00e9nanie, Luxembourg <\/strong><br>Markus L\u00fcdenbach <br>Mobile : 0151 52091192 <br>E-mail : markus.luedenbach@muething.com<\/p>\n\n\n\n<p><strong>Basse et Haute Franconie, Nord du Haut-Palatinat   <\/strong><br>Ludwig Schraut <br>Portable : 0170 3309592 <br>E-mail : ludwig.schraut@muething.com<\/p>\n\n\n\n<p><strong>Haut-Palatinat, nord de la Basse-Bavi\u00e8re   <\/strong><br>Michael Grundner <br>Portable : 0171 5539129 <br>E-mail : michael.grundner@muething.com<\/p>\n\n\n\n<p><strong>Bavi\u00e8re du Sud et de l&rsquo;Est <\/strong><br>Georg Schuster <br>Mobile : 0151 12114792 <br>E-mail : georg.schuster@muething.com<\/p>\n\n\n\n<p><strong>Saxe<\/strong><br>Markus Wrobel<br>Mobile : 0151 25571607 <br>E-mail : markus.wrobel@muething.com<\/p>\n<\/div>\n<\/div>\n<\/div>\n<\/div>\n\n\n\n<div class=\"wp-block-columns FullwidthContainingContained is-layout-flex wp-container-core-columns-is-layout-9d6595d7 wp-block-columns-is-layout-flex\">\n<div class=\"wp-block-column containedInFullwidth is-layout-flow wp-block-column-is-layout-flow\">\n<div class=\"wp-block-columns uppercase is-layout-flex wp-container-core-columns-is-layout-9d6595d7 wp-block-columns-is-layout-flex\">\n<div class=\"wp-block-column is-layout-flow wp-block-column-is-layout-flow\">\n<h2 class=\"wp-block-heading\">Distributeurs \u00e0 l\u2019international&nbsp;<\/h2>\n\n\n\n<p><\/p>\n\n\n\n<h3 class=\"wp-block-heading\">Australie<\/h3>\n\n\n\n<p>Southern Cross AG Machinery<br>Marcus Cornish<br>70 Spitfire Place, PO Box 454, 2320 Rutherford NSW, Australia<br>T\u00e9l. : +61 2 4932 3011<br>E-mail : mcornish@sxm.com.au<\/p>\n\n\n\n<h3 class=\"wp-block-heading\">Belgique<\/h3>\n\n\n\n<p>Agrar &#8211; G\u00d6WEIL BNL PGmbH<br>Rue Mercator 14, 4780 Saint-Vith, Belgique<br>T\u00e9l. : +32 80 34 03 17<br>E-mail : office@goeweil.be<\/p>\n\n\n\n<h3 class=\"wp-block-heading\">Belgique<\/h3>\n\n\n\n<p>Areal &#8211; Marcel Van Dyck Belgium<br>Provinciebaan 71, 2235 Houtvenne, Belgique<br>T\u00e9l. : +32 16 69 91 56<br>E-mail : joel@vandyck.be<\/p>\n\n\n\n<h3 class=\"wp-block-heading\">Bulgarie<\/h3>\n\n\n\n<p>Agro Stars<br>30 Vardar Str., 9300 Dobrich, Bulgaria<br>T\u00e9l. : +359 887 407 347<br>E-mail : tdm_bg@abv.bg<\/p>\n\n\n\n<h3 class=\"wp-block-heading\">Chili<\/h3>\n\n\n\n<p>Sociedad Toroyo Limitada Osorno<br>Felipe Alfaro<br>Fundo El Castillo SN, Chili<br>T\u00e9l. : +56 9 9220 8914<br>E-mail : felipe.alfaro@toroyo.cl<\/p>\n\n\n\n<h3 class=\"wp-block-heading\">Chine<\/h3>\n\n\n\n<p>Ten Square International Inc Nanjing<br>Rm. 402 Bldg. 2, Zhongqing Plaza No. 96, Nanjing 210013, Chine<br>T\u00e9l. : +86 25 8621 0358<br>E-mail : usoffice@tensquareintl.com <\/p>\n\n\n\n<h3 class=\"wp-block-heading\">Danemark<\/h3>\n\n\n\n<p>Br\u00f8ns Group<br>Hovedvejen 20, 6780 Sk\u00e6rb\u00e6k, Denmark<br>T\u00e9l. : +45 23 71 44 40<br>E-mail : kilh@bronsgroup.com<\/p>\n\n\n\n<h3 class=\"wp-block-heading\">Estonie<\/h3>\n\n\n\n<p>Baltic Agro Machinery AS<br>Rukki tee 8, 75306 Lehmja k\u00fcla, Estonia<br>T\u00e9l. : +372 605 910 0<br>E-mail : info@ba-machinery.ee<\/p>\n\n\n\n<h3 class=\"wp-block-heading\">Finlande<\/h3>\n\n\n\n<p>Agriculture &#8211; AgriToukola Machinery Oy<br>Pakkalantie 281, 36430 Sahalahti, Finland<br>T\u00e9l. : +358 400 862 098<br>E-mail : juha-pekka@agritoukola.fi<\/p>\n\n\n\n<h3 class=\"wp-block-heading\">Finlande<\/h3>\n\n\n\n<p>Areal &#8211; Oy J-Trading Ab<br>Kuriiritie 15, FI-01510 Vantaa, Finland<br>T\u00e9l. : +358 207 458 600<br>E-mail : info@j-trading.fi<\/p>\n\n\n\n<h3 class=\"wp-block-heading\">France<\/h3>\n\n\n\n<p>INNOVATIONS ET PAYSAGE SAS<br>ZI de Tigny, 42190 Saint-Nizier-sous-Charlieu, France<br>T\u00e9l. : +33 4 77 60 54 54<br>E-mail : contact@innovpaysage.com<\/p>\n\n\n\n<h3 class=\"wp-block-heading\">Gr\u00e8ce<\/h3>\n\n\n\n<p>G.I. Antonakis A.E.<br>3 km Thiva-Mouriki, 32200 Thiva, Gr\u00e8ce<br>T\u00e9l. : +30 2262 025 915<br>E-mail : gianton@otenet.gr<\/p>\n\n\n\n<h3 class=\"wp-block-heading\">Grande-Bretagne<\/h3>\n\n\n\n<p>Simon Richard Ltd.<br>Crown Tailrig, Bonchester Bridge, Hawick TD9 8RA, Great Britain<br>T\u00e9l. : +44 1450 860 774<br>E-mail : mail@simon-richard.co.uk<\/p>\n\n\n\n<h3 class=\"wp-block-heading\">Japon<\/h3>\n\n\n\n<p>LMJ Co, Ltd &#8211; Lemken Marketing of Japan<br>1-2 Toyohoro-Hhanazono-cho, Ebetsu, Hokkaido 067-0026, Japon<br>T\u00e9l. : +81 11 398 3922<br>E-mail : info@lemken-japan.com<\/p>\n\n\n\n<h3 class=\"wp-block-heading\">Japon<\/h3>\n\n\n\n<p>Agri Direct Co. Ltd.<br>Higashimemuro, Memuro-cho, 18-7 Kita 1-sen, Hokkaido 082-0004, Japon<br>T\u00e9l. : +81 155 612 777<br>E-mail : info@agridirect.jp<\/p>\n\n\n\n<h3 class=\"wp-block-heading\">Croatie<\/h3>\n\n\n\n<p>Jerkovi\u0107 d.o.o.<br>Josipa Kozarca 51, 31224 Ko\u0161ka, Croatia<br>T\u00e9l. : +385 31 681 712<br>E-mail : jerkovic@os.t-com.hr<\/p>\n\n\n\n<h3 class=\"wp-block-heading\">Lituanie<\/h3>\n\n\n\n<p>UAB Agroteka &#8211; Eimantas Kavoli\u016bnas<br>Eimantas Kavoli\u016bnas<br>Perspektyvos g. 32, 52119 Kaunas, Lithuania<br>T\u00e9l. : +370 620 34777<br>E-mail : e.kavoliunas@agroteka.lt<\/p>\n\n\n\n<h3 class=\"wp-block-heading\">Luxembourg<\/h3>\n\n\n\n<p>Agrar &#8211; Agrotechnic S\u00e0rl<br>Z.A. Schlammestee, 9175 Niederfeulen, Luxembourg<br>T\u00e9l. : +352 81 273 1<br>E-mail : info@agrotechnic.lu<\/p>\n\n\n\n<h3 class=\"wp-block-heading\">Luxembourg<\/h3>\n\n\n\n<p>Areal &#8211; DACO s.a.<br>10 Rue de Bitbourg, LU-1273 Luxembourg<br>T\u00e9l. : +352 43 441 21<br>E-mail : dacosa@pt.lu<\/p>\n\n\n\n<h3 class=\"wp-block-heading\">Mexique<\/h3>\n\n\n\n<p>Agroservicios del Norte S.A. de C.V.<br>Pedro Moran<br>Perif\u00e9rico Torre\u00f3n G\u00f3mez Lerdo KM 3.5, Durango, C.P. 35078, Mexico<br>T\u00e9l. : +52 871 103 7081<br>E-mail : pmoran@ansamex.com<\/p>\n\n\n\n<h3 class=\"wp-block-heading\">Pays-Bas<\/h3>\n\n\n\n<p>GTJ Trading BV<br>Hiddemaheerd 162, NL-9737 JK Groningen, Netherlands<br>T\u00e9l. : +31 6301 122 95<br>E-mail : info@gtjtrading.nl<\/p>\n\n\n\n<h3 class=\"wp-block-heading\">Norv\u00e8ge<\/h3>\n\n\n\n<p>ForSentralen AS<br>Bardalsvegen 100, 7724 Steinkjer, Norway<br>T\u00e9l. : +47 741 476 00<br>E-mail : carl@forsentralen.no<\/p>\n\n\n\n<h3 class=\"wp-block-heading\">Autriche<\/h3>\n\n\n\n<p>EZ Agrar e. Gen<br>Salzburger Stra\u00dfe 38, 4020 Linz, Austria<br>T\u00e9l. : +43 732 347 266<br>E-mail : office@ezagrar.at<\/p>\n\n\n\n<h3 class=\"wp-block-heading\">Roumanie<\/h3>\n\n\n\n<p>NHR AGROPARTNERS S.R.L.<br>247 Calea Bucurestilor, 075100 Otopeni, Ilfov, Romania<br>T\u00e9l. : +40 213 007 906<br>E-mail : office@vait.ro<\/p>\n\n\n\n<h3 class=\"wp-block-heading\">Serbie<\/h3>\n\n\n\n<p>Milurovic Komerc<br>Beogradska 32, 11277 Ugrinovci, Serbie<br>T\u00e9l. : +381 11 840 9528<br>E-mail : kontakt@milurovickomerc.com<\/p>\n\n\n\n<h3 class=\"wp-block-heading\">Slovaquie<\/h3>\n\n\n\n<p>Ematech s.r.o.<br>Piestanska 3\/3, Radosina 956 05, Slovaquie<br>T\u00e9l. : +421 38 539 8216<br>E-mail : ematech@ematech.sk<\/p>\n\n\n\n<h3 class=\"wp-block-heading\">Slov\u00e9nie<\/h3>\n\n\n\n<p>EZ Agrar e. Gen<br>Salzburger Stra\u00dfe 38, AT-4020 Linz<br>T\u00e9l. : +43 732 347 266<br>E-mail : office@ezagrar.at<\/p>\n\n\n\n<h3 class=\"wp-block-heading\">Espagne<\/h3>\n\n\n\n<p>Deltacinco Linea Verde SL<br>C \/ Sevilla 23, 34004 Palencia, Espagne<br>T\u00e9l. : +34 979 728 450<br>E-mail : linaverde@deltacinco.es<\/p>\n\n\n\n<h3 class=\"wp-block-heading\">Afrique du Sud, Zambie, Zimbabwe, Namibie<\/h3>\n\n\n\n<p>LEMKEN South Africa (Pty) Ltd<br>Karel Munnik<br>73 Farm Paisley, Frankfort, Free State 9830, South Africa<br>T\u00e9l. : +27 86 267 5721<br>E-mail : k.munnik@lemken.com<\/p>\n\n\n\n<h3 class=\"wp-block-heading\">R\u00e9publique tch\u00e8que<\/h3>\n\n\n\n<p>Topagri s.r.o.<br>Kostalkova 1527, 267 01 Beroun-Jarov, R\u00e9publique tch\u00e8que<br>T\u00e9l. : +420 311 636 766<br>E-mail : info@topagri.cz<\/p>\n\n\n\n<h3 class=\"wp-block-heading\">R\u00e9publique tch\u00e8que<\/h3>\n\n\n\n<p>Agrokonzulta Zamberk s.r.o.<br>Klostermanova 1258, 564 01 Zamberk, R\u00e9publique tch\u00e8que<br>T\u00e9l. : +420 465 676 767<br>E-mail : info@agrokonzulta.cz<\/p>\n\n\n\n<h3 class=\"wp-block-heading\">Hongrie<\/h3>\n\n\n\n<p>Agrar &#8211; G\u00fcttler Kft.<br>Kulterulet 022\/35, 6800 Hodmezovasarhely, Hungary<br>T\u00e9l. : +36 62 533 690<br>E-mail : attila.bozoki@guttler.hu<\/p>\n\n\n\n<h3 class=\"wp-block-heading\">Hongrie<\/h3>\n\n\n\n<p>Areal &#8211; Varoskert Kft.<br>Tormasret u. 5\/a, 2051 Biatorbagy, Hongrie<br>T\u00e9l. : +36 23 532 800<br>E-mail : info@varoskert.hu<\/p>\n\n\n\n<h3 class=\"wp-block-heading\">Ukraine<\/h3>\n\n\n\n<p>ROPA Ukraine GmbH<br>09431 Popovitcha Str. 35, Polkownitch, Ukraine<br>T\u00e9l. : +380 456 425 021<br>E-mail : orlowski@ropa.in.ua<\/p>\n\n\n\n<p>KET UKRAINE GMBH<br>08300, PRYVOKZALNA STR. BORYSPIL, UKRAINE<br>T\u00e9l.: +380 675 322 446<br>E-mail: ket.ukraine@gmail.com<\/p>\n<\/div>\n<\/div>\n<\/div>\n<\/div>\n\n\n\n<div class=\"wp-block-columns FullwidthContainingContained is-layout-flex wp-container-core-columns-is-layout-9d6595d7 wp-block-columns-is-layout-flex\"><\/div>\n\n\n\n<div class=\"wp-block-columns FullwidthContainingContained is-layout-flex wp-container-core-columns-is-layout-9d6595d7 wp-block-columns-is-layout-flex\">\n<div class=\"wp-block-column containedInFullwidth is-layout-flow wp-block-column-is-layout-flow\"><\/div>\n<\/div>\n\n\n\n<div class=\"wp-block-columns is-layout-flex wp-container-core-columns-is-layout-9d6595d7 wp-block-columns-is-layout-flex\">\n<div class=\"wp-block-column is-layout-flow wp-block-column-is-layout-flow\"><\/div>\n<\/div>\n","protected":false},"excerpt":{"rendered":"<p>Distributeur Centres r\u00e9gionaux de distribution M\u00fcthing Gmbh &amp; Co. KG Soest Am Silberg 23 59494 Soest T\u00e9l. : 02921 9651-0E-mail : soest@muething.com M\u00fcthing Gmbh &amp; Co. KG Landau Wiesenweg 6 94405 Landau T\u00e9l. : 09951 6908-0 E-mail : landau@muething.com M\u00fcthing Gmbh &amp; Co. KG Neumarkt Hans-Dehn-Stra\u00dfe 7 92318 Neumarkt T\u00e9l. : 09181 2976-0 E-mail : &#8230; <\/p>\n<p class=\"read-more-container\"><a title=\"Distributeur\" class=\"read-more button\" href=\"https:\/\/www.muething.com\/fr\/distributeurs\/#more-10572\" aria-label=\"En savoir plus sur Distributeur\">Mehr erfahren<\/a><\/p>\n","protected":false},"author":1,"featured_media":0,"parent":0,"menu_order":0,"comment_status":"closed","ping_status":"closed","template":"","meta":{"inline_featured_image":false,"footnotes":""},"class_list":{"0":"post-10572","1":"page","2":"type-page","3":"status-publish","5":"infinite-scroll-item"},"aioseo_notices":[],"_links":{"self":[{"href":"https:\/\/www.muething.com\/fr\/wp-json\/wp\/v2\/pages\/10572","targetHints":{"allow":["GET"]}}],"collection":[{"href":"https:\/\/www.muething.com\/fr\/wp-json\/wp\/v2\/pages"}],"about":[{"href":"https:\/\/www.muething.com\/fr\/wp-json\/wp\/v2\/types\/page"}],"author":[{"embeddable":true,"href":"https:\/\/www.muething.com\/fr\/wp-json\/wp\/v2\/users\/1"}],"replies":[{"embeddable":true,"href":"https:\/\/www.muething.com\/fr\/wp-json\/wp\/v2\/comments?post=10572"}],"version-history":[{"count":20,"href":"https:\/\/www.muething.com\/fr\/wp-json\/wp\/v2\/pages\/10572\/revisions"}],"predecessor-version":[{"id":16075,"href":"https:\/\/www.muething.com\/fr\/wp-json\/wp\/v2\/pages\/10572\/revisions\/16075"}],"wp:attachment":[{"href":"https:\/\/www.muething.com\/fr\/wp-json\/wp\/v2\/media?parent=10572"}],"curies":[{"name":"wp","href":"https:\/\/api.w.org\/{rel}","templated":true}]}}