{"id":10568,"date":"2022-09-14T08:13:27","date_gmt":"2022-09-14T08:13:27","guid":{"rendered":"https:\/\/www.muething.com\/communiques-de-presse\/"},"modified":"2025-04-30T11:00:30","modified_gmt":"2025-04-30T11:00:30","slug":"communiques-de-presse","status":"publish","type":"page","link":"https:\/\/www.muething.com\/fr\/communiques-de-presse\/","title":{"rendered":"Communiqu\u00e9s de presse"},"content":{"rendered":"\n<div style=\"height:60px\" aria-hidden=\"true\" class=\"wp-block-spacer\"><\/div>\n\n<div class=\"wp-block-columns headline-container is-layout-flex wp-container-core-columns-is-layout-9d6595d7 wp-block-columns-is-layout-flex\">\n<div class=\"wp-block-column is-layout-flow wp-block-column-is-layout-flow\">\n<h1 class=\"wp-block-heading white-font\">Communiqu\u00e9s de presse<\/h1>\n<\/div>\n<\/div>\n\n<div class=\"wp-block-columns alignfull presseBannerContainer is-layout-flex wp-container-core-columns-is-layout-9d6595d7 wp-block-columns-is-layout-flex\">\n<div class=\"wp-block-column is-layout-flow wp-block-column-is-layout-flow\">\n<div class=\"backgroundGradient_darken gradient_onlyBottom\"><\/div>\n\n\n\n<div class=\"wp-block-buttons muethingLogoDownload\"><a href=\"\/wp-content\/uploads\/2022\/08\/muething_web.png\" download=\"\">T\u00e9l\u00e9charger le logo M\u00fcthing<\/a><\/div>\n<\/div>\n<\/div>\n\n<div style=\"height:60px\" aria-hidden=\"true\" class=\"wp-block-spacer\"><\/div>\n\n<div class=\"wp-block-query is-layout-flow wp-block-query-is-layout-flow\"><ul class=\"pressebeitragBlog_container wp-block-post-template is-layout-flow wp-block-post-template-is-layout-flow\"><li class=\"wp-block-post post-15641 post type-post status-publish format-standard hentry category-communique-de-presse infinite-scroll-item\">\n<div class=\"wp-block-post-date\"><time datetime=\"2025-11-07T13:13:57+00:00\">7 novembre 2025<\/time><\/div>\n\n<h2 class=\"wp-block-post-title\">Un \u00eelot de l&rsquo;innovation sur son stand du salon Agritechnica<\/h2>\n\n<div class=\"wp-block-post-excerpt\"><p class=\"wp-block-post-excerpt__excerpt\">M\u00fcthing est \u00e0 la pointe de l&rsquo;innovation en mati\u00e8re de bio\u00e9conomie circulaire et de fertilit\u00e9 des sols. En pr\u00e9sentant un \u00eelot de l&rsquo;innovation sur son stand du salon Agritechnica, M\u00fcthing met l&rsquo;accent sur l&rsquo;am\u00e9lioration de la qualit\u00e9 et de la fertilit\u00e9 des sols, la bio\u00e9conomie circulaire, la gestion de l&rsquo;eau, la renaturation des surfaces d\u00e9grad\u00e9es<\/p><p class=\"wp-block-post-excerpt__more-text\"><a class=\"wp-block-post-excerpt__more-link\" href=\"https:\/\/www.muething.com\/fr\/un-ilot-de-linnovation-sur-son-stand-du-salon-agritechnica\/\">En savoir plus<\/a><\/p><\/div>\n<\/li><li class=\"wp-block-post post-15617 post type-post status-publish format-standard hentry category-communique-de-presse infinite-scroll-item\">\n<div class=\"wp-block-post-date\"><time datetime=\"2025-11-06T10:51:38+00:00\">6 novembre 2025<\/time><\/div>\n\n<h2 class=\"wp-block-post-title\">Un maximum de puissance et d&rsquo;efficacit\u00e9. Le broyeur pour grandes surfaces M\u00fcthing (MU) PRO\/F 860 Vario est bien implant\u00e9 en tant que leader du march\u00e9.<\/h2>\n\n<div class=\"wp-block-post-excerpt\"><p class=\"wp-block-post-excerpt__excerpt\">Le MU-PRO\/F Vario est con\u00e7u pour \u00eatre \u00e0 la pointe des exigences du march\u00e9 national et \u00e0 l&rsquo;international. Avec une largeur de travail de 8,60 m\u00e8tres et de nombreuses am\u00e9liorations techniques, il constitue un mod\u00e8le de pr\u00e9cision et de rentabilit\u00e9 pour les entreprises de travaux agricoles et les grosses exploitations du monde entier, m\u00eame dans<\/p><p class=\"wp-block-post-excerpt__more-text\"><a class=\"wp-block-post-excerpt__more-link\" href=\"https:\/\/www.muething.com\/fr\/un-maximum-de-puissance-et-defficacite-le-broyeur-pour-grandes-surfaces-muething-mu-pro-f-860-vario-est-bien-implante-en-tant-que-leader-du-marche\/\">En savoir plus<\/a><\/p><\/div>\n<\/li><li class=\"wp-block-post post-15662 post type-post status-publish format-standard hentry category-communique-de-presse infinite-scroll-item\">\n<div class=\"wp-block-post-date\"><time datetime=\"2025-11-06T10:46:45+00:00\">6 novembre 2025<\/time><\/div>\n\n<h2 class=\"wp-block-post-title\">Lancement r\u00e9ussi du nouveau broyeur lat\u00e9ral M\u00fcthing (MU)-M\/S Vario PLUS avec 200 unit\u00e9s vendues<\/h2>\n\n<div class=\"wp-block-post-excerpt\"><p class=\"wp-block-post-excerpt__excerpt\">Le nouveau broyeur lat\u00e9ral MU-M\/S Vario PLUS souligne une nouvelle fois les comp\u00e9tences de M\u00fcthing en mati\u00e8re de polyvalence et de confort d&rsquo;utilisation dans le domaine du mulching et de l&rsquo;entretien. La fonction bout de champ en mode Surface \u00e9tend significativement les domaines d&rsquo;utilisation de la machine. Cela va de l&rsquo;entretien professionnel des foss\u00e9s et<\/p><p class=\"wp-block-post-excerpt__more-text\"><a class=\"wp-block-post-excerpt__more-link\" href=\"https:\/\/www.muething.com\/fr\/lancement-reussi-du-nouveau-broyeur-lateral-muething-mu-m-s-vario-plus-avec-200-unites-vendues\/\">En savoir plus<\/a><\/p><\/div>\n<\/li><li class=\"wp-block-post post-15658 post type-post status-publish format-standard hentry category-communique-de-presse infinite-scroll-item\">\n<div class=\"wp-block-post-date\"><time datetime=\"2025-11-04T11:06:35+00:00\">4 novembre 2025<\/time><\/div>\n\n<h2 class=\"wp-block-post-title\">Des broyeurs compatibles avec les v\u00e9hicules porteurs autonomes<\/h2>\n\n<div class=\"wp-block-post-excerpt\"><p class=\"wp-block-post-excerpt__excerpt\">Face au d\u00e9veloppement et \u00e0 l&rsquo;essor commercial des v\u00e9hicules porteurs autonomes dans le secteur agricole, les constructeurs d&rsquo;outils s&rsquo;interrogent sur la surveillance des machines au sein de ces processus automatis\u00e9s et sur la s\u00e9curit\u00e9 de leur mise en \u0153uvre. L&rsquo;entreprise traditionnelle de Soest poss\u00e8de des solutions de haute technicit\u00e9 pour y r\u00e9pondre. L&rsquo;adaptation du mulching<\/p><p class=\"wp-block-post-excerpt__more-text\"><a class=\"wp-block-post-excerpt__more-link\" href=\"https:\/\/www.muething.com\/fr\/des-broyeurs-compatibles-avec-les-vehicules-porteurs-autonomes\/\">En savoir plus<\/a><\/p><\/div>\n<\/li><\/ul>\n\n<nav class=\"pressebeitrag-nummern wp-block-query-pagination is-layout-flex wp-block-query-pagination-is-layout-flex\" aria-label=\"Pagination\">\n\n\n<div class=\"wp-block-query-pagination-numbers\"><span aria-current=\"page\" class=\"page-numbers current\">1<\/span>\n<a class=\"page-numbers\" href=\"?query-2-page=2\">2<\/a>\n<a class=\"page-numbers\" href=\"?query-2-page=3\">3<\/a><\/div>\n\n<a href=\"\/fr\/wp-json\/wp\/v2\/pages\/10568?query-2-page=2\" class=\"white-arrow-link wp-block-query-pagination-next\">Page suivante<\/a>\n<\/nav>\n\n<\/div>\n","protected":false},"excerpt":{"rendered":"<p>Communiqu\u00e9s de presse T\u00e9l\u00e9charger le logo M\u00fcthing<\/p>\n","protected":false},"author":1,"featured_media":0,"parent":0,"menu_order":0,"comment_status":"closed","ping_status":"closed","template":"","meta":{"inline_featured_image":false,"footnotes":""},"class_list":{"0":"post-10568","1":"page","2":"type-page","3":"status-publish","5":"infinite-scroll-item"},"aioseo_notices":[],"_links":{"self":[{"href":"https:\/\/www.muething.com\/fr\/wp-json\/wp\/v2\/pages\/10568","targetHints":{"allow":["GET"]}}],"collection":[{"href":"https:\/\/www.muething.com\/fr\/wp-json\/wp\/v2\/pages"}],"about":[{"href":"https:\/\/www.muething.com\/fr\/wp-json\/wp\/v2\/types\/page"}],"author":[{"embeddable":true,"href":"https:\/\/www.muething.com\/fr\/wp-json\/wp\/v2\/users\/1"}],"replies":[{"embeddable":true,"href":"https:\/\/www.muething.com\/fr\/wp-json\/wp\/v2\/comments?post=10568"}],"version-history":[{"count":5,"href":"https:\/\/www.muething.com\/fr\/wp-json\/wp\/v2\/pages\/10568\/revisions"}],"predecessor-version":[{"id":10633,"href":"https:\/\/www.muething.com\/fr\/wp-json\/wp\/v2\/pages\/10568\/revisions\/10633"}],"wp:attachment":[{"href":"https:\/\/www.muething.com\/fr\/wp-json\/wp\/v2\/media?parent=10568"}],"curies":[{"name":"wp","href":"https:\/\/api.w.org\/{rel}","templated":true}]}}