{"id":10566,"date":"2022-09-13T13:09:13","date_gmt":"2022-09-13T13:09:13","guid":{"rendered":"https:\/\/www.muething.com\/contact\/"},"modified":"2026-03-11T14:26:53","modified_gmt":"2026-03-11T14:26:53","slug":"contact","status":"publish","type":"page","link":"https:\/\/www.muething.com\/fr\/contact\/","title":{"rendered":"Contact"},"content":{"rendered":"\n<div class=\"wp-block-columns alignfull FullwidthContainingContained informationHeader_Container no_marginBottom has-accent-background-color has-background is-layout-flex wp-container-core-columns-is-layout-9d6595d7 wp-block-columns-is-layout-flex\">\n<div class=\"wp-block-column containedInFullwidth is-layout-flow wp-block-column-is-layout-flow\">\n<div class=\"wp-block-columns informationHeader is-layout-flex wp-container-core-columns-is-layout-9d6595d7 wp-block-columns-is-layout-flex\">\n<div class=\"wp-block-column informationBack is-layout-flow wp-block-column-is-layout-flow\" style=\"flex-basis:50px\">\n<figure class=\"wp-block-image size-large backIcon\"><a href=\"..\/\"><img decoding=\"async\" src=\"https:\/\/www.muething.com\/wp-content\/uploads\/2022\/09\/Muething_Button-ArrowWhite_Backwards_EA1-01.svg\" alt=\"\" class=\"wp-image-1774\"\/><\/a><\/figure>\n<\/div>\n\n\n\n<div class=\"wp-block-column informationTitle is-layout-flow wp-block-column-is-layout-flow\">\n<h1 class=\"wp-block-heading has-text-align-center\">Contact<\/h1>\n<\/div>\n\n\n\n<div class=\"wp-block-column informationSpaceRight is-layout-flow wp-block-column-is-layout-flow\" style=\"flex-basis:50px\"><\/div>\n<\/div>\n<\/div>\n<\/div>\n\n\n\n<div style=\"height:60px\" aria-hidden=\"true\" class=\"wp-block-spacer\"><\/div>\n\n\n\n<div class=\"wp-block-columns adressBlocksContainer is-layout-flex wp-container-core-columns-is-layout-9d6595d7 wp-block-columns-is-layout-flex\">\n<div class=\"wp-block-column is-layout-flow wp-block-column-is-layout-flow\">\n<figure class=\"wp-block-image size-full\"><img loading=\"lazy\" decoding=\"async\" width=\"810\" height=\"536\" src=\"https:\/\/www.muething.com\/wp-content\/uploads\/2022\/09\/muething-soest-luftaufnahme510x383.jpg\" alt=\"\" class=\"wp-image-1474\" srcset=\"https:\/\/www.muething.com\/wp-content\/uploads\/2022\/09\/muething-soest-luftaufnahme510x383.jpg 810w, https:\/\/www.muething.com\/wp-content\/uploads\/2022\/09\/muething-soest-luftaufnahme510x383-300x199.jpg 300w, https:\/\/www.muething.com\/wp-content\/uploads\/2022\/09\/muething-soest-luftaufnahme510x383-768x508.jpg 768w\" sizes=\"auto, (max-width: 810px) 100vw, 810px\" \/><\/figure>\n<\/div>\n\n\n\n<div class=\"wp-block-column is-vertically-aligned-center overlayContainer is-layout-flow wp-block-column-is-layout-flow\" id=\"soest_overlayContainer\">\n<p class=\"has-text-align-center has-base-3-color has-text-color\">M\u00fcthing GmbH &amp; Co. KG Soest<br>Am Silberg 23<br>D \u2013 59494 Soest<\/p>\n\n\n\n<p class=\"has-text-align-center has-base-3-color has-text-color\">T\u00e9l.&nbsp;: +49 (0) 2921 \/ 9651 \u2013 0<br>Fax&nbsp;: +49 (0) 2921 \/ 73080<br><a href=\"mailto:soest@muething.com\">soest@muething.com<\/a><\/p>\n<\/div>\n<\/div>\n\n\n\n<div class=\"wp-block-columns adressBlocksContainer is-layout-flex wp-container-core-columns-is-layout-9d6595d7 wp-block-columns-is-layout-flex\">\n<div class=\"wp-block-column is-layout-flow wp-block-column-is-layout-flow\">\n<figure class=\"wp-block-image size-full\"><img loading=\"lazy\" decoding=\"async\" width=\"818\" height=\"536\" src=\"https:\/\/www.muething.com\/wp-content\/uploads\/2022\/09\/muething-uffenheim-luftaufnahme510x383.jpg\" alt=\"\" class=\"wp-image-1473\" srcset=\"https:\/\/www.muething.com\/wp-content\/uploads\/2022\/09\/muething-uffenheim-luftaufnahme510x383.jpg 818w, https:\/\/www.muething.com\/wp-content\/uploads\/2022\/09\/muething-uffenheim-luftaufnahme510x383-300x197.jpg 300w, https:\/\/www.muething.com\/wp-content\/uploads\/2022\/09\/muething-uffenheim-luftaufnahme510x383-768x503.jpg 768w\" sizes=\"auto, (max-width: 818px) 100vw, 818px\" \/><\/figure>\n<\/div>\n\n\n\n<div class=\"wp-block-column is-vertically-aligned-center overlayContainer is-layout-flow wp-block-column-is-layout-flow\" id=\"uffenheim_overlayContainer\">\n<p class=\"has-text-align-center has-base-3-color has-text-color\">M\u00fcthing GmbH &amp; Co. KG Uffenheim<br>Am Br\u00fcnnlein 2<br>D \u2013 97215 Uffenheim<\/p>\n\n\n\n<p class=\"has-text-align-center has-base-3-color has-text-color\">T\u00e9l.&nbsp;: +49 (0) 9842 \/ 9866 \u2013 0<br>Fax&nbsp;: +49 (0) 9842 \/ 9866 \u2013 67<br><a href=\"mailto:uffenheim@muething.com\">uffenheim@muething.com<\/a><\/p>\n<\/div>\n<\/div>\n\n\n\n<div class=\"wp-block-columns headline-container is-layout-flex wp-container-core-columns-is-layout-9d6595d7 wp-block-columns-is-layout-flex\">\n<div class=\"wp-block-column is-layout-flow wp-block-column-is-layout-flow\">\n<h2 class=\"wp-block-heading white-font\">Formulaire de prise de contact<\/h2>\n<\/div>\n<\/div>\n\n\n\n<div class=\"wp-block-columns is-layout-flex wp-container-core-columns-is-layout-9d6595d7 wp-block-columns-is-layout-flex\">\n<div class=\"wp-block-column is-layout-flow wp-block-column-is-layout-flow\">\n<div class=\"generalContactform\">\n<div class=\"wpcf7 no-js\" id=\"wpcf7-f16012-o1\" lang=\"fr-FR\" dir=\"ltr\" data-wpcf7-id=\"16012\">\n<div class=\"screen-reader-response\"><p role=\"status\" aria-live=\"polite\" aria-atomic=\"true\"><\/p> <ul><\/ul><\/div>\n<form action=\"\/fr\/wp-json\/wp\/v2\/pages\/10566#wpcf7-f16012-o1\" method=\"post\" class=\"wpcf7-form init\" aria-label=\"Formulaire de contact\" novalidate=\"novalidate\" data-status=\"init\">\n<fieldset class=\"hidden-fields-container\"><input type=\"hidden\" name=\"_wpcf7\" value=\"16012\" \/><input type=\"hidden\" name=\"_wpcf7_version\" value=\"6.1.5\" \/><input type=\"hidden\" name=\"_wpcf7_locale\" value=\"fr_FR\" \/><input type=\"hidden\" name=\"_wpcf7_unit_tag\" value=\"wpcf7-f16012-o1\" \/><input type=\"hidden\" name=\"_wpcf7_container_post\" value=\"0\" \/><input type=\"hidden\" name=\"_wpcf7_posted_data_hash\" value=\"\" \/>\n<\/fieldset>\n<h3 style=\"color:white;\">Votre nom\n<\/h3>\n<div style=\"width:100%;height:0px;\">\n<\/div>\n<p><label> Pr\u00e9nom *<br \/>\n<span class=\"wpcf7-form-control-wrap\" data-name=\"vorname\"><input size=\"40\" maxlength=\"400\" class=\"wpcf7-form-control wpcf7-text wpcf7-validates-as-required\" aria-required=\"true\" aria-invalid=\"false\" placeholder=\"Pr\u00e9nom\" value=\"\" type=\"text\" name=\"vorname\" \/><\/span> <\/label>\n<\/p>\n<p><label> Nom *<br \/>\n<span class=\"wpcf7-form-control-wrap\" data-name=\"nachname\"><input size=\"40\" maxlength=\"400\" class=\"wpcf7-form-control wpcf7-text wpcf7-validates-as-required\" aria-required=\"true\" aria-invalid=\"false\" placeholder=\"Nom de famille\" value=\"\" type=\"text\" name=\"nachname\" \/><\/span> <\/label>\n<\/p>\n<div style=\"width:100%;height:0px;\">\n<\/div>\n<h3 style=\"color:white;\">Votre adresse\n<\/h3>\n<div style=\"width:100%;height:0px;\">\n<\/div>\n<p><label> Entreprise<br \/>\n<span class=\"wpcf7-form-control-wrap\" data-name=\"firma\"><input size=\"40\" maxlength=\"400\" class=\"wpcf7-form-control wpcf7-text\" aria-invalid=\"false\" placeholder=\"Soci\u00e9t\u00e9\" value=\"\" type=\"text\" name=\"firma\" \/><\/span><\/label>\n<\/p>\n<p><label> Rue<br \/>\n<span class=\"wpcf7-form-control-wrap\" data-name=\"strasse\"><input size=\"40\" maxlength=\"400\" class=\"wpcf7-form-control wpcf7-text\" aria-invalid=\"false\" placeholder=\"Rue\" value=\"\" type=\"text\" name=\"strasse\" \/><\/span><\/label>\n<\/p>\n<p><label> Code postal<br \/>\n<span class=\"wpcf7-form-control-wrap\" data-name=\"plz\"><input size=\"40\" maxlength=\"400\" class=\"wpcf7-form-control wpcf7-text\" aria-invalid=\"false\" placeholder=\"CODE POSTAL\" value=\"\" type=\"text\" name=\"plz\" \/><\/span><\/label>\n<\/p>\n<p><label> Ville<br \/>\n<span class=\"wpcf7-form-control-wrap\" data-name=\"ort\"><input size=\"40\" maxlength=\"400\" class=\"wpcf7-form-control wpcf7-text\" aria-invalid=\"false\" placeholder=\"Lieu\" value=\"\" type=\"text\" name=\"ort\" \/><\/span><\/label>\n<\/p>\n<p><label> Pays<br \/>\n<span class=\"wpcf7-form-control-wrap\" data-name=\"land\"><input size=\"40\" maxlength=\"400\" class=\"wpcf7-form-control wpcf7-text\" aria-invalid=\"false\" placeholder=\"Pays\" value=\"\" type=\"text\" name=\"land\" \/><\/span><\/label>\n<\/p>\n<div style=\"width:100%;height:0px;\">\n<\/div>\n<h3 style=\"color:white;\">Comment pouvons-nous vous contacter ?\n<\/h3>\n<div style=\"width:100%;height:0px;\">\n<\/div>\n<p><label> Votre num\u00e9ro de t\u00e9l\u00e9phone<br \/>\n<span class=\"wpcf7-form-control-wrap\" data-name=\"telefonnummer\"><input size=\"40\" maxlength=\"400\" class=\"wpcf7-form-control wpcf7-tel wpcf7-text wpcf7-validates-as-tel\" aria-invalid=\"false\" placeholder=\"00000 1234567\" value=\"\" type=\"tel\" name=\"telefonnummer\" \/><\/span><\/label>\n<\/p>\n<p><label> Adresse e-mail *<br \/>\n<span class=\"wpcf7-form-control-wrap\" data-name=\"email\"><input size=\"40\" maxlength=\"400\" class=\"wpcf7-form-control wpcf7-email wpcf7-validates-as-required wpcf7-text wpcf7-validates-as-email\" aria-required=\"true\" aria-invalid=\"false\" placeholder=\"example@provider.de\" value=\"\" type=\"email\" name=\"email\" \/><\/span> <\/label>\n<\/p>\n<div style=\"width:100%;height:0px;\">\n<\/div>\n<h3 style=\"color:white;\">Votre demande\n<\/h3>\n<div style=\"width:100%;height:0px;\">\n<\/div>\n<p><label> Votre message *<br \/>\n<span class=\"wpcf7-form-control-wrap\" data-name=\"message\"><textarea cols=\"40\" rows=\"10\" maxlength=\"2000\" class=\"wpcf7-form-control wpcf7-textarea wpcf7-validates-as-required\" aria-required=\"true\" aria-invalid=\"false\" placeholder=\"Comment pouvons-nous vous aider ?\" name=\"message\"><\/textarea><\/span> <\/label>\n<\/p>\n<p><span class=\"wpcf7-form-control-wrap\" data-name=\"acceptance-361\"><span class=\"wpcf7-form-control wpcf7-acceptance optional\"><span class=\"wpcf7-list-item\"><label><input type=\"checkbox\" name=\"acceptance-361\" value=\"1\" aria-invalid=\"false\" \/><span class=\"wpcf7-list-item-label\">J'ai pris connaissance de la d\u00e9claration de protection des donn\u00e9es. J'accepte que mes informations et donn\u00e9es soient collect\u00e9es et enregistr\u00e9es \u00e9lectroniquement pour r\u00e9pondre \u00e0 mes demandes. Remarque : vous pouvez \u00e0 tout moment r\u00e9voquer votre consentement pour l'avenir en envoyant un e-mail \u00e0 info@muething.com*.<\/span><\/label><\/span><\/span><\/span>\n<\/p>\n<p><span id=\"wpcf7-69e34c27585d6-wrapper\" class=\"wpcf7-form-control-wrap priority-client-wrap\" style=\"display:none !important; visibility:hidden !important;\"><input type=\"hidden\" name=\"priority-client-time-start\" value=\"1776503847\"><input type=\"hidden\" name=\"priority-client-time-check\" value=\"4\"><label for=\"priority-client\" class=\"hp-message\">Veuillez laisser ce champ vide.<\/label><input id=\"priority-client\"  class=\"wpcf7-form-control wpcf7-text\" type=\"text\" name=\"priority-client\" value=\"\" size=\"40\" tabindex=\"-1\" autocomplete=\"off\" \/><\/span>\n<\/p>\n<p>* Champ obligatoire\n<\/p>\n<div style=\"width:100%;height:0px;\">\n<\/div>\n<p><input class=\"wpcf7-form-control wpcf7-submit has-spinner\" type=\"submit\" value=\"envoyer\" \/>\n<\/p><input type='hidden' class='wpcf7-pum' value='{\"closepopup\":false,\"closedelay\":0,\"openpopup\":false,\"openpopup_id\":0}' \/><div class=\"wpcf7-response-output\" aria-hidden=\"true\"><\/div>\n<\/form>\n<\/div>\n<\/div>\n<\/div>\n<\/div>\n","protected":false},"excerpt":{"rendered":"<p>Contact M\u00fcthing GmbH &amp; Co. KG SoestAm Silberg 23D \u2013 59494 Soest T\u00e9l.&nbsp;: +49 (0) 2921 \/ 9651 \u2013 0Fax&nbsp;: +49 (0) 2921 \/ 73080soest@muething.com M\u00fcthing GmbH &amp; Co. KG UffenheimAm Br\u00fcnnlein 2D \u2013 97215 Uffenheim T\u00e9l.&nbsp;: +49 (0) 9842 \/ 9866 \u2013 0Fax&nbsp;: +49 (0) 9842 \/ 9866 \u2013 67uffenheim@muething.com Formulaire de prise de &#8230; <\/p>\n<p class=\"read-more-container\"><a title=\"Contact\" class=\"read-more button\" href=\"https:\/\/www.muething.com\/fr\/contact\/#more-10566\" aria-label=\"En savoir plus sur Contact\">Mehr erfahren<\/a><\/p>\n","protected":false},"author":1,"featured_media":0,"parent":0,"menu_order":0,"comment_status":"closed","ping_status":"closed","template":"","meta":{"inline_featured_image":false,"footnotes":""},"class_list":{"0":"post-10566","1":"page","2":"type-page","3":"status-publish","5":"infinite-scroll-item"},"aioseo_notices":[],"_links":{"self":[{"href":"https:\/\/www.muething.com\/fr\/wp-json\/wp\/v2\/pages\/10566","targetHints":{"allow":["GET"]}}],"collection":[{"href":"https:\/\/www.muething.com\/fr\/wp-json\/wp\/v2\/pages"}],"about":[{"href":"https:\/\/www.muething.com\/fr\/wp-json\/wp\/v2\/types\/page"}],"author":[{"embeddable":true,"href":"https:\/\/www.muething.com\/fr\/wp-json\/wp\/v2\/users\/1"}],"replies":[{"embeddable":true,"href":"https:\/\/www.muething.com\/fr\/wp-json\/wp\/v2\/comments?post=10566"}],"version-history":[{"count":8,"href":"https:\/\/www.muething.com\/fr\/wp-json\/wp\/v2\/pages\/10566\/revisions"}],"predecessor-version":[{"id":16013,"href":"https:\/\/www.muething.com\/fr\/wp-json\/wp\/v2\/pages\/10566\/revisions\/16013"}],"wp:attachment":[{"href":"https:\/\/www.muething.com\/fr\/wp-json\/wp\/v2\/media?parent=10566"}],"curies":[{"name":"wp","href":"https:\/\/api.w.org\/{rel}","templated":true}]}}