{"id":10564,"date":"2022-09-01T07:35:20","date_gmt":"2022-09-01T07:35:20","guid":{"rendered":"https:\/\/www.muething.com\/qui-est-muething\/"},"modified":"2024-06-06T10:26:20","modified_gmt":"2024-06-06T10:26:20","slug":"qui-est-muething","status":"publish","type":"page","link":"https:\/\/www.muething.com\/fr\/qui-est-muething\/","title":{"rendered":"Qui est M\u00fcthing"},"content":{"rendered":"\n<div class=\"wp-block-columns alignfull dasIstMuething_Sektion1 no_marginBottom has-contrast-background-color has-background is-layout-flex wp-container-core-columns-is-layout-9d6595d7 wp-block-columns-is-layout-flex\">\n<div class=\"wp-block-column is-layout-flow wp-block-column-is-layout-flow\">\n<div class=\"wp-block-columns alignfull vollbild-HG is-layout-flex wp-container-core-columns-is-layout-9d6595d7 wp-block-columns-is-layout-flex\">\n<div class=\"wp-block-column backgroundGradient_darken FullwidthContainingContained is-layout-flow wp-block-column-is-layout-flow\">\n<div class=\"wp-block-columns containedInFullwidth is-layout-flex wp-container-core-columns-is-layout-9d6595d7 wp-block-columns-is-layout-flex\">\n<div class=\"wp-block-column is-layout-flow wp-block-column-is-layout-flow\" style=\"flex-basis:75%\">\n<h1 class=\"wp-block-heading has-base-3-color has-text-color\">Qui est M\u00fcthing<\/h1>\n\n\n\n<p class=\"dasIstMuething_introText has-base-3-color has-text-color\">M\u00fcthing compte parmi les principaux fournisseurs en mati\u00e8re de technique de mulching innovante en Europe. Depuis de nombreuses d\u00e9cennies, des clients issus de 32\u00a0pays font confiance aux produits de qualit\u00e9 \u00ab\u00a0Engineered in Germany\u00a0\u00bb de la marque M\u00fcthing.\u00a0<\/p>\n<\/div>\n<\/div>\n<\/div>\n<\/div>\n\n\n\n<div class=\"wp-block-columns dasIstMuething_Grundlage FullwidthContainingContained is-layout-flex wp-container-core-columns-is-layout-9d6595d7 wp-block-columns-is-layout-flex\">\n<div class=\"wp-block-column containedInFullwidth is-layout-flow wp-block-column-is-layout-flow\">\n<h3 class=\"wp-block-heading has-base-3-color has-text-color\">Les cl\u00e9s d&rsquo;un succ\u00e8s durable<\/h3>\n\n\n\n<div class=\"wp-block-columns is-layout-flex wp-container-core-columns-is-layout-9d6595d7 wp-block-columns-is-layout-flex\">\n<div class=\"wp-block-column is-layout-flow wp-block-column-is-layout-flow\">\n<p class=\"has-base-3-color has-text-color\">Fond\u00e9e en 1898, la soci\u00e9t\u00e9 M\u00fcthing d\u00e9bute dans le commerce de faucheuses et de pi\u00e8ces de rechange dans la r\u00e9gion du Sauerland. Le premier broyeur-mulcheur M\u00fcthing fut d\u00e9velopp\u00e9, construit et commercialis\u00e9 d\u00e8s 1998. \u00c0 peine deux ann\u00e9es plus tard, les broyeurs \u00e9taient d\u00e9j\u00e0 export\u00e9s dans de nombreux pays.<\/p>\n<\/div>\n\n\n\n<div class=\"wp-block-column is-layout-flow wp-block-column-is-layout-flow\">\n<p class=\"has-base-3-color has-text-color\">Une entreprise familiale qui r\u00e9unit plus de 120\u00a0ans de tradition. La passion et l&rsquo;exp\u00e9rience alli\u00e9es \u00e0 une commercialisation orient\u00e9e clients animent l&rsquo;entreprise jusqu&rsquo;\u00e0 la 4e g\u00e9n\u00e9ration actuelle.<br\/>Gr\u00e2ce \u00e0 sa fiabilit\u00e9 et \u00e0 son ind\u00e9pendance, l&rsquo;entreprise inspire une grande confiance aupr\u00e8s des clients, des collaborateurs et des partenaires syst\u00e8mes. C&rsquo;est cela qui garantit son succ\u00e8s \u00e0 long terme.<\/p>\n<\/div>\n<\/div>\n<\/div>\n<\/div>\n<\/div>\n<\/div>\n\n<div class=\"wp-block-columns alignfull dasIstMuething_Sektion2 no_marginBottom borderTop_thick Fullwidth_containingContained is-layout-flex wp-container-core-columns-is-layout-9d6595d7 wp-block-columns-is-layout-flex\">\n<div class=\"wp-block-column FullwidthContainingContained is-layout-flow wp-block-column-is-layout-flow\">\n<div class=\"wp-block-columns containedInFullwidth is-layout-flex wp-container-core-columns-is-layout-9d6595d7 wp-block-columns-is-layout-flex\">\n<div class=\"wp-block-column is-layout-flow wp-block-column-is-layout-flow\" style=\"flex-basis:33%\">\n<h3 class=\"wp-block-heading\">Nous ne cessons de nous d\u00e9velopper<\/h3>\n\n\n\n<p>Depuis de nombreuses ann\u00e9es, la marque M\u00fcthing est synonyme de broyeurs Vario, tourn\u00e9s vers l&rsquo;avenir, garants de remarquables r\u00e9sultats de travail.<br\/>En collaboration avec des partenaires technologiques issus des domaines de la science et de la recherche ainsi que de clients pr\u00e9sents dans de nombreux pays, nous n&rsquo;avons de cesse de d\u00e9velopper de nouveaux produits qui allient agriculture et durabilit\u00e9.\u00a0<br\/>Les innovations continues b\u00e9n\u00e9ficient aux techniques d&rsquo;entretien professionnelles et modernes combin\u00e9es \u00e0 une protection durable des insectes pour la pr\u00e9servation de l&rsquo;\u00e9cosyst\u00e8me. Gr\u00e2ce au dialogue permanent avec les utilisateurs, l&rsquo;entreprise familiale est en mesure de construire des broyeurs-mulcheurs qui satisfont aux exigences \u00e9lev\u00e9es d&rsquo;une utilisation quotidienne tout en r\u00e9pondant \u00e0 vos besoins concrets.<\/p>\n<\/div>\n\n\n\n<div class=\"wp-block-column bildSpalte is-layout-flow wp-block-column-is-layout-flow\" style=\"flex-basis:66%\">\n<figure class=\"wp-block-image size-large\"><img loading=\"lazy\" decoding=\"async\" width=\"1024\" height=\"640\" src=\"https:\/\/www.muething.com\/wp-content\/uploads\/2022\/09\/Buero_und_Montagehalle_Soest1-1024x640.jpg\" alt=\"\" class=\"wp-image-1014\" srcset=\"https:\/\/www.muething.com\/wp-content\/uploads\/2022\/09\/Buero_und_Montagehalle_Soest1-1024x640.jpg 1024w, https:\/\/www.muething.com\/wp-content\/uploads\/2022\/09\/Buero_und_Montagehalle_Soest1-300x188.jpg 300w, https:\/\/www.muething.com\/wp-content\/uploads\/2022\/09\/Buero_und_Montagehalle_Soest1-768x480.jpg 768w, https:\/\/www.muething.com\/wp-content\/uploads\/2022\/09\/Buero_und_Montagehalle_Soest1-1536x960.jpg 1536w, https:\/\/www.muething.com\/wp-content\/uploads\/2022\/09\/Buero_und_Montagehalle_Soest1.jpg 1920w\" sizes=\"auto, (max-width: 1024px) 100vw, 1024px\" \/><\/figure>\n<\/div>\n<\/div>\n<\/div>\n<\/div>\n\n<div class=\"wp-block-columns alignfull dasIstMuething_Sektion3 no_marginBottom borderTop_thick Fullwidth_containingContained is-layout-flex wp-container-core-columns-is-layout-9d6595d7 wp-block-columns-is-layout-flex\">\n<div class=\"wp-block-column FullwidthContainingContained is-layout-flow wp-block-column-is-layout-flow\">\n<div class=\"wp-block-columns containedInFullwidth is-layout-flex wp-container-core-columns-is-layout-9d6595d7 wp-block-columns-is-layout-flex\">\n<div class=\"wp-block-column is-layout-flow wp-block-column-is-layout-flow\" style=\"flex-basis:100%\">\n<p>La soci\u00e9t\u00e9 M\u00fcthing d\u00e9bute dans le commerce de faucheuses et de pi\u00e8ces de rechange dans la r\u00e9gion du Sauerland d\u00e8s 1898. Aujourd&rsquo;hui, c&rsquo;est la quatri\u00e8me g\u00e9n\u00e9ration qui est pr\u00e9sente sur le march\u00e9 pour proposer des outils techniques de mulching. Outre les broyeurs-mulcheurs agricoles, M\u00fcthing propose \u00e9galement des \u00e9quipements techniques d\u00e9di\u00e9s \u00e0 l&rsquo;entretien des surfaces et des espaces verts communaux ainsi qu&rsquo;\u00e0 des cultures sp\u00e9cialis\u00e9es comme l&rsquo;arboriculture ou la viticulture.<\/p>\n<\/div>\n<\/div>\n\n\n\n<div class=\"wp-block-columns containedInFullwidth is-layout-flex wp-container-core-columns-is-layout-9d6595d7 wp-block-columns-is-layout-flex\" id=\"beginn1998ContainerContainer\">\n<div class=\"wp-block-column timelineEntry_left is-layout-flow wp-block-column-is-layout-flow\" style=\"flex-basis:100%\" id=\"beginn1998-container\">\n<div class=\"timelineEntry\" id=\"beginn1998\"><div class=\"timelineEntryTitle\"><h3 class=\"timelineHeadline\">1998<\/h3><div class=\"horizontallinieContainer\"><\/div><\/div><p class=\"timelineContent\">Date de d\u00e9veloppement, construction et commercialisation du premier broyeur-mulcheur de la marque \u00ab\u00a0M\u00fcthing\u00a0\u00bb. \u00c0 peine deux ans plus tard, les broyeurs-mulcheurs jaunes \u00e9taient export\u00e9s dans toute l&rsquo;Europe. \n<\/p><\/div>\n<div id=\"linie1998Container\"><div class=\"timelineDot\"><\/div><div id=\"linie1998\"><\/div><\/div>\n<\/div>\n<\/div>\n\n\n\n<div class=\"wp-block-columns containedInFullwidth is-layout-flex wp-container-core-columns-is-layout-9d6595d7 wp-block-columns-is-layout-flex\">\n<div class=\"wp-block-column timelineEntry_left is-layout-flow wp-block-column-is-layout-flow\" style=\"flex-basis:100%\">\n<div class=\"timelineEntry\" id=\"modellvarianten\"><div class=\"timelineEntryTitle\"><h3 class=\"timelineHeadline\">1\u2420518<\/h3><div class=\"horizontallinieContainer\"><div class=\"timelineDot\"><\/div><div class=\"timelineHorizontallinie\"><\/div><\/div><\/div><p class=\"timelineContent\">Variantes de mod\u00e8les de la gamme M\u00fcthing propos\u00e9es dans les versions rigides ou \u00e0 repliage hydraulique, port\u00e9s ou semi-port\u00e9s, ainsi qu&rsquo;\u00e0 attelage frontal, arri\u00e8re ou lat\u00e9ral. Le syst\u00e8me MU-Vario permet m\u00eame de r\u00e9gler le degr\u00e9 de d\u00e9chiquetage de la mati\u00e8re broy\u00e9e selon les besoins.<\/p><\/div>\n<\/div>\n\n\n\n<div class=\"wp-block-column vertikallinieContainer is-layout-flow wp-block-column-is-layout-flow\" style=\"flex-basis:100px\" id=\"mulchrotorVertikallinie\">\n<div class=\"timelineDot\"><\/div>\n\n\n\n<div class=\"timelineVertikallinie\"><\/div>\n\n\n\n<div class=\"timelineDot\"><\/div>\n<\/div>\n\n\n\n<div class=\"wp-block-column timelineEntry_right is-layout-flow wp-block-column-is-layout-flow\" style=\"flex-basis:100%\">\n<div class=\"linieMulchrotor\"><\/div>\n\n\n\n<div class=\"timelineEntryTitle\" id=\"mulchrotor\"><div class=\"timelineContent\"><h3>91\u2004520 m<\/h3>Cumul des largeurs de travail des broyeurs \u00e0 rotor qui ont quitt\u00e9 l&rsquo;usine depuis 1998. Cela repr\u00e9sente quasiment la distance qui s\u00e9pare les villes de Hambourg et Br\u00eame. M\u00fcthing propose des largeurs de travail de 0,80 \u00e0 8,60\u2004m. <\/div><\/div>\n\n\n\n<div class=\"timelineEntryTitle\" id=\"schlegel\"><div class=\"horizontallinieContainer\"><div class=\"timelineHorizontallinie\"><\/div><div class=\"timelineDot\"><\/div><\/div><div class=\"timelineContent\"><h3>1,44\u2004millions<\/h3>Nombre de fl\u00e9aux que M\u00fcthing a int\u00e9gr\u00e9s dans des machines neuves au cours des derni\u00e8res ann\u00e9es. Il existe six types diff\u00e9rents pour r\u00e9pondre aux diff\u00e9rentes exigences. L&rsquo;outil le plus lourd p\u00e8se 2,7\u2004kg et est propos\u00e9 avec une garantie contre la casse de trois ans.<\/div><\/div>\n<\/div>\n<\/div>\n\n\n\n<div class=\"wp-block-columns containedInFullwidth is-layout-flex wp-container-core-columns-is-layout-9d6595d7 wp-block-columns-is-layout-flex\" id=\"mitarbeiterContainerContainer\">\n<div class=\"wp-block-column timelineEntry_left is-layout-flow wp-block-column-is-layout-flow\" style=\"flex-basis:100%\" id=\"mitarbeiter-container\">\n<div class=\"timelineEntry\" id=\"mitarbeiter\"><div id=\"mitarbeiterRahmen\"><\/div><div class=\"timelineEntryTitle\"><h3 class=\"timelineHeadline\">120 collaborateurs<\/h3><div class=\"timelineDot\"><\/div><div class=\"horizontallinieContainer\"><\/div><\/div><p class=\"timelineContent\">Travaillent actuellement au sein du groupe M\u00fcthing dans les d\u00e9partements D\u00e9veloppement, Conception de mod\u00e8les, Montage, Distribution et Service apr\u00e8s-vente dans les diff\u00e9rentes filiales. Certaines pi\u00e8ces de broyeurs-mulcheurs sont fabriqu\u00e9es par des soci\u00e9t\u00e9s partenaires. <\/p><\/div>\n<\/div>\n<\/div>\n\n\n\n<div class=\"wp-block-columns containedInFullwidth is-layout-flex wp-container-core-columns-is-layout-9d6595d7 wp-block-columns-is-layout-flex\">\n<div class=\"wp-block-column timelineEntry_left is-layout-flow wp-block-column-is-layout-flow\" style=\"flex-basis:100%\">\n<div class=\"timelineEntry\" id=\"ersatzteile\"><div class=\"timelineEntryTitle\"><h3 class=\"timelineHeadline\">3\u2004558<\/h3><div class=\"horizontallinieContainer\"><div class=\"timelineDot\"><\/div><div class=\"timelineHorizontallinie\"><\/div><\/div><\/div><p class=\"timelineContent\">Pi\u00e8ces de rechange sont disponibles en stock. En quelques heures, la pi\u00e8ce de rechange est en route vers le client ou peut \u00eatre cherch\u00e9e aupr\u00e8s de douze points relais en Allemagne. <\/p><\/div>\n\n\n\n<div class=\"timelineEntry\" id=\"kiesgemisch\"><div class=\"timelineEntryTitle\"><h3 class=\"timelineHeadline\">135 kg<\/h3><div class=\"horizontallinieContainer\"><div class=\"timelineDot\"><\/div><div class=\"timelineHorizontallinie\"><\/div><\/div><\/div><p class=\"timelineContent\">Volume de m\u00e9lange de graviers requis pour proc\u00e9der \u00e0 des essais de projectiles certifi\u00e9s par T\u00dcV Nord. Une fois l&rsquo;homologation r\u00e9ussie, les appareils doivent juste respecter une distance de s\u00e9curit\u00e9 de 8\u2004m \u00e0 l&rsquo;avant et \u00e0 l&rsquo;arri\u00e8re et de 2\u2004m \u00e0 droite et \u00e0 gauche.<\/p><\/div>\n<\/div>\n\n\n\n<div class=\"wp-block-column vertikallinieContainer is-layout-flow wp-block-column-is-layout-flow\" style=\"flex-basis:100px\" id=\"wuchtzentrumVertikallinie\">\n<div class=\"timelineVertikallinie\"><\/div>\n\n\n\n<div class=\"timelineDot\"><\/div>\n<\/div>\n\n\n\n<div class=\"wp-block-column timelineEntry_right is-layout-flow wp-block-column-is-layout-flow\" style=\"flex-basis:100%\">\n<div class=\"timelineEntryTitle\" id=\"wuchtzentrum\"><div class=\"horizontallinieContainer\"><div class=\"timelineHorizontallinie\"><\/div><div class=\"timelineDot\"><\/div><\/div><div class=\"timelineContent\"><h3>3,0 grammes<\/h3>Pr\u00e9cision d&rsquo;\u00e9quilibrage des rotors M\u00fcthing pouvant \u00eatre atteinte. Cette pr\u00e9cision est v\u00e9rifi\u00e9e dans le centre d&rsquo;\u00e9quilibrage d\u00e9di\u00e9 du site de M\u00fcthing \u00e0 Soest.<\/div><\/div>\n<\/div>\n<\/div>\n\n\n\n<div class=\"wp-block-columns containedInFullwidth is-layout-flex wp-container-core-columns-is-layout-9d6595d7 wp-block-columns-is-layout-flex\" id=\"laenderContainerContainer\">\n<div class=\"wp-block-column timelineEntry_left is-layout-flow wp-block-column-is-layout-flow\" style=\"flex-basis:100%\" id=\"laender-container\">\n<div class=\"timelineEntry\" id=\"laender\"><div class=\"timelineEntryTitle\"><h3 class=\"timelineHeadline\">32 pays<\/h3><div class=\"timelineDot\"><\/div><div class=\"horizontallinieContainer\"><\/div><\/div><p class=\"timelineContent\">Nombre de pays sur cinq continents actuellement fournis en technologie M\u00fcthing \n<\/p><\/div>\n<\/div>\n<\/div>\n<\/div>\n<\/div>\n","protected":false},"excerpt":{"rendered":"<p>Qui est M\u00fcthing M\u00fcthing compte parmi les principaux fournisseurs en mati\u00e8re de technique de mulching innovante en Europe. Depuis de nombreuses d\u00e9cennies, des clients issus de 32\u00a0pays font confiance aux produits de qualit\u00e9 \u00ab\u00a0Engineered in Germany\u00a0\u00bb de la marque M\u00fcthing.\u00a0 Les cl\u00e9s d&rsquo;un succ\u00e8s durable Fond\u00e9e en 1898, la soci\u00e9t\u00e9 M\u00fcthing d\u00e9bute dans le commerce &#8230; <\/p>\n<p class=\"read-more-container\"><a title=\"Qui est M\u00fcthing\" class=\"read-more button\" href=\"https:\/\/www.muething.com\/fr\/qui-est-muething\/#more-10564\" aria-label=\"En savoir plus sur Qui est M\u00fcthing\">Mehr erfahren<\/a><\/p>\n","protected":false},"author":1,"featured_media":0,"parent":0,"menu_order":0,"comment_status":"closed","ping_status":"closed","template":"","meta":{"inline_featured_image":false,"footnotes":""},"class_list":{"0":"post-10564","1":"page","2":"type-page","3":"status-publish","5":"infinite-scroll-item"},"aioseo_notices":[],"_links":{"self":[{"href":"https:\/\/www.muething.com\/fr\/wp-json\/wp\/v2\/pages\/10564","targetHints":{"allow":["GET"]}}],"collection":[{"href":"https:\/\/www.muething.com\/fr\/wp-json\/wp\/v2\/pages"}],"about":[{"href":"https:\/\/www.muething.com\/fr\/wp-json\/wp\/v2\/types\/page"}],"author":[{"embeddable":true,"href":"https:\/\/www.muething.com\/fr\/wp-json\/wp\/v2\/users\/1"}],"replies":[{"embeddable":true,"href":"https:\/\/www.muething.com\/fr\/wp-json\/wp\/v2\/comments?post=10564"}],"version-history":[{"count":7,"href":"https:\/\/www.muething.com\/fr\/wp-json\/wp\/v2\/pages\/10564\/revisions"}],"predecessor-version":[{"id":10627,"href":"https:\/\/www.muething.com\/fr\/wp-json\/wp\/v2\/pages\/10564\/revisions\/10627"}],"wp:attachment":[{"href":"https:\/\/www.muething.com\/fr\/wp-json\/wp\/v2\/media?parent=10564"}],"curies":[{"name":"wp","href":"https:\/\/api.w.org\/{rel}","templated":true}]}}